{"id":17,"date":"2024-08-20T20:55:49","date_gmt":"2024-08-20T20:55:49","guid":{"rendered":"https:\/\/xn--henduspunkt-shb.ee\/soovitused\/"},"modified":"2024-08-20T21:02:34","modified_gmt":"2024-08-20T21:02:34","slug":"soovitused","status":"publish","type":"page","link":"https:\/\/xn--henduspunkt-shb.ee\/en\/soovitused\/","title":{"rendered":"Soovitused"},"content":{"rendered":"<div class=\"wp-block-group alignfull has-background-background-color has-background has-global-padding is-layout-constrained wp-container-core-group-is-layout-832022f9 wp-block-group-is-layout-constrained\" style=\"margin-top:0;margin-bottom:0;padding-top:0;padding-right:0;padding-bottom:0;padding-left:0\">\n<div class=\"wp-block-cover alignfull\" style=\"padding-top:0;padding-right:var(--wp--preset--spacing--30);padding-bottom:0;padding-left:var(--wp--preset--spacing--30);min-height:50px;aspect-ratio:unset;\"><span aria-hidden=\"true\" class=\"wp-block-cover__background has-black-background-color has-background-dim-60 has-background-dim\"><\/span><img loading=\"lazy\" decoding=\"async\" width=\"1280\" height=\"853\" class=\"wp-block-cover__image-background wp-image-33\" alt=\"\" src=\"https:\/\/xn--henduspunkt-shb.ee\/wp-content\/uploads\/2024\/08\/87805f9a76f660981da931f80fe2c500950723a2.jpg\" data-object-fit=\"cover\" srcset=\"https:\/\/xn--henduspunkt-shb.ee\/wp-content\/uploads\/2024\/08\/87805f9a76f660981da931f80fe2c500950723a2.jpg 1280w, https:\/\/xn--henduspunkt-shb.ee\/wp-content\/uploads\/2024\/08\/87805f9a76f660981da931f80fe2c500950723a2-300x200.jpg 300w, https:\/\/xn--henduspunkt-shb.ee\/wp-content\/uploads\/2024\/08\/87805f9a76f660981da931f80fe2c500950723a2-1024x682.jpg 1024w, https:\/\/xn--henduspunkt-shb.ee\/wp-content\/uploads\/2024\/08\/87805f9a76f660981da931f80fe2c500950723a2-768x512.jpg 768w, https:\/\/xn--henduspunkt-shb.ee\/wp-content\/uploads\/2024\/08\/87805f9a76f660981da931f80fe2c500950723a2-600x400.jpg 600w\" sizes=\"auto, (max-width: 1280px) 100vw, 1280px\" \/><div class=\"wp-block-cover__inner-container is-layout-flow wp-block-cover-is-layout-flow\">\n<div class=\"wp-block-group has-global-padding is-layout-constrained wp-block-group-is-layout-constrained\" style=\"padding-top:var(--wp--preset--spacing--60);padding-bottom:var(--wp--preset--spacing--60)\">\n<div class=\"wp-block-group alignwide has-global-padding is-content-justification-center is-layout-constrained wp-block-group-is-layout-constrained\">\n<h1 class=\"wp-block-heading has-text-align-center has-text-color has-x-large-font-size\" style=\"color:#fffffffc\">Meie klientide arvamused<\/h1>\n\n\n\n<p class=\"has-text-align-center has-text-color\" style=\"color:#fffffffc;margin-top:16px\">\u00dchenduspunkt &#8211; Tartu professionaalne ps\u00fchholoogilise n\u00f5ustamise keskus, mis keskendub vaimse heaolu parandamisele ja s\u00e4ilitamisele.<\/p>\n<\/div>\n<\/div>\n<\/div><\/div>\n<\/div>\n\n<div class=\"wp-block-group alignfull has-tertiary-background-color has-background has-global-padding is-layout-constrained wp-container-core-group-is-layout-7276a2bb wp-block-group-is-layout-constrained\" style=\"margin-top:0;margin-bottom:0;padding-top:var(--wp--preset--spacing--60);padding-right:var(--wp--preset--spacing--30);padding-bottom:var(--wp--preset--spacing--60);padding-left:var(--wp--preset--spacing--30)\">\n<div class=\"wp-block-group alignwide has-global-padding is-content-justification-left is-layout-constrained wp-container-core-group-is-layout-8b4c372c wp-block-group-is-layout-constrained\">\n<h2 class=\"wp-block-heading has-large-font-size\">Kliendi tagasiside ja rahulolu<\/h2>\n\n\n\n<p style=\"margin-top:16px\">Siin on m\u00f5ned tagasisided meie klientidelt, kes on kasutanud meie teenuseid. Nende positiivne kogemus r\u00f5hutab meie professionaalsust ja v\u00f5imekust aidata vaimse tervise k\u00fcsimustes.<\/p>\n<\/div>\n\n\n\n<div class=\"wp-block-columns alignwide is-layout-flex wp-container-core-columns-is-layout-28f84493 wp-block-columns-is-layout-flex\">\n<div class=\"wp-block-column has-background-background-color has-background is-layout-flow wp-block-column-is-layout-flow\">\n<div class=\"wp-block-group has-global-padding is-layout-constrained wp-container-core-group-is-layout-24fca791 wp-block-group-is-layout-constrained\" style=\"padding-top:var(--wp--preset--spacing--30);padding-right:24px;padding-bottom:var(--wp--preset--spacing--30);padding-left:24px\">\n<p>Tunnen end paremini kui kunagi varem, t\u00e4nu \u00dchenduspunkti professionaalsele meeskonnale.<\/p>\n\n\n\n<div class=\"wp-block-group is-nowrap is-layout-flex wp-container-core-group-is-layout-3b4e9d3e wp-block-group-is-layout-flex\">\n<figure class=\"wp-block-image aligncenter is-style-rounded\"><img loading=\"lazy\" decoding=\"async\" width=\"64\" height=\"64\" class=\"wp-image-37\" src=\"https:\/\/xn--henduspunkt-shb.ee\/wp-content\/uploads\/2024\/08\/1fe8ae8069338e8a2770cc5eea182302d3558800.jpg\" alt=\"\" style=\"aspect-ratio:1;object-fit:cover\" \/><\/figure>\n\n\n\n<div class=\"wp-block-group has-global-padding is-layout-constrained wp-block-group-is-layout-constrained\">\n<h4 class=\"wp-block-heading has-text-align-left has-small-font-size\">Mari Mets<\/h4>\n\n\n\n<p class=\"has-text-align-left has-small-font-size\" style=\"margin-top:2px\">\u00d5petaja<\/p>\n<\/div>\n<\/div>\n<\/div>\n<\/div>\n\n\n\n<div class=\"wp-block-column has-background-background-color has-background is-layout-flow wp-block-column-is-layout-flow\">\n<div class=\"wp-block-group has-global-padding is-layout-constrained wp-container-core-group-is-layout-24fca791 wp-block-group-is-layout-constrained\" style=\"padding-top:var(--wp--preset--spacing--30);padding-right:24px;padding-bottom:var(--wp--preset--spacing--30);padding-left:24px\">\n<p>Suur t\u00e4nu \u00dchenduspunkti meeskonnale, kes on minu toetuseks olnud alati olemas.<\/p>\n\n\n\n<div class=\"wp-block-group is-nowrap is-layout-flex wp-container-core-group-is-layout-3b4e9d3e wp-block-group-is-layout-flex\">\n<figure class=\"wp-block-image aligncenter is-style-rounded\"><img loading=\"lazy\" decoding=\"async\" width=\"64\" height=\"64\" class=\"wp-image-38\" src=\"https:\/\/xn--henduspunkt-shb.ee\/wp-content\/uploads\/2024\/08\/c4edd2d47ef65ceb6e379731c2947a86594c7e16.jpg\" alt=\"\" style=\"aspect-ratio:1;object-fit:cover\" \/><\/figure>\n\n\n\n<div class=\"wp-block-group has-global-padding is-layout-constrained wp-block-group-is-layout-constrained\">\n<h4 class=\"wp-block-heading has-text-align-left has-small-font-size\">Tanel T\u00f5nisson<\/h4>\n\n\n\n<p class=\"has-text-align-left has-small-font-size\" style=\"margin-top:2px\">Ettev\u00f5tja<\/p>\n<\/div>\n<\/div>\n<\/div>\n<\/div>\n\n\n\n<div class=\"wp-block-column has-background-background-color has-background is-layout-flow wp-block-column-is-layout-flow\">\n<div class=\"wp-block-group has-global-padding is-layout-constrained wp-container-core-group-is-layout-24fca791 wp-block-group-is-layout-constrained\" style=\"padding-top:var(--wp--preset--spacing--30);padding-right:24px;padding-bottom:var(--wp--preset--spacing--30);padding-left:24px\">\n<p>Siin kohtasin mitte ainult ps\u00fchholooge, vaid ka s\u00f5pru, kes m\u00f5istavad ja aitavad mind igal sammul.<\/p>\n\n\n\n<div class=\"wp-block-group is-nowrap is-layout-flex wp-container-core-group-is-layout-3b4e9d3e wp-block-group-is-layout-flex\">\n<figure class=\"wp-block-image aligncenter is-style-rounded\"><img loading=\"lazy\" decoding=\"async\" width=\"64\" height=\"64\" class=\"wp-image-39\" src=\"https:\/\/xn--henduspunkt-shb.ee\/wp-content\/uploads\/2024\/08\/4a71f64b1f55758349751a95c02ab73be353f75f.jpg\" alt=\"\" style=\"aspect-ratio:1;object-fit:cover\" \/><\/figure>\n\n\n\n<div class=\"wp-block-group has-global-padding is-layout-constrained wp-block-group-is-layout-constrained\">\n<h4 class=\"wp-block-heading has-text-align-left has-small-font-size\">Kaisa P\u00f5der<\/h4>\n\n\n\n<p class=\"has-text-align-left has-small-font-size\" style=\"margin-top:2px\">\u00d5de<\/p>\n<\/div>\n<\/div>\n<\/div>\n<\/div>\n<\/div>\n<\/div>\n\n<div class=\"wp-block-group alignfull has-background-background-color has-background has-global-padding is-layout-constrained wp-container-core-group-is-layout-7276a2bb wp-block-group-is-layout-constrained\" style=\"margin-top:0;margin-bottom:0;padding-top:var(--wp--preset--spacing--60);padding-right:var(--wp--preset--spacing--30);padding-bottom:var(--wp--preset--spacing--60);padding-left:var(--wp--preset--spacing--30)\">\n<div class=\"wp-block-columns alignwide has-tertiary-background-color has-background is-layout-flex wp-container-core-columns-is-layout-7c9548a8 wp-block-columns-is-layout-flex\" style=\"padding-top:0;padding-right:0;padding-bottom:0;padding-left:0\">\n<div class=\"wp-block-column is-vertically-aligned-stretch is-layout-flow wp-block-column-is-layout-flow\" style=\"flex-basis:40%\">\n<div class=\"wp-block-cover\" style=\"min-height:100%;aspect-ratio:unset;\"><span aria-hidden=\"true\" class=\"wp-block-cover__background has-background-dim-0 has-background-dim\"><\/span><img loading=\"lazy\" decoding=\"async\" width=\"1280\" height=\"853\" class=\"wp-block-cover__image-background wp-image-40\" alt=\"\" src=\"https:\/\/xn--henduspunkt-shb.ee\/wp-content\/uploads\/2024\/08\/05df2f4806e76ea12cf6c16f7fee3fba30443400.jpg\" data-object-fit=\"cover\" srcset=\"https:\/\/xn--henduspunkt-shb.ee\/wp-content\/uploads\/2024\/08\/05df2f4806e76ea12cf6c16f7fee3fba30443400.jpg 1280w, https:\/\/xn--henduspunkt-shb.ee\/wp-content\/uploads\/2024\/08\/05df2f4806e76ea12cf6c16f7fee3fba30443400-300x200.jpg 300w, https:\/\/xn--henduspunkt-shb.ee\/wp-content\/uploads\/2024\/08\/05df2f4806e76ea12cf6c16f7fee3fba30443400-1024x682.jpg 1024w, https:\/\/xn--henduspunkt-shb.ee\/wp-content\/uploads\/2024\/08\/05df2f4806e76ea12cf6c16f7fee3fba30443400-768x512.jpg 768w, https:\/\/xn--henduspunkt-shb.ee\/wp-content\/uploads\/2024\/08\/05df2f4806e76ea12cf6c16f7fee3fba30443400-600x400.jpg 600w\" sizes=\"auto, (max-width: 1280px) 100vw, 1280px\" \/><div class=\"wp-block-cover__inner-container is-layout-flow wp-block-cover-is-layout-flow\">\n<div style=\"height:240px\" aria-hidden=\"true\" class=\"wp-block-spacer\"><\/div>\n<\/div><\/div>\n<\/div>\n\n\n\n<div class=\"wp-block-column is-vertically-aligned-center is-layout-flow wp-block-column-is-layout-flow\">\n<div class=\"wp-block-group has-global-padding is-layout-constrained wp-container-core-group-is-layout-301020a0 wp-block-group-is-layout-constrained\" style=\"padding-top:var(--wp--preset--spacing--50);padding-right:var(--wp--preset--spacing--50);padding-bottom:var(--wp--preset--spacing--50);padding-left:var(--wp--preset--spacing--50)\">\n<h2 class=\"wp-block-heading has-large-font-size\">V\u00f5tke meiega \u00fchendust, et saada professionaalset ps\u00fchholoogilist tuge<\/h2>\n\n\n\n<p style=\"margin-top:16px\">Tutvuge meie teenustega v\u00f5i otsige n\u00f5uandeid meie ekspertidelt. Oleme siin, et toetada teid ja aidata teil saavutada vaimse tervise eesm\u00e4rke.<\/p>\n\n\n\n<div class=\"wp-block-buttons is-content-justification-left is-layout-flex wp-container-core-buttons-is-layout-ec155617 wp-block-buttons-is-layout-flex\" style=\"margin-top:var(--wp--preset--spacing--40)\">\n<div class=\"wp-block-button is-style-outline is-style-outline--1\"><a class=\"wp-block-button__link wp-element-button\" href=\"\/en\/teenused\/\">Loe edasi<\/a><\/div>\n\n\n\n<div class=\"wp-block-button\"><a class=\"wp-block-button__link wp-element-button\" href=\"\/en\/broneering\/\">Broneeri konsultatsioon<\/a><\/div>\n<\/div>\n<\/div>\n<\/div>\n<\/div>\n<\/div>","protected":false},"excerpt":{"rendered":"<p>Kliendi tagasiside ja rahulolu Siin on m\u00f5ned tagasisided meie klientidelt, kes on kasutanud meie teenuseid. Nende positiivne kogemus r\u00f5hutab meie professionaalsust ja v\u00f5imekust aidata vaimse tervise k\u00fcsimustes. Tunnen end paremini kui kunagi varem, t\u00e4nu \u00dchenduspunkti professionaalsele meeskonnale. Mari Mets \u00d5petaja Suur t\u00e4nu \u00dchenduspunkti meeskonnale, kes on minu toetuseks olnud alati olemas. Tanel T\u00f5nisson Ettev\u00f5tja Siin [&hellip;]<\/p>\n","protected":false},"author":1,"featured_media":0,"parent":0,"menu_order":0,"comment_status":"closed","ping_status":"closed","template":"no-title","meta":{"_uag_custom_page_level_css":"","_monsterinsights_skip_tracking":false,"_monsterinsights_sitenote_active":false,"_monsterinsights_sitenote_note":"","_monsterinsights_sitenote_category":0,"footnotes":"","_links_to":"","_links_to_target":""},"class_list":["post-17","page","type-page","status-publish","hentry"],"aioseo_notices":[],"uagb_featured_image_src":{"full":false,"thumbnail":false,"medium":false,"medium_large":false,"large":false,"1536x1536":false,"2048x2048":false,"trp-custom-language-flag":false},"uagb_author_info":{"display_name":"admin","author_link":"https:\/\/xn--henduspunkt-shb.ee\/en\/author\/admin\/"},"uagb_comment_info":0,"uagb_excerpt":"Kliendi tagasiside ja rahulolu Siin on m\u00f5ned tagasisided meie klientidelt, kes on kasutanud meie teenuseid. Nende positiivne kogemus r\u00f5hutab meie professionaalsust ja v\u00f5imekust aidata vaimse tervise k\u00fcsimustes. Tunnen end paremini kui kunagi varem, t\u00e4nu \u00dchenduspunkti professionaalsele meeskonnale. Mari Mets \u00d5petaja Suur t\u00e4nu \u00dchenduspunkti meeskonnale, kes on minu toetuseks olnud alati olemas. Tanel T\u00f5nisson Ettev\u00f5tja Siin&hellip;","_links":{"self":[{"href":"https:\/\/xn--henduspunkt-shb.ee\/en\/wp-json\/wp\/v2\/pages\/17","targetHints":{"allow":["GET"]}}],"collection":[{"href":"https:\/\/xn--henduspunkt-shb.ee\/en\/wp-json\/wp\/v2\/pages"}],"about":[{"href":"https:\/\/xn--henduspunkt-shb.ee\/en\/wp-json\/wp\/v2\/types\/page"}],"author":[{"embeddable":true,"href":"https:\/\/xn--henduspunkt-shb.ee\/en\/wp-json\/wp\/v2\/users\/1"}],"replies":[{"embeddable":true,"href":"https:\/\/xn--henduspunkt-shb.ee\/en\/wp-json\/wp\/v2\/comments?post=17"}],"version-history":[{"count":2,"href":"https:\/\/xn--henduspunkt-shb.ee\/en\/wp-json\/wp\/v2\/pages\/17\/revisions"}],"predecessor-version":[{"id":41,"href":"https:\/\/xn--henduspunkt-shb.ee\/en\/wp-json\/wp\/v2\/pages\/17\/revisions\/41"}],"wp:attachment":[{"href":"https:\/\/xn--henduspunkt-shb.ee\/en\/wp-json\/wp\/v2\/media?parent=17"}],"curies":[{"name":"wp","href":"https:\/\/api.w.org\/{rel}","templated":true}]}}