{"id":19,"date":"2024-08-20T20:55:51","date_gmt":"2024-08-20T20:55:51","guid":{"rendered":"https:\/\/xn--henduspunkt-shb.ee\/broneering\/"},"modified":"2024-08-20T21:02:39","modified_gmt":"2024-08-20T21:02:39","slug":"broneering","status":"publish","type":"page","link":"https:\/\/xn--henduspunkt-shb.ee\/en\/broneering\/","title":{"rendered":"Broneering"},"content":{"rendered":"<div class=\"wp-block-group alignfull has-background-background-color has-background has-global-padding is-layout-constrained wp-container-core-group-is-layout-832022f9 wp-block-group-is-layout-constrained\" style=\"margin-top:0;margin-bottom:0;padding-top:0;padding-right:0;padding-bottom:0;padding-left:0\">\n<div class=\"wp-block-cover alignfull\" style=\"padding-top:0;padding-right:var(--wp--preset--spacing--30);padding-bottom:0;padding-left:var(--wp--preset--spacing--30);min-height:50px;aspect-ratio:unset;\"><span aria-hidden=\"true\" class=\"wp-block-cover__background has-black-background-color has-background-dim-60 has-background-dim\"><\/span><img loading=\"lazy\" decoding=\"async\" width=\"1280\" height=\"853\" class=\"wp-block-cover__image-background wp-image-33\" alt=\"\" src=\"https:\/\/xn--henduspunkt-shb.ee\/wp-content\/uploads\/2024\/08\/87805f9a76f660981da931f80fe2c500950723a2.jpg\" data-object-fit=\"cover\" srcset=\"https:\/\/xn--henduspunkt-shb.ee\/wp-content\/uploads\/2024\/08\/87805f9a76f660981da931f80fe2c500950723a2.jpg 1280w, https:\/\/xn--henduspunkt-shb.ee\/wp-content\/uploads\/2024\/08\/87805f9a76f660981da931f80fe2c500950723a2-300x200.jpg 300w, https:\/\/xn--henduspunkt-shb.ee\/wp-content\/uploads\/2024\/08\/87805f9a76f660981da931f80fe2c500950723a2-1024x682.jpg 1024w, https:\/\/xn--henduspunkt-shb.ee\/wp-content\/uploads\/2024\/08\/87805f9a76f660981da931f80fe2c500950723a2-768x512.jpg 768w, https:\/\/xn--henduspunkt-shb.ee\/wp-content\/uploads\/2024\/08\/87805f9a76f660981da931f80fe2c500950723a2-600x400.jpg 600w\" sizes=\"auto, (max-width: 1280px) 100vw, 1280px\" \/><div class=\"wp-block-cover__inner-container is-layout-flow wp-block-cover-is-layout-flow\">\n<div class=\"wp-block-group has-global-padding is-layout-constrained wp-block-group-is-layout-constrained\" style=\"padding-top:var(--wp--preset--spacing--60);padding-bottom:var(--wp--preset--spacing--60)\">\n<div class=\"wp-block-group alignwide has-global-padding is-content-justification-center is-layout-constrained wp-block-group-is-layout-constrained\">\n<h1 class=\"wp-block-heading has-text-align-center has-text-color has-x-large-font-size\" style=\"color:#fffffffc\">Broneeri aeg \u00dchenduspunkti asjatundjaga Tartus<\/h1>\n\n\n\n<p class=\"has-text-align-center has-text-color\" style=\"color:#fffffffc;margin-top:16px\">Broneeri aeg \u00dchenduspunktis, et saada personaalset abi ja tuge oma vaimse tervise heaks.<\/p>\n<\/div>\n<\/div>\n<\/div><\/div>\n<\/div>\n\n<div class=\"wp-block-group alignfull has-tertiary-background-color has-background has-global-padding is-layout-constrained wp-container-core-group-is-layout-7276a2bb wp-block-group-is-layout-constrained\" style=\"margin-top:0;margin-bottom:0;padding-top:var(--wp--preset--spacing--60);padding-right:var(--wp--preset--spacing--30);padding-bottom:var(--wp--preset--spacing--60);padding-left:var(--wp--preset--spacing--30)\">\n<div class=\"wp-block-group alignwide has-global-padding is-content-justification-left is-layout-constrained wp-container-core-group-is-layout-8b4c372c wp-block-group-is-layout-constrained\">\n<h2 class=\"wp-block-heading has-large-font-size\">Tartu Ps\u00fchholoogilised N\u00f5ustamisteenused<\/h2>\n\n\n\n<p style=\"margin-top:16px\">Pakume laia valikut ps\u00fchholoogilisi teenuseid, et toetada vaimset tervist ja lahendada erinevaid probleeme. Meie spetsialistid kohandavad teenused vastavalt klientide isiklikele vajadustele ja eesm\u00e4rkidele.<\/p>\n<\/div>\n\n\n\n<div class=\"wp-block-columns alignwide is-layout-flex wp-container-core-columns-is-layout-d0846407 wp-block-columns-is-layout-flex\">\n<div class=\"wp-block-column is-layout-flow wp-block-column-is-layout-flow\">\n<figure class=\"wp-block-image ext-aspect-landscape\"><img loading=\"lazy\" decoding=\"async\" width=\"1280\" height=\"1920\" class=\"wp-image-44\" src=\"https:\/\/xn--henduspunkt-shb.ee\/wp-content\/uploads\/2024\/08\/d30532b56fa7eb43f614bd69221e451371d858cf.jpg\" alt=\"\" style=\"aspect-ratio:4\/3;object-fit:cover\" srcset=\"https:\/\/xn--henduspunkt-shb.ee\/wp-content\/uploads\/2024\/08\/d30532b56fa7eb43f614bd69221e451371d858cf.jpg 1280w, https:\/\/xn--henduspunkt-shb.ee\/wp-content\/uploads\/2024\/08\/d30532b56fa7eb43f614bd69221e451371d858cf-200x300.jpg 200w, https:\/\/xn--henduspunkt-shb.ee\/wp-content\/uploads\/2024\/08\/d30532b56fa7eb43f614bd69221e451371d858cf-683x1024.jpg 683w, https:\/\/xn--henduspunkt-shb.ee\/wp-content\/uploads\/2024\/08\/d30532b56fa7eb43f614bd69221e451371d858cf-768x1152.jpg 768w, https:\/\/xn--henduspunkt-shb.ee\/wp-content\/uploads\/2024\/08\/d30532b56fa7eb43f614bd69221e451371d858cf-1024x1536.jpg 1024w, https:\/\/xn--henduspunkt-shb.ee\/wp-content\/uploads\/2024\/08\/d30532b56fa7eb43f614bd69221e451371d858cf-600x900.jpg 600w\" sizes=\"auto, (max-width: 1280px) 100vw, 1280px\" \/><\/figure>\n\n\n\n<h3 class=\"wp-block-heading\" style=\"margin-top:24px;font-size:clamp(14px, 0.875rem + ((1vw - 3.2px) * 0.625), 20px);line-height:1.5\">Teraapia<\/h3>\n\n\n\n<p class=\"has-small-font-size\" style=\"margin-top:8px\">Individuaalne tugi vaimsete raskustega toimetulekuks. Meie kogenud ps\u00fchholoogid aitavad v\u00e4hendada stressi, \u00e4revust, depressiooni ja traumade m\u00f5ju.<\/p>\n\n\n\n<div class=\"wp-block-buttons is-layout-flex wp-block-buttons-is-layout-flex\">\n<div class=\"wp-block-button has-custom-font-size has-small-font-size\"><a class=\"wp-block-button__link wp-element-button\" href=\"\/en\/kontakt\/\">Broneeri n\u00fc\u00fcd<\/a><\/div>\n<\/div>\n<\/div>\n\n\n\n<div class=\"wp-block-column is-layout-flow wp-block-column-is-layout-flow\">\n<figure class=\"wp-block-image ext-aspect-landscape\"><img loading=\"lazy\" decoding=\"async\" width=\"1280\" height=\"854\" class=\"wp-image-45\" src=\"https:\/\/xn--henduspunkt-shb.ee\/wp-content\/uploads\/2024\/08\/22c13a4a6ad4673aa020ef7f9ff41e36d7275ac1.jpg\" alt=\"\" style=\"aspect-ratio:4\/3;object-fit:cover\" srcset=\"https:\/\/xn--henduspunkt-shb.ee\/wp-content\/uploads\/2024\/08\/22c13a4a6ad4673aa020ef7f9ff41e36d7275ac1.jpg 1280w, https:\/\/xn--henduspunkt-shb.ee\/wp-content\/uploads\/2024\/08\/22c13a4a6ad4673aa020ef7f9ff41e36d7275ac1-300x200.jpg 300w, https:\/\/xn--henduspunkt-shb.ee\/wp-content\/uploads\/2024\/08\/22c13a4a6ad4673aa020ef7f9ff41e36d7275ac1-1024x683.jpg 1024w, https:\/\/xn--henduspunkt-shb.ee\/wp-content\/uploads\/2024\/08\/22c13a4a6ad4673aa020ef7f9ff41e36d7275ac1-768x512.jpg 768w, https:\/\/xn--henduspunkt-shb.ee\/wp-content\/uploads\/2024\/08\/22c13a4a6ad4673aa020ef7f9ff41e36d7275ac1-600x400.jpg 600w\" sizes=\"auto, (max-width: 1280px) 100vw, 1280px\" \/><\/figure>\n\n\n\n<h3 class=\"wp-block-heading\" style=\"margin-top:24px;font-size:clamp(14px, 0.875rem + ((1vw - 3.2px) * 0.625), 20px);line-height:1.5\">Suhteteraapia<\/h3>\n\n\n\n<p class=\"has-small-font-size\" style=\"margin-top:8px\">Meie suhteteraapia Tartus aitab lahendada suhteprobleeme, parandada suhtlemist ja taastada harmooniat teie suhtes.<\/p>\n\n\n\n<div class=\"wp-block-buttons is-layout-flex wp-block-buttons-is-layout-flex\">\n<div class=\"wp-block-button has-custom-font-size has-small-font-size\"><a class=\"wp-block-button__link wp-element-button\" href=\"\/en\/kontakt\/\">V\u00f5ta aeg<\/a><\/div>\n<\/div>\n<\/div>\n\n\n\n<div class=\"wp-block-column is-layout-flow wp-block-column-is-layout-flow\">\n<figure class=\"wp-block-image ext-aspect-landscape\"><img loading=\"lazy\" decoding=\"async\" width=\"1280\" height=\"853\" class=\"wp-image-46\" src=\"https:\/\/xn--henduspunkt-shb.ee\/wp-content\/uploads\/2024\/08\/df7d04953e70db6e1881e068447c8e81c7b73c0e.jpg\" alt=\"\" style=\"aspect-ratio:4\/3;object-fit:cover\" srcset=\"https:\/\/xn--henduspunkt-shb.ee\/wp-content\/uploads\/2024\/08\/df7d04953e70db6e1881e068447c8e81c7b73c0e.jpg 1280w, https:\/\/xn--henduspunkt-shb.ee\/wp-content\/uploads\/2024\/08\/df7d04953e70db6e1881e068447c8e81c7b73c0e-300x200.jpg 300w, https:\/\/xn--henduspunkt-shb.ee\/wp-content\/uploads\/2024\/08\/df7d04953e70db6e1881e068447c8e81c7b73c0e-1024x682.jpg 1024w, https:\/\/xn--henduspunkt-shb.ee\/wp-content\/uploads\/2024\/08\/df7d04953e70db6e1881e068447c8e81c7b73c0e-768x512.jpg 768w, https:\/\/xn--henduspunkt-shb.ee\/wp-content\/uploads\/2024\/08\/df7d04953e70db6e1881e068447c8e81c7b73c0e-600x400.jpg 600w\" sizes=\"auto, (max-width: 1280px) 100vw, 1280px\" \/><\/figure>\n\n\n\n<h3 class=\"wp-block-heading\" style=\"margin-top:24px;font-size:clamp(14px, 0.875rem + ((1vw - 3.2px) * 0.625), 20px);line-height:1.5\">Noorte n\u00f5ustamine<\/h3>\n\n\n\n<p class=\"has-small-font-size\" style=\"margin-top:8px\">Noortele suunatud teenus, et lahendada vaimse tervise probleeme ja pakkuda vajaliku tuge.<\/p>\n\n\n\n<div class=\"wp-block-buttons is-layout-flex wp-block-buttons-is-layout-flex\">\n<div class=\"wp-block-button has-custom-font-size has-small-font-size\"><a class=\"wp-block-button__link wp-element-button\" href=\"\/en\/kontakt\/\">Registreeri aeg<\/a><\/div>\n<\/div>\n<\/div>\n<\/div>\n<\/div>\n\n<div class=\"wp-block-group alignfull has-background-background-color has-background has-global-padding is-layout-constrained wp-container-core-group-is-layout-7276a2bb wp-block-group-is-layout-constrained\" style=\"margin-top:0;margin-bottom:0;padding-top:var(--wp--preset--spacing--60);padding-right:var(--wp--preset--spacing--30);padding-bottom:var(--wp--preset--spacing--60);padding-left:var(--wp--preset--spacing--30)\">\n<div class=\"wp-block-group alignwide has-global-padding is-content-justification-left is-layout-constrained wp-container-core-group-is-layout-8b4c372c wp-block-group-is-layout-constrained\">\n<h2 class=\"wp-block-heading has-large-font-size\">Kliendi rahulolu ja tagasiside uuring<\/h2>\n\n\n\n<p style=\"margin-top:16px\">Siin on m\u00f5ned meie klientide tagasisided, mis r\u00f5hutavad meie professionaalsust ja v\u00f5imekust aidata vaimse tervise k\u00fcsimustes.<\/p>\n<\/div>\n\n\n\n<div class=\"wp-block-columns alignwide is-layout-flex wp-container-core-columns-is-layout-28f84493 wp-block-columns-is-layout-flex\">\n<div class=\"wp-block-column has-tertiary-background-color has-background is-layout-flow wp-block-column-is-layout-flow\">\n<div class=\"wp-block-group has-global-padding is-layout-constrained wp-container-core-group-is-layout-24fca791 wp-block-group-is-layout-constrained\" style=\"padding-top:var(--wp--preset--spacing--30);padding-right:24px;padding-bottom:var(--wp--preset--spacing--30);padding-left:24px\">\n<p>Tunnen end paremini kui kunagi varem t\u00e4nu \u00dchenduspunkti professionaalsele meeskonnale.<\/p>\n\n\n\n<div class=\"wp-block-group is-nowrap is-layout-flex wp-container-core-group-is-layout-3b4e9d3e wp-block-group-is-layout-flex\">\n<figure class=\"wp-block-image aligncenter is-style-rounded\"><img loading=\"lazy\" decoding=\"async\" width=\"64\" height=\"64\" class=\"wp-image-37\" src=\"https:\/\/xn--henduspunkt-shb.ee\/wp-content\/uploads\/2024\/08\/1fe8ae8069338e8a2770cc5eea182302d3558800.jpg\" alt=\"\" style=\"aspect-ratio:1;object-fit:cover\" \/><\/figure>\n\n\n\n<div class=\"wp-block-group has-global-padding is-layout-constrained wp-block-group-is-layout-constrained\">\n<h4 class=\"wp-block-heading has-text-align-left has-small-font-size\">Mari Mets<\/h4>\n\n\n\n<p class=\"has-text-align-left has-small-font-size\" style=\"margin-top:2px\">\u00d5petaja<\/p>\n<\/div>\n<\/div>\n<\/div>\n<\/div>\n\n\n\n<div class=\"wp-block-column has-tertiary-background-color has-background is-layout-flow wp-block-column-is-layout-flow\">\n<div class=\"wp-block-group has-global-padding is-layout-constrained wp-container-core-group-is-layout-24fca791 wp-block-group-is-layout-constrained\" style=\"padding-top:var(--wp--preset--spacing--30);padding-right:24px;padding-bottom:var(--wp--preset--spacing--30);padding-left:24px\">\n<p>Suur t\u00e4nu \u00dchenduspunkti meeskonnale, kes on alati minu toetuseks olemas olnud.<\/p>\n\n\n\n<div class=\"wp-block-group is-nowrap is-layout-flex wp-container-core-group-is-layout-3b4e9d3e wp-block-group-is-layout-flex\">\n<figure class=\"wp-block-image aligncenter is-style-rounded\"><img loading=\"lazy\" decoding=\"async\" width=\"64\" height=\"64\" class=\"wp-image-38\" src=\"https:\/\/xn--henduspunkt-shb.ee\/wp-content\/uploads\/2024\/08\/c4edd2d47ef65ceb6e379731c2947a86594c7e16.jpg\" alt=\"\" style=\"aspect-ratio:1;object-fit:cover\" \/><\/figure>\n\n\n\n<div class=\"wp-block-group has-global-padding is-layout-constrained wp-block-group-is-layout-constrained\">\n<h4 class=\"wp-block-heading has-text-align-left has-small-font-size\">Tanel T\u00f5nisson<\/h4>\n\n\n\n<p class=\"has-text-align-left has-small-font-size\" style=\"margin-top:2px\">Ettev\u00f5tja<\/p>\n<\/div>\n<\/div>\n<\/div>\n<\/div>\n\n\n\n<div class=\"wp-block-column has-tertiary-background-color has-background is-layout-flow wp-block-column-is-layout-flow\">\n<div class=\"wp-block-group has-global-padding is-layout-constrained wp-container-core-group-is-layout-24fca791 wp-block-group-is-layout-constrained\" style=\"padding-top:var(--wp--preset--spacing--30);padding-right:24px;padding-bottom:var(--wp--preset--spacing--30);padding-left:24px\">\n<p>Siin kohtasin mitte ainult ps\u00fchholooge, vaid ka s\u00f5pru, kes m\u00f5istavad ja toetavad mind igal sammul.<\/p>\n\n\n\n<div class=\"wp-block-group is-nowrap is-layout-flex wp-container-core-group-is-layout-3b4e9d3e wp-block-group-is-layout-flex\">\n<figure class=\"wp-block-image aligncenter is-style-rounded\"><img loading=\"lazy\" decoding=\"async\" width=\"64\" height=\"64\" class=\"wp-image-39\" src=\"https:\/\/xn--henduspunkt-shb.ee\/wp-content\/uploads\/2024\/08\/4a71f64b1f55758349751a95c02ab73be353f75f.jpg\" alt=\"\" style=\"aspect-ratio:1;object-fit:cover\" \/><\/figure>\n\n\n\n<div class=\"wp-block-group has-global-padding is-layout-constrained wp-block-group-is-layout-constrained\">\n<h4 class=\"wp-block-heading has-text-align-left has-small-font-size\">Kaisa P\u00f5der<\/h4>\n\n\n\n<p class=\"has-text-align-left has-small-font-size\" style=\"margin-top:2px\">\u00d5de<\/p>\n<\/div>\n<\/div>\n<\/div>\n<\/div>\n<\/div>\n<\/div>","protected":false},"excerpt":{"rendered":"<p>Tartu Ps\u00fchholoogilised N\u00f5ustamisteenused Pakume laia valikut ps\u00fchholoogilisi teenuseid, et toetada vaimset tervist ja lahendada erinevaid probleeme. Meie spetsialistid kohandavad teenused vastavalt klientide isiklikele vajadustele ja eesm\u00e4rkidele. Teraapia Individuaalne tugi vaimsete raskustega toimetulekuks. Meie kogenud ps\u00fchholoogid aitavad v\u00e4hendada stressi, \u00e4revust, depressiooni ja traumade m\u00f5ju. Suhteteraapia Meie suhteteraapia Tartus aitab lahendada suhteprobleeme, parandada suhtlemist ja taastada harmooniat [&hellip;]<\/p>\n","protected":false},"author":1,"featured_media":0,"parent":0,"menu_order":0,"comment_status":"closed","ping_status":"closed","template":"no-title","meta":{"_uag_custom_page_level_css":"","_monsterinsights_skip_tracking":false,"_monsterinsights_sitenote_active":false,"_monsterinsights_sitenote_note":"","_monsterinsights_sitenote_category":0,"footnotes":"","_links_to":"","_links_to_target":""},"class_list":["post-19","page","type-page","status-publish","hentry"],"aioseo_notices":[],"uagb_featured_image_src":{"full":false,"thumbnail":false,"medium":false,"medium_large":false,"large":false,"1536x1536":false,"2048x2048":false,"trp-custom-language-flag":false},"uagb_author_info":{"display_name":"admin","author_link":"https:\/\/xn--henduspunkt-shb.ee\/en\/author\/admin\/"},"uagb_comment_info":0,"uagb_excerpt":"Tartu Ps\u00fchholoogilised N\u00f5ustamisteenused Pakume laia valikut ps\u00fchholoogilisi teenuseid, et toetada vaimset tervist ja lahendada erinevaid probleeme. Meie spetsialistid kohandavad teenused vastavalt klientide isiklikele vajadustele ja eesm\u00e4rkidele. Teraapia Individuaalne tugi vaimsete raskustega toimetulekuks. Meie kogenud ps\u00fchholoogid aitavad v\u00e4hendada stressi, \u00e4revust, depressiooni ja traumade m\u00f5ju. Suhteteraapia Meie suhteteraapia Tartus aitab lahendada suhteprobleeme, parandada suhtlemist ja taastada harmooniat&hellip;","_links":{"self":[{"href":"https:\/\/xn--henduspunkt-shb.ee\/en\/wp-json\/wp\/v2\/pages\/19","targetHints":{"allow":["GET"]}}],"collection":[{"href":"https:\/\/xn--henduspunkt-shb.ee\/en\/wp-json\/wp\/v2\/pages"}],"about":[{"href":"https:\/\/xn--henduspunkt-shb.ee\/en\/wp-json\/wp\/v2\/types\/page"}],"author":[{"embeddable":true,"href":"https:\/\/xn--henduspunkt-shb.ee\/en\/wp-json\/wp\/v2\/users\/1"}],"replies":[{"embeddable":true,"href":"https:\/\/xn--henduspunkt-shb.ee\/en\/wp-json\/wp\/v2\/comments?post=19"}],"version-history":[{"count":2,"href":"https:\/\/xn--henduspunkt-shb.ee\/en\/wp-json\/wp\/v2\/pages\/19\/revisions"}],"predecessor-version":[{"id":47,"href":"https:\/\/xn--henduspunkt-shb.ee\/en\/wp-json\/wp\/v2\/pages\/19\/revisions\/47"}],"wp:attachment":[{"href":"https:\/\/xn--henduspunkt-shb.ee\/en\/wp-json\/wp\/v2\/media?parent=19"}],"curies":[{"name":"wp","href":"https:\/\/api.w.org\/{rel}","templated":true}]}}