{"id":20,"date":"2024-08-20T20:55:52","date_gmt":"2024-08-20T20:55:52","guid":{"rendered":"https:\/\/xn--henduspunkt-shb.ee\/kontakt\/"},"modified":"2025-02-06T13:58:16","modified_gmt":"2025-02-06T11:58:16","slug":"kontakt","status":"publish","type":"page","link":"https:\/\/xn--henduspunkt-shb.ee\/en\/kontakt\/","title":{"rendered":"Contact"},"content":{"rendered":"<div class=\"wp-block-group alignfull has-background has-global-padding is-layout-constrained wp-container-core-group-is-layout-832022f9 wp-block-group-is-layout-constrained\" style=\"background-color:#ffffff00;margin-top:0;margin-bottom:0;padding-top:0;padding-right:0;padding-bottom:0;padding-left:0\">\n<div class=\"wp-block-cover alignfull\" style=\"padding-top:0;padding-right:var(--wp--preset--spacing--30);padding-bottom:0;padding-left:var(--wp--preset--spacing--30);min-height:50px;aspect-ratio:unset;\"><span aria-hidden=\"true\" class=\"wp-block-cover__background has-black-background-color has-background-dim-60 has-background-dim\"><\/span><div class=\"wp-block-cover__inner-container is-layout-flow wp-block-cover-is-layout-flow\">\n<div class=\"wp-block-group has-global-padding is-layout-constrained wp-block-group-is-layout-constrained\" style=\"padding-top:var(--wp--preset--spacing--60);padding-bottom:var(--wp--preset--spacing--60)\">\n<div class=\"wp-block-group alignwide has-global-padding is-content-justification-center is-layout-constrained wp-block-group-is-layout-constrained\">\n<h1 class=\"wp-block-heading has-text-align-center has-text-color has-x-large-font-size\" style=\"color:#fffffffc\">We are here to help!<\/h1>\n\n\n\n<p class=\"has-text-align-center has-text-color\" style=\"color:#fffffffc;margin-top:16px\">Contact us and take the next step towards connection<\/p>\n<\/div>\n<\/div>\n<\/div><\/div>\n<\/div>\n\n\n\n<div class=\"wp-block-group alignfull has-tertiary-background-color has-background has-global-padding is-layout-constrained wp-container-core-group-is-layout-7276a2bb wp-block-group-is-layout-constrained\" style=\"margin-top:0;margin-bottom:0;padding-top:var(--wp--preset--spacing--60);padding-right:var(--wp--preset--spacing--30);padding-bottom:var(--wp--preset--spacing--60);padding-left:var(--wp--preset--spacing--30)\">\n<div class=\"wp-block-columns alignwide is-layout-flex wp-container-core-columns-is-layout-fa584acd wp-block-columns-is-layout-flex\">\n<div class=\"wp-block-column is-layout-flow wp-block-column-is-layout-flow\" style=\"flex-basis:50%\">\n<div class=\"wp-block-group is-layout-flow wp-block-group-is-layout-flow\">\n<h4 class=\"wp-block-heading has-medium-font-size\">Where to find us?<\/h4>\n\n\n\n<p class=\"has-small-font-size\" style=\"margin-top:12px\">We are located in the center of Tartu, on the 4th floor of Soola 1a. \n\n\nYou can find the door with our sign on the Kvartal (shopping mall) side of the house, located between a net cafe and casino. Sadly, we do not have an elevator in the building so you can use the stairs to come to the 4th floor and take the door on the right. Continuing along the corridor and taking a left turn will take you to our room. The door with our organisation's sign will be on the right.\n\nThere is no parking next to our building, but there is free 2-hour parking in underground parking lot of Kvartal. There is also paid parking available on nearby streets.\n\nSince we do not have a waiting room at the moment, we kindly ask you to come to your appointment at the right time. Thus we can respect the privacy of all of our clients.<\/p>\n<\/div>\n\n\n\n<div class=\"wp-block-uagb-forms uagb-forms__outer-wrap uagb-block-4cba56f0 uagb-forms__medium-btn\"><form class=\"uagb-forms-main-form\" method=\"post\" autocomplete=\"on\" name=\"uagb-form-4cba56f0\" action=\"\">\n<div class=\"wp-block-uagb-forms-name uagb-forms-name-wrap uagb-forms-field-set uagb-block-6f23572a\"><div class=\"uagb-forms-name-label required uagb-forms-input-label\" id=\"6f23572a\">First name<\/div><input type=\"text\" placeholder=\"Thomas\" required class=\"uagb-forms-name-input uagb-forms-input\" name=\"6f23572a\" autocomplete=\"given-name\"\/><\/div>\n\n\n\n<div class=\"wp-block-uagb-forms-name uagb-forms-name-wrap uagb-forms-field-set uagb-block-a903e976\"><div class=\"uagb-forms-name-label required uagb-forms-input-label\" id=\"a903e976\">Last name<\/div><input type=\"text\" placeholder=\"Tank Engine\" required class=\"uagb-forms-name-input uagb-forms-input\" name=\"a903e976\" autocomplete=\"family-name\"\/><\/div>\n\n\n\n<div class=\"wp-block-uagb-forms-email uagb-forms-email-wrap uagb-forms-field-set uagb-block-7412a360\"><div class=\"uagb-forms-email-label required uagb-forms-input-label\" id=\"7412a360\">Email<\/div><input type=\"email\" class=\"uagb-forms-email-input uagb-forms-input\" placeholder=\"name@gmail.com\" required name=\"7412a360\" autocomplete=\"email\"\/><\/div>\n\n\n\n<div class=\"wp-block-uagb-forms-textarea uagb-forms-textarea-wrap uagb-forms-field-set uagb-block-5bf80829\"><div class=\"uagb-forms-textarea-label required uagb-forms-input-label\" id=\"5bf80829\">Message<\/div><textarea required class=\"uagb-forms-textarea-input uagb-forms-input\" rows=\"4\" placeholder=\"Your message here\" name=\"5bf80829\" autocomplete=\"off\"><\/textarea><\/div>\n<div class=\"uagb-forms-form-hidden-data\"><input type=\"hidden\" class=\"uagb_forms_form_label\" value=\"S\u00f5numivorm\"\/><input type=\"hidden\" class=\"uagb_forms_form_id\" value=\"uagb-form-4cba56f0\"\/><\/div><div class=\"uagb-form-reacaptcha-error-4cba56f0\"><\/div><div class=\"uagb-forms-main-submit-button-wrap wp-block-button\"><button class=\"uagb-forms-main-submit-button wp-block-button__link\"><div class=\"uagb-forms-main-submit-button-text\">Send<\/div><\/button><\/div><input type=\"hidden\" name=\"trp-form-language\" value=\"en\"\/><\/form><div class=\"uagb-forms-success-message-4cba56f0 uagb-forms-submit-message-hide\"><span>Message sent!<\/span><\/div><div class=\"uagb-forms-failed-message-4cba56f0 uagb-forms-submit-message-hide\"><span>There was an error sending the message. Please check all fields and try again!<\/span><\/div><\/div>\n<\/div>\n\n\n\n<div class=\"wp-block-column is-layout-flow wp-container-core-column-is-layout-f5bb311e wp-block-column-is-layout-flow\" style=\"flex-basis:50%\">\n<p><strong>\u00dchenduspunkt O\u00dc<\/strong><br><strong>Soola 1a-71<\/strong><br><strong>Tartu, 51004<\/strong><\/p>\n\n\n\n<p class=\"has-small-font-size\" style=\"margin-top:8px\"><strong>+372 56872417<\/strong><\/p>\n\n\n\n<p class=\"has-small-font-size\" style=\"margin-top:8px\"><strong>info@\u00fchenduspunkt.ee<\/strong><\/p>\n\n\n<div class=\"kb-google-maps-container kb-google-maps-container20_3e01b0-8c  wp-block-kadence-googlemaps\" data-mapid=\"20_3e01b08c\"><iframe width=\"100%\" height=\"100%\"\n\t\t\t\t\t\t\tstyle=\"border:0\" loading=\"lazy\"\n\t\t\t\t\t\t\tsrc=\"https:\/\/www.google.com\/maps\/embed\/v1\/place?key=AIzaSyBAM2o7PiQqwk15LC1XRH2e_KJ-jUa7KYk&#038;zoom=17&#038;maptype=roadmap&#038;q=Soola+1a+%C3%9Chenduspunkt\"\n\t\t\t\t\t\t\ttitle=\"Google map of Soola 1a \u00dchenduspunkt\"><\/iframe><\/div><script>function kb_google_map20_3e01b08c() { let center = { lat: 37.8201, lng: -122.4781}; let map = new google.maps.Map(document.getElementById(\"kb-google-map20_3e01b08c\"), {\n\t\t\t\t\t    zoom: 17,\n\t\t\t\t\t    center: center,});let marker = new google.maps.Marker({   position: { lat: 37.8201, lng: -122.4781},    map: map,  });}<\/script><\/div>\n<\/div>\n<\/div>","protected":false},"excerpt":{"rendered":"<p>Kust meid leida? Asume Tartu kesklinnas aadressil Soola 1a 4. korrusel. Leiate meie sildiga ukse maja Kvartali-poolselt k\u00fcljelt kasiino ja arvutiklubi vahelt. Parkida meie maja ees ei saa, kuid Kvartali keskuse maa-aluses parklas saab 2 tundi tasuta parkida. Kahjuks puudub meil ka hetkel ooteruum, seega palume tulla oma vastuv\u00f5tule \u00f5igeaegselt. \u00dchenduspunkt O\u00dcSoola 1a-71Tartu, 51004 +372 [&hellip;]<\/p>\n","protected":false},"author":1,"featured_media":0,"parent":0,"menu_order":0,"comment_status":"closed","ping_status":"closed","template":"no-title","meta":{"_uag_custom_page_level_css":"","_monsterinsights_skip_tracking":false,"_monsterinsights_sitenote_active":false,"_monsterinsights_sitenote_note":"","_monsterinsights_sitenote_category":0,"footnotes":"","_links_to":"","_links_to_target":""},"class_list":["post-20","page","type-page","status-publish","hentry"],"aioseo_notices":[],"uagb_featured_image_src":{"full":false,"thumbnail":false,"medium":false,"medium_large":false,"large":false,"1536x1536":false,"2048x2048":false,"trp-custom-language-flag":false},"uagb_author_info":{"display_name":"admin","author_link":"https:\/\/xn--henduspunkt-shb.ee\/en\/author\/admin\/"},"uagb_comment_info":0,"uagb_excerpt":"Kust meid leida? Asume Tartu kesklinnas aadressil Soola 1a 4. korrusel. Leiate meie sildiga ukse maja Kvartali-poolselt k\u00fcljelt kasiino ja arvutiklubi vahelt. Parkida meie maja ees ei saa, kuid Kvartali keskuse maa-aluses parklas saab 2 tundi tasuta parkida. Kahjuks puudub meil ka hetkel ooteruum, seega palume tulla oma vastuv\u00f5tule \u00f5igeaegselt. \u00dchenduspunkt O\u00dcSoola 1a-71Tartu, 51004 +372&hellip;","_links":{"self":[{"href":"https:\/\/xn--henduspunkt-shb.ee\/en\/wp-json\/wp\/v2\/pages\/20","targetHints":{"allow":["GET"]}}],"collection":[{"href":"https:\/\/xn--henduspunkt-shb.ee\/en\/wp-json\/wp\/v2\/pages"}],"about":[{"href":"https:\/\/xn--henduspunkt-shb.ee\/en\/wp-json\/wp\/v2\/types\/page"}],"author":[{"embeddable":true,"href":"https:\/\/xn--henduspunkt-shb.ee\/en\/wp-json\/wp\/v2\/users\/1"}],"replies":[{"embeddable":true,"href":"https:\/\/xn--henduspunkt-shb.ee\/en\/wp-json\/wp\/v2\/comments?post=20"}],"version-history":[{"count":15,"href":"https:\/\/xn--henduspunkt-shb.ee\/en\/wp-json\/wp\/v2\/pages\/20\/revisions"}],"predecessor-version":[{"id":716,"href":"https:\/\/xn--henduspunkt-shb.ee\/en\/wp-json\/wp\/v2\/pages\/20\/revisions\/716"}],"wp:attachment":[{"href":"https:\/\/xn--henduspunkt-shb.ee\/en\/wp-json\/wp\/v2\/media?parent=20"}],"curies":[{"name":"wp","href":"https:\/\/api.w.org\/{rel}","templated":true}]}}