{"id":21,"date":"2024-08-20T20:55:53","date_gmt":"2024-08-20T20:55:53","guid":{"rendered":"https:\/\/xn--henduspunkt-shb.ee\/meeskond\/"},"modified":"2025-08-07T14:32:59","modified_gmt":"2025-08-07T11:32:59","slug":"meeskond","status":"publish","type":"page","link":"https:\/\/xn--henduspunkt-shb.ee\/en\/meeskond\/","title":{"rendered":"Our team"},"content":{"rendered":"<div class=\"wp-block-group alignfull has-background has-global-padding is-layout-constrained wp-container-core-group-is-layout-832022f9 wp-block-group-is-layout-constrained\" style=\"background-color:#ffffff00;margin-top:0;margin-bottom:0;padding-top:0;padding-right:0;padding-bottom:0;padding-left:0\">\n<div class=\"wp-block-cover alignfull\" style=\"padding-top:0;padding-right:var(--wp--preset--spacing--30);padding-bottom:0;padding-left:var(--wp--preset--spacing--30);min-height:50px;aspect-ratio:unset;\"><span aria-hidden=\"true\" class=\"wp-block-cover__background has-black-background-color has-background-dim-60 has-background-dim\"><\/span><div class=\"wp-block-cover__inner-container is-layout-flow wp-block-cover-is-layout-flow\">\n<div class=\"wp-block-group has-global-padding is-layout-constrained wp-block-group-is-layout-constrained\" style=\"padding-top:var(--wp--preset--spacing--60);padding-bottom:var(--wp--preset--spacing--60)\">\n<div class=\"wp-block-group alignwide has-global-padding is-content-justification-center is-layout-constrained wp-block-group-is-layout-constrained\">\n<h1 class=\"wp-block-heading has-text-align-center has-text-color has-x-large-font-size\" style=\"color:#fffffffc\">Meet our specialists<\/h1>\n<\/div>\n<\/div>\n<\/div><\/div>\n<\/div>\n\n\n\n<div class=\"wp-block-group alignfull has-tertiary-background-color has-background has-global-padding is-layout-constrained wp-container-core-group-is-layout-254d6575 wp-block-group-is-layout-constrained\" style=\"margin-top:0;margin-bottom:0;padding-top:var(--wp--preset--spacing--60);padding-right:var(--wp--preset--spacing--30);padding-bottom:var(--wp--preset--spacing--60);padding-left:var(--wp--preset--spacing--30)\">\n<div class=\"wp-block-group alignwide has-global-padding is-content-justification-center is-layout-constrained wp-block-group-is-layout-constrained\">\n<h2 class=\"wp-block-heading has-text-align-center has-large-font-size\">Our committed and competent team<\/h2>\n\n\n\n<p class=\"has-text-align-center\" style=\"margin-top:16px\">Meet our professional team of highly qualified psychologists. Our team members are dedicated to improving your mental health and have experience in solving a variety of mental health issues.<\/p>\n<\/div>\n\n\n\n<div class=\"wp-block-columns alignwide is-layout-flex wp-container-core-columns-is-layout-e1fea541 wp-block-columns-is-layout-flex\" style=\"margin-top:var(--wp--preset--spacing--50)\">\n<div class=\"wp-block-column has-background has-global-padding is-content-justification-center is-layout-constrained wp-block-column-is-layout-constrained\" style=\"background-color:#ffffff00;flex-basis:400px\">\n<div class=\"wp-block-group has-global-padding is-layout-constrained wp-container-core-group-is-layout-9715a7ac wp-block-group-is-layout-constrained\" style=\"padding-top:24px;padding-right:24px;padding-bottom:24px;padding-left:24px\">\n<figure class=\"wp-block-image aligncenter size-full is-resized is-style-rounded\" style=\"margin-right:0;margin-left:0\"><img loading=\"lazy\" decoding=\"async\" width=\"558\" height=\"558\" src=\"https:\/\/xn--henduspunkt-shb.ee\/wp-content\/uploads\/2024\/12\/IMG_20241113_231749_4542121.jpg\" alt=\"\" class=\"wp-image-708\" style=\"object-fit:cover;width:225px;height:225px\" srcset=\"https:\/\/xn--henduspunkt-shb.ee\/wp-content\/uploads\/2024\/12\/IMG_20241113_231749_4542121.jpg 558w, https:\/\/xn--henduspunkt-shb.ee\/wp-content\/uploads\/2024\/12\/IMG_20241113_231749_4542121-300x300.jpg 300w, https:\/\/xn--henduspunkt-shb.ee\/wp-content\/uploads\/2024\/12\/IMG_20241113_231749_4542121-150x150.jpg 150w, https:\/\/xn--henduspunkt-shb.ee\/wp-content\/uploads\/2024\/12\/IMG_20241113_231749_4542121-100x100.jpg 100w\" sizes=\"auto, (max-width: 558px) 100vw, 558px\" \/><\/figure>\n\n\n\n<h4 class=\"wp-block-heading has-text-align-center\" style=\"margin-top:20px;font-size:clamp(14px, 0.875rem + ((1vw - 3.2px) * 0.625), 20px);\"><a href=\"http:\/\/www.\u00fchenduspunkt.ee\/mark-emil\" data-type=\"link\" data-id=\"www.\u00fchenduspunkt.ee\/mark-emil\">Mark-Emil Luik<\/a><\/h4>\n\n\n\n<p class=\"has-text-align-center has-primary-color has-text-color has-small-font-size\" style=\"margin-top:4px\">Psychologist<\/p>\n<\/div>\n<\/div>\n\n\n\n<div class=\"wp-block-column has-background is-layout-flow wp-block-column-is-layout-flow\" style=\"background-color:#ffffff00;flex-basis:400px\">\n<div class=\"wp-block-group has-background is-layout-flow wp-block-group-is-layout-flow\" style=\"background-color:#ffffff00;padding-top:24px;padding-right:24px;padding-bottom:24px;padding-left:24px\">\n<figure class=\"wp-block-image aligncenter size-full is-resized is-style-rounded\"><a href=\"http:\/\/www.\u00fchenduspunkt.ee\/timmu\"><img loading=\"lazy\" decoding=\"async\" width=\"960\" height=\"959\" src=\"https:\/\/xn--henduspunkt-shb.ee\/wp-content\/uploads\/2024\/11\/1000004727.jpg\" alt=\"\" class=\"wp-image-383\" style=\"object-fit:cover;width:225px;height:225px\" srcset=\"https:\/\/xn--henduspunkt-shb.ee\/wp-content\/uploads\/2024\/11\/1000004727.jpg 960w, https:\/\/xn--henduspunkt-shb.ee\/wp-content\/uploads\/2024\/11\/1000004727-300x300.jpg 300w, https:\/\/xn--henduspunkt-shb.ee\/wp-content\/uploads\/2024\/11\/1000004727-150x150.jpg 150w, https:\/\/xn--henduspunkt-shb.ee\/wp-content\/uploads\/2024\/11\/1000004727-768x767.jpg 768w, https:\/\/xn--henduspunkt-shb.ee\/wp-content\/uploads\/2024\/11\/1000004727-600x599.jpg 600w, https:\/\/xn--henduspunkt-shb.ee\/wp-content\/uploads\/2024\/11\/1000004727-100x100.jpg 100w\" sizes=\"auto, (max-width: 960px) 100vw, 960px\" \/><\/a><\/figure>\n\n\n\n<h4 class=\"wp-block-heading has-text-align-center\" style=\"margin-top:20px;font-size:clamp(14px, 0.875rem + ((1vw - 3.2px) * 0.625), 20px);\"><a href=\"http:\/\/www.\u00fchenduspunkt.ee\/timmu\" data-type=\"link\" data-id=\"www.\u00fchenduspunkt.ee\/timmu\">Timmu \u00d5unapuu<\/a><\/h4>\n\n\n\n<p class=\"has-text-align-center has-primary-color has-text-color has-small-font-size\" style=\"margin-top:4px\">Psychologist<\/p>\n<\/div>\n<\/div>\n\n\n\n<div class=\"wp-block-column has-background is-layout-flow wp-block-column-is-layout-flow\" style=\"background-color:#ffffff00;flex-basis:400px\">\n<div class=\"wp-block-group has-background is-layout-flow wp-block-group-is-layout-flow\" style=\"background-color:#ffffff00;padding-top:24px;padding-right:24px;padding-bottom:24px;padding-left:24px\">\n<figure class=\"wp-block-image aligncenter size-full is-resized is-style-rounded\"><a href=\"https:\/\/xn--henduspunkt-shb.ee\/en\/lilian\/\"><img loading=\"lazy\" decoding=\"async\" width=\"705\" height=\"747\" src=\"https:\/\/xn--henduspunkt-shb.ee\/wp-content\/uploads\/2025\/08\/lilian-e1754565785857.jpg\" alt=\"\" class=\"wp-image-756\" style=\"object-fit:cover;width:225px;height:225px\" srcset=\"https:\/\/xn--henduspunkt-shb.ee\/wp-content\/uploads\/2025\/08\/lilian-e1754565785857.jpg 705w, https:\/\/xn--henduspunkt-shb.ee\/wp-content\/uploads\/2025\/08\/lilian-e1754565785857-283x300.jpg 283w, https:\/\/xn--henduspunkt-shb.ee\/wp-content\/uploads\/2025\/08\/lilian-e1754565785857-11x12.jpg 11w\" sizes=\"auto, (max-width: 705px) 100vw, 705px\" \/><\/a><\/figure>\n\n\n\n<h4 class=\"wp-block-heading has-text-align-center\" style=\"margin-top:20px;font-size:clamp(14px, 0.875rem + ((1vw - 3.2px) * 0.625), 20px);\"><a href=\"https:\/\/xn--henduspunkt-shb.ee\/en\/lilian\/\" title=\"Lilian\">Lilian Vehk<\/a><\/h4>\n\n\n\n<p class=\"has-text-align-center has-primary-color has-text-color has-small-font-size\" style=\"margin-top:4px\">Psychologist<\/p>\n<\/div>\n<\/div>\n<\/div>\n<\/div>\n\n\n\n<div class=\"wp-block-group alignfull has-background-background-color has-background has-global-padding is-layout-constrained wp-container-core-group-is-layout-c03f3b2a wp-block-group-is-layout-constrained\" style=\"padding-top:var(--wp--preset--spacing--60);padding-right:var(--wp--preset--spacing--30);padding-bottom:var(--wp--preset--spacing--60);padding-left:var(--wp--preset--spacing--30)\">\n<div class=\"wp-block-media-text alignwide has-media-on-the-right is-stacked-on-mobile is-vertically-aligned-center is-image-fill-element\" style=\"padding-right:0;padding-left:0;grid-template-columns:auto 40%\"><div class=\"wp-block-media-text__content\">\n<div class=\"wp-block-group has-global-padding is-content-justification-left is-layout-constrained wp-container-core-group-is-layout-cdff7eec wp-block-group-is-layout-constrained\" style=\"padding-top:var(--wp--preset--spacing--30);padding-right:0;padding-bottom:var(--wp--preset--spacing--30);padding-left:0\">\n<h2 class=\"wp-block-heading has-large-font-size\">Are you interested of joining our team?<\/h2>\n\n\n\n<p style=\"margin-top:16px\">If you are interested in joining us or want to otherwise collaborate, contact us! We are always looking for other like-minded people.<\/p>\n\n\n\n<div class=\"wp-block-buttons is-layout-flex wp-container-core-buttons-is-layout-12dcd427 wp-block-buttons-is-layout-flex\" style=\"margin-top:var(--wp--preset--spacing--40)\">\n<div class=\"wp-block-button\"><a class=\"wp-block-button__link wp-element-button\" href=\"\/en\/kontakt\/\">Write to us<\/a><\/div>\n\n\n\n<div class=\"wp-block-button is-style-outline is-style-outline--1\"><a class=\"wp-block-button__link wp-element-button\" href=\"\/en\/meist\/\">Find out more<\/a><\/div>\n<\/div>\n<\/div>\n<\/div><figure class=\"wp-block-media-text__media\"><img loading=\"lazy\" decoding=\"async\" width=\"1280\" height=\"853\" src=\"https:\/\/xn--henduspunkt-shb.ee\/wp-content\/uploads\/2024\/08\/87805f9a76f660981da931f80fe2c500950723a2.jpg\" alt=\"\" class=\"wp-image-33 size-full\" style=\"object-position:50% 50%\" srcset=\"https:\/\/xn--henduspunkt-shb.ee\/wp-content\/uploads\/2024\/08\/87805f9a76f660981da931f80fe2c500950723a2.jpg 1280w, https:\/\/xn--henduspunkt-shb.ee\/wp-content\/uploads\/2024\/08\/87805f9a76f660981da931f80fe2c500950723a2-300x200.jpg 300w, https:\/\/xn--henduspunkt-shb.ee\/wp-content\/uploads\/2024\/08\/87805f9a76f660981da931f80fe2c500950723a2-1024x682.jpg 1024w, https:\/\/xn--henduspunkt-shb.ee\/wp-content\/uploads\/2024\/08\/87805f9a76f660981da931f80fe2c500950723a2-768x512.jpg 768w, https:\/\/xn--henduspunkt-shb.ee\/wp-content\/uploads\/2024\/08\/87805f9a76f660981da931f80fe2c500950723a2-600x400.jpg 600w\" sizes=\"auto, (max-width: 1280px) 100vw, 1280px\" \/><\/figure><\/div>\n<\/div>","protected":false},"excerpt":{"rendered":"<p>Meie p\u00fchendunud ja asjatundlik meeskond Tutvuge meie professionaalse meeskonnaga, mis koosneb k\u00f5rgharidusega ps\u00fchholoogidest. Meie meeskonnaliikmed on p\u00fchendunud teie vaimse tervise parandamisele ning omavad kogemust erinevate vaimse tervisega seotud probleemide lahendamisel. Mark-Emil Luik Ps\u00fchholoog Timmu \u00d5unapuu Ps\u00fchholoog Lilian Vehk Ps\u00fchholoog Oled huvitatud meiega liitumast? Kui tunned huvi meie meeskonnaga liituda ning tahad panustada inimeste vaimsesse tervisesse [&hellip;]<\/p>\n","protected":false},"author":1,"featured_media":0,"parent":0,"menu_order":0,"comment_status":"closed","ping_status":"closed","template":"no-title","meta":{"_uag_custom_page_level_css":"","_monsterinsights_skip_tracking":false,"_monsterinsights_sitenote_active":false,"_monsterinsights_sitenote_note":"","_monsterinsights_sitenote_category":0,"footnotes":"","_links_to":"","_links_to_target":""},"class_list":["post-21","page","type-page","status-publish","hentry"],"aioseo_notices":[],"uagb_featured_image_src":{"full":false,"thumbnail":false,"medium":false,"medium_large":false,"large":false,"1536x1536":false,"2048x2048":false,"trp-custom-language-flag":false},"uagb_author_info":{"display_name":"admin","author_link":"https:\/\/xn--henduspunkt-shb.ee\/en\/author\/admin\/"},"uagb_comment_info":0,"uagb_excerpt":"Meie p\u00fchendunud ja asjatundlik meeskond Tutvuge meie professionaalse meeskonnaga, mis koosneb k\u00f5rgharidusega ps\u00fchholoogidest. Meie meeskonnaliikmed on p\u00fchendunud teie vaimse tervise parandamisele ning omavad kogemust erinevate vaimse tervisega seotud probleemide lahendamisel. Mark-Emil Luik Ps\u00fchholoog Timmu \u00d5unapuu Ps\u00fchholoog Lilian Vehk Ps\u00fchholoog Oled huvitatud meiega liitumast? Kui tunned huvi meie meeskonnaga liituda ning tahad panustada inimeste vaimsesse tervisesse&hellip;","_links":{"self":[{"href":"https:\/\/xn--henduspunkt-shb.ee\/en\/wp-json\/wp\/v2\/pages\/21","targetHints":{"allow":["GET"]}}],"collection":[{"href":"https:\/\/xn--henduspunkt-shb.ee\/en\/wp-json\/wp\/v2\/pages"}],"about":[{"href":"https:\/\/xn--henduspunkt-shb.ee\/en\/wp-json\/wp\/v2\/types\/page"}],"author":[{"embeddable":true,"href":"https:\/\/xn--henduspunkt-shb.ee\/en\/wp-json\/wp\/v2\/users\/1"}],"replies":[{"embeddable":true,"href":"https:\/\/xn--henduspunkt-shb.ee\/en\/wp-json\/wp\/v2\/comments?post=21"}],"version-history":[{"count":19,"href":"https:\/\/xn--henduspunkt-shb.ee\/en\/wp-json\/wp\/v2\/pages\/21\/revisions"}],"predecessor-version":[{"id":764,"href":"https:\/\/xn--henduspunkt-shb.ee\/en\/wp-json\/wp\/v2\/pages\/21\/revisions\/764"}],"wp:attachment":[{"href":"https:\/\/xn--henduspunkt-shb.ee\/en\/wp-json\/wp\/v2\/media?parent=21"}],"curies":[{"name":"wp","href":"https:\/\/api.w.org\/{rel}","templated":true}]}}