{"id":22,"date":"2024-08-20T20:55:55","date_gmt":"2024-08-20T20:55:55","guid":{"rendered":"https:\/\/xn--henduspunkt-shb.ee\/ressursid\/"},"modified":"2025-09-13T15:54:16","modified_gmt":"2025-09-13T12:54:16","slug":"info","status":"publish","type":"page","link":"https:\/\/xn--henduspunkt-shb.ee\/en\/info\/","title":{"rendered":"Information"},"content":{"rendered":"<div class=\"wp-block-group alignfull has-background has-global-padding is-layout-constrained wp-container-core-group-is-layout-832022f9 wp-block-group-is-layout-constrained\" style=\"background-color:#ffffff00;margin-top:0;margin-bottom:0;padding-top:0;padding-right:0;padding-bottom:0;padding-left:0\">\n<div class=\"wp-block-cover alignfull\" style=\"margin-top:0px;margin-bottom:0px;padding-top:0;padding-right:0;padding-bottom:0;padding-left:0;min-height:151px;aspect-ratio:unset;\"><span aria-hidden=\"true\" class=\"wp-block-cover__background has-black-background-color has-background-dim-60 has-background-dim\"><\/span><div class=\"wp-block-cover__inner-container is-layout-flow wp-container-core-cover-is-layout-466f8f34 wp-block-cover-is-layout-flow\">\n<div class=\"wp-block-group has-background has-global-padding is-layout-constrained wp-container-core-group-is-layout-4897f5cc wp-block-group-is-layout-constrained\" style=\"background-color:#ffffff00;margin-top:0;margin-bottom:0;padding-top:0;padding-bottom:0\">\n<div class=\"wp-block-group alignwide has-global-padding is-content-justification-center is-layout-constrained wp-block-group-is-layout-constrained\" style=\"padding-top:var(--wp--preset--spacing--20);padding-bottom:var(--wp--preset--spacing--20)\">\n<h1 class=\"wp-block-heading has-text-align-center has-text-color has-x-large-font-size\" style=\"color:#fffffffc;letter-spacing:2px\">Info Hub<\/h1>\n\n\n\n<p class=\"has-text-align-center has-text-color\" style=\"color:#fffffffc;margin-top:16px\">Here you will find information about us, our services, as well as general info about mental health.<\/p>\n<\/div>\n<\/div>\n<\/div><\/div>\n<\/div>\n\n\n\n<div class=\"wp-block-group alignfull has-tertiary-background-color has-background is-layout-flow wp-container-core-group-is-layout-05437650 wp-block-group-is-layout-flow\" style=\"margin-top:0;margin-bottom:0;padding-top:var(--wp--preset--spacing--60);padding-right:var(--wp--preset--spacing--30);padding-bottom:var(--wp--preset--spacing--60);padding-left:var(--wp--preset--spacing--30)\">\n<div class=\"wp-block-columns alignwide are-vertically-aligned-top is-layout-flex wp-container-core-columns-is-layout-f5f7395f wp-block-columns-is-layout-flex\">\n<div class=\"wp-block-column is-vertically-aligned-top is-layout-flow wp-block-column-is-layout-flow\" style=\"padding-top:0;padding-bottom:0\">\n<figure class=\"wp-block-image aligncenter size-full is-resized\"><img loading=\"lazy\" decoding=\"async\" width=\"1080\" height=\"718\" src=\"https:\/\/xn--henduspunkt-shb.ee\/wp-content\/uploads\/2024\/12\/image-5.jpg\" alt=\"\" class=\"wp-image-583\" style=\"aspect-ratio:3\/4;object-fit:cover;width:auto;height:400px\" srcset=\"https:\/\/xn--henduspunkt-shb.ee\/wp-content\/uploads\/2024\/12\/image-5.jpg 1080w, https:\/\/xn--henduspunkt-shb.ee\/wp-content\/uploads\/2024\/12\/image-5-300x199.jpg 300w, https:\/\/xn--henduspunkt-shb.ee\/wp-content\/uploads\/2024\/12\/image-5-1024x681.jpg 1024w, https:\/\/xn--henduspunkt-shb.ee\/wp-content\/uploads\/2024\/12\/image-5-768x511.jpg 768w, https:\/\/xn--henduspunkt-shb.ee\/wp-content\/uploads\/2024\/12\/image-5-600x399.jpg 600w\" sizes=\"auto, (max-width: 1080px) 100vw, 1080px\" \/><\/figure>\n\n\n\n<h2 class=\"wp-block-heading has-text-align-center\" style=\"margin-top:24px;font-size:clamp(14px, 0.875rem + ((1vw - 3.2px) * 0.625), 20px);font-style:normal;font-weight:600;line-height:1.5\">Resources<\/h2>\n\n\n\n<p class=\"has-text-align-center has-small-font-size\" style=\"margin-top:8px\">Various materials and guidelines on mental health <\/p>\n\n\n\n<div class=\"wp-block-buttons is-content-justification-center is-layout-flex wp-container-core-buttons-is-layout-5de745c2 wp-block-buttons-is-layout-flex\" style=\"padding-top:var(--wp--preset--spacing--20);padding-bottom:var(--wp--preset--spacing--20)\">\n<div class=\"wp-block-button\"><a class=\"wp-block-button__link has-background has-small-font-size has-custom-font-size wp-element-button\" style=\"background-color:#9d9d9d\">Not available<\/a><\/div>\n<\/div>\n<\/div>\n\n\n\n<div class=\"wp-block-column is-vertically-aligned-top is-layout-flow wp-block-column-is-layout-flow\" style=\"padding-bottom:var(--wp--preset--spacing--30)\">\n<figure class=\"wp-block-image aligncenter size-full is-resized\"><img loading=\"lazy\" decoding=\"async\" width=\"1080\" height=\"720\" src=\"https:\/\/xn--henduspunkt-shb.ee\/wp-content\/uploads\/2024\/12\/image.jpg\" alt=\"\" class=\"wp-image-497\" style=\"aspect-ratio:3\/4;object-fit:cover;width:auto;height:400px\" srcset=\"https:\/\/xn--henduspunkt-shb.ee\/wp-content\/uploads\/2024\/12\/image.jpg 1080w, https:\/\/xn--henduspunkt-shb.ee\/wp-content\/uploads\/2024\/12\/image-300x200.jpg 300w, https:\/\/xn--henduspunkt-shb.ee\/wp-content\/uploads\/2024\/12\/image-1024x683.jpg 1024w, https:\/\/xn--henduspunkt-shb.ee\/wp-content\/uploads\/2024\/12\/image-768x512.jpg 768w, https:\/\/xn--henduspunkt-shb.ee\/wp-content\/uploads\/2024\/12\/image-600x400.jpg 600w\" sizes=\"auto, (max-width: 1080px) 100vw, 1080px\" \/><\/figure>\n\n\n\n<h2 class=\"wp-block-heading has-text-align-center\" style=\"margin-top:24px;font-size:clamp(14px, 0.875rem + ((1vw - 3.2px) * 0.625), 20px);font-style:normal;font-weight:600;line-height:1.5\">About our services<\/h2>\n\n\n\n<p class=\"has-text-align-center has-small-font-size\" style=\"margin-top:8px\">Where to find us? <br>What services we offer?<br>What to expect when coming to the appointment?<\/p>\n\n\n\n<div class=\"wp-block-buttons is-content-justification-center is-layout-flex wp-container-core-buttons-is-layout-098cc607 wp-block-buttons-is-layout-flex\">\n<div class=\"wp-block-button\"><a class=\"wp-block-button__link has-small-font-size has-custom-font-size wp-element-button\" href=\"\/en\/teenused\/\">Learn more<\/a><\/div>\n<\/div>\n<\/div>\n\n\n\n<div class=\"wp-block-column is-vertically-aligned-top has-global-padding is-layout-constrained wp-block-column-is-layout-constrained\" style=\"padding-bottom:var(--wp--preset--spacing--30)\">\n<figure class=\"wp-block-image aligncenter size-full is-resized\"><img loading=\"lazy\" decoding=\"async\" width=\"2048\" height=\"2560\" src=\"https:\/\/xn--henduspunkt-shb.ee\/wp-content\/uploads\/2024\/12\/20e1ffb1d24b225eb7f53479e5ee336ff8261e59-scaled.jpg\" alt=\"\" class=\"wp-image-500\" style=\"aspect-ratio:3\/4;object-fit:cover;width:auto;height:400px\" srcset=\"https:\/\/xn--henduspunkt-shb.ee\/wp-content\/uploads\/2024\/12\/20e1ffb1d24b225eb7f53479e5ee336ff8261e59-scaled.jpg 2048w, https:\/\/xn--henduspunkt-shb.ee\/wp-content\/uploads\/2024\/12\/20e1ffb1d24b225eb7f53479e5ee336ff8261e59-240x300.jpg 240w, https:\/\/xn--henduspunkt-shb.ee\/wp-content\/uploads\/2024\/12\/20e1ffb1d24b225eb7f53479e5ee336ff8261e59-819x1024.jpg 819w, https:\/\/xn--henduspunkt-shb.ee\/wp-content\/uploads\/2024\/12\/20e1ffb1d24b225eb7f53479e5ee336ff8261e59-768x960.jpg 768w, https:\/\/xn--henduspunkt-shb.ee\/wp-content\/uploads\/2024\/12\/20e1ffb1d24b225eb7f53479e5ee336ff8261e59-1229x1536.jpg 1229w, https:\/\/xn--henduspunkt-shb.ee\/wp-content\/uploads\/2024\/12\/20e1ffb1d24b225eb7f53479e5ee336ff8261e59-1638x2048.jpg 1638w, https:\/\/xn--henduspunkt-shb.ee\/wp-content\/uploads\/2024\/12\/20e1ffb1d24b225eb7f53479e5ee336ff8261e59-600x750.jpg 600w\" sizes=\"auto, (max-width: 2048px) 100vw, 2048px\" \/><\/figure>\n\n\n\n<h2 class=\"wp-block-heading has-text-align-center\" style=\"margin-top:24px;font-size:clamp(14px, 0.875rem + ((1vw - 3.2px) * 0.625), 20px);font-style:normal;font-weight:600;line-height:1.5\">About mental health system<\/h2>\n\n\n\n<p class=\"has-text-align-center has-small-font-size\" style=\"margin-top:8px\">What\u2019s the difference between various services and specialists? What should you keep in mind when choosing a service?<\/p>\n\n\n\n<div class=\"wp-block-buttons is-content-justification-center is-layout-flex wp-container-core-buttons-is-layout-a89b3969 wp-block-buttons-is-layout-flex\">\n<div class=\"wp-block-button\"><a class=\"wp-block-button__link has-small-font-size has-custom-font-size wp-element-button\" href=\"\/en\/vaimse-tervise-susteem\/\">Learn more<\/a><\/div>\n<\/div>\n<\/div>\n<\/div>\n\n\n\n<div class=\"wp-block-columns alignwide are-vertically-aligned-top is-layout-flex wp-container-core-columns-is-layout-f5f7395f wp-block-columns-is-layout-flex\">\n<div class=\"wp-block-column is-layout-flow wp-block-column-is-layout-flow\"><\/div>\n\n\n\n<div class=\"wp-block-column is-vertically-aligned-top is-layout-flow wp-block-column-is-layout-flow\" style=\"padding-bottom:var(--wp--preset--spacing--30)\">\n<figure class=\"wp-block-image aligncenter is-resized\"><img loading=\"lazy\" decoding=\"async\" width=\"1080\" height=\"720\" src=\"https:\/\/xn--henduspunkt-shb.ee\/wp-content\/uploads\/2024\/12\/image-2.jpg\" alt=\"\" class=\"wp-image-499\" style=\"aspect-ratio:3\/4;object-fit:cover;width:auto;height:400px\" srcset=\"https:\/\/xn--henduspunkt-shb.ee\/wp-content\/uploads\/2024\/12\/image-2.jpg 1080w, https:\/\/xn--henduspunkt-shb.ee\/wp-content\/uploads\/2024\/12\/image-2-300x200.jpg 300w, https:\/\/xn--henduspunkt-shb.ee\/wp-content\/uploads\/2024\/12\/image-2-1024x683.jpg 1024w, https:\/\/xn--henduspunkt-shb.ee\/wp-content\/uploads\/2024\/12\/image-2-768x512.jpg 768w, https:\/\/xn--henduspunkt-shb.ee\/wp-content\/uploads\/2024\/12\/image-2-600x400.jpg 600w\" sizes=\"auto, (max-width: 1080px) 100vw, 1080px\" \/><\/figure>\n\n\n\n<h2 class=\"wp-block-heading has-text-align-center\" style=\"margin-top:24px;font-size:clamp(14px, 0.875rem + ((1vw - 3.2px) * 0.625), 20px);font-style:normal;font-weight:600;line-height:1.5\">About us<\/h2>\n\n\n\n<p class=\"has-text-align-center has-small-font-size\" style=\"margin-top:8px\">Here you will find our story - our mission, values and where to find us.<\/p>\n\n\n\n<div class=\"wp-block-buttons is-content-justification-center is-layout-flex wp-container-core-buttons-is-layout-a89b3969 wp-block-buttons-is-layout-flex\">\n<div class=\"wp-block-button\"><a class=\"wp-block-button__link has-small-font-size has-custom-font-size wp-element-button\" href=\"\/en\/meist\/\">Learn more<\/a><\/div>\n<\/div>\n<\/div>\n\n\n\n<div class=\"wp-block-column is-layout-flow wp-block-column-is-layout-flow\"><\/div>\n<\/div>\n<\/div>","protected":false},"excerpt":{"rendered":"<p>Ressursid Erinevad materjalid ja suunised vaimse tervise osas Info meie teenuste kohta Kust meid leida? Mis teenuseid me pakume?Mida oodata vastuv\u00f5tule tulles? Info vaimse tervise s\u00fcsteemi kohta Mis vahe on erinevatel teenustel ja spetsialistidel? Mida arvestada teenuste juures? Meist Siit leiad meie missiooni ja v\u00e4\u00e4rtused, meie loo ja kust meid leida v\u00f5ib.<\/p>","protected":false},"author":1,"featured_media":0,"parent":0,"menu_order":0,"comment_status":"closed","ping_status":"closed","template":"no-title","meta":{"_uag_custom_page_level_css":"","_monsterinsights_skip_tracking":false,"_monsterinsights_sitenote_active":false,"_monsterinsights_sitenote_note":"","_monsterinsights_sitenote_category":0,"footnotes":"","_links_to":"","_links_to_target":""},"class_list":["post-22","page","type-page","status-publish","hentry"],"aioseo_notices":[],"uagb_featured_image_src":{"full":false,"thumbnail":false,"medium":false,"medium_large":false,"large":false,"1536x1536":false,"2048x2048":false,"trp-custom-language-flag":false},"uagb_author_info":{"display_name":"admin","author_link":"https:\/\/xn--henduspunkt-shb.ee\/en\/author\/admin\/"},"uagb_comment_info":0,"uagb_excerpt":"Ressursid Erinevad materjalid ja suunised vaimse tervise osas Info meie teenuste kohta Kust meid leida? Mis teenuseid me pakume?Mida oodata vastuv\u00f5tule tulles? Info vaimse tervise s\u00fcsteemi kohta Mis vahe on erinevatel teenustel ja spetsialistidel? Mida arvestada teenuste juures? Meist Siit leiad meie missiooni ja v\u00e4\u00e4rtused, meie loo ja kust meid leida v\u00f5ib.","_links":{"self":[{"href":"https:\/\/xn--henduspunkt-shb.ee\/en\/wp-json\/wp\/v2\/pages\/22","targetHints":{"allow":["GET"]}}],"collection":[{"href":"https:\/\/xn--henduspunkt-shb.ee\/en\/wp-json\/wp\/v2\/pages"}],"about":[{"href":"https:\/\/xn--henduspunkt-shb.ee\/en\/wp-json\/wp\/v2\/types\/page"}],"author":[{"embeddable":true,"href":"https:\/\/xn--henduspunkt-shb.ee\/en\/wp-json\/wp\/v2\/users\/1"}],"replies":[{"embeddable":true,"href":"https:\/\/xn--henduspunkt-shb.ee\/en\/wp-json\/wp\/v2\/comments?post=22"}],"version-history":[{"count":34,"href":"https:\/\/xn--henduspunkt-shb.ee\/en\/wp-json\/wp\/v2\/pages\/22\/revisions"}],"predecessor-version":[{"id":784,"href":"https:\/\/xn--henduspunkt-shb.ee\/en\/wp-json\/wp\/v2\/pages\/22\/revisions\/784"}],"wp:attachment":[{"href":"https:\/\/xn--henduspunkt-shb.ee\/en\/wp-json\/wp\/v2\/media?parent=22"}],"curies":[{"name":"wp","href":"https:\/\/api.w.org\/{rel}","templated":true}]}}