{"id":23,"date":"2024-08-20T20:55:56","date_gmt":"2024-08-20T20:55:56","guid":{"rendered":"https:\/\/xn--henduspunkt-shb.ee\/avaleht\/"},"modified":"2026-03-09T18:23:30","modified_gmt":"2026-03-09T16:23:30","slug":"avaleht","status":"publish","type":"page","link":"https:\/\/xn--henduspunkt-shb.ee\/en\/","title":{"rendered":"Homepage"},"content":{"rendered":"\n<div class=\"wp-block-cover alignfull\" style=\"margin-top:0;margin-bottom:0;padding-top:0;padding-right:0;padding-bottom:var(--wp--preset--spacing--30);padding-left:0\"><img loading=\"lazy\" decoding=\"async\" width=\"1792\" height=\"1024\" class=\"wp-block-cover__image-background wp-image-67\" alt=\"\" src=\"https:\/\/xn--henduspunkt-shb.ee\/-henduspunkt2\/wp-content\/uploads\/2024\/08\/uhenduspunkt-hero-back.jpg\" data-object-fit=\"cover\" srcset=\"https:\/\/xn--henduspunkt-shb.ee\/wp-content\/uploads\/2024\/08\/uhenduspunkt-hero-back.jpg 1792w, https:\/\/xn--henduspunkt-shb.ee\/wp-content\/uploads\/2024\/08\/uhenduspunkt-hero-back-300x171.jpg 300w, https:\/\/xn--henduspunkt-shb.ee\/wp-content\/uploads\/2024\/08\/uhenduspunkt-hero-back-1024x585.jpg 1024w, https:\/\/xn--henduspunkt-shb.ee\/wp-content\/uploads\/2024\/08\/uhenduspunkt-hero-back-768x439.jpg 768w, https:\/\/xn--henduspunkt-shb.ee\/wp-content\/uploads\/2024\/08\/uhenduspunkt-hero-back-1536x878.jpg 1536w, https:\/\/xn--henduspunkt-shb.ee\/wp-content\/uploads\/2024\/08\/uhenduspunkt-hero-back-600x343.jpg 600w\" sizes=\"auto, (max-width: 1792px) 100vw, 1792px\" \/><span aria-hidden=\"true\" class=\"wp-block-cover__background has-black-background-color has-background-dim\"><\/span><div class=\"wp-block-cover__inner-container is-layout-flow wp-container-core-cover-is-layout-70580dd5 wp-block-cover-is-layout-flow\">\n<header class=\"wp-block-group alignwide has-base-color has-text-color has-link-color wp-elements-f081e241a422b5dae00cb1e29c28984a is-content-justification-space-between is-nowrap is-layout-flex wp-container-core-group-is-layout-13aba7a0 wp-block-group-is-layout-flex\" style=\"margin-top:0;margin-bottom:0;padding-top:25px;padding-right:var(--wp--preset--spacing--20);padding-bottom:25px;padding-left:var(--wp--preset--spacing--20)\">\n<div class=\"wp-block-group is-content-justification-left is-nowrap is-layout-flex wp-container-core-group-is-layout-d7b64a10 wp-block-group-is-layout-flex\" style=\"padding-left:var(--wp--preset--spacing--20)\"><div class=\"is-default-size is-style-default wp-block-site-logo\"><a href=\"https:\/\/xn--henduspunkt-shb.ee\/en\/\" class=\"custom-logo-link\" rel=\"home\"><img loading=\"lazy\" decoding=\"async\" width=\"512\" height=\"512\" src=\"https:\/\/xn--henduspunkt-shb.ee\/wp-content\/uploads\/2024\/08\/cropped-uhenduspunkt-logo-float.png\" class=\"custom-logo\" alt=\"&Uuml;henduspunkt\" srcset=\"https:\/\/xn--henduspunkt-shb.ee\/wp-content\/uploads\/2024\/08\/cropped-uhenduspunkt-logo-float.png 512w, https:\/\/xn--henduspunkt-shb.ee\/wp-content\/uploads\/2024\/08\/cropped-uhenduspunkt-logo-float-300x300.png 300w, https:\/\/xn--henduspunkt-shb.ee\/wp-content\/uploads\/2024\/08\/cropped-uhenduspunkt-logo-float-150x150.png 150w, https:\/\/xn--henduspunkt-shb.ee\/wp-content\/uploads\/2024\/08\/cropped-uhenduspunkt-logo-float-100x100.png 100w, https:\/\/xn--henduspunkt-shb.ee\/wp-content\/uploads\/2024\/08\/cropped-uhenduspunkt-logo-float-270x270.png 270w, https:\/\/xn--henduspunkt-shb.ee\/wp-content\/uploads\/2024\/08\/cropped-uhenduspunkt-logo-float-192x192.png 192w, https:\/\/xn--henduspunkt-shb.ee\/wp-content\/uploads\/2024\/08\/cropped-uhenduspunkt-logo-float-180x180.png 180w, https:\/\/xn--henduspunkt-shb.ee\/wp-content\/uploads\/2024\/08\/cropped-uhenduspunkt-logo-float-32x32.png 32w\" sizes=\"auto, (max-width: 512px) 100vw, 512px\" \/><\/a><\/div>\n\n<h1 style=\"font-style:normal;font-weight:600;\" class=\"wp-block-site-title has-text-color has-tertiary-color has-medium-font-size has-montserrat-font-family\">&Uuml;henduspunkt<\/h1><\/div>\n\n\n\n<div style=\"background-position:77% 17%;\" class=\"wp-block-group is-content-justification-right is-nowrap is-layout-flex wp-container-core-group-is-layout-17124a9a wp-block-group-is-layout-flex has-background\">      \n\t\t\t<div class=\"uagb-icon-wrapper uagb-block-e8d7fc13      \"\n\t\t\tstyle=\"\" >\n\t\t\t\t\t\t\t\t\t<span class=\"uagb-svg-wrapper\" \n\t\t\t\t\t aria-label=\"facebook\"\t\t\t\t\ttabindex=\"0\">\t\t\n\t\t\t\t\t\t\t\t\t\t<a rel=\"noopener noreferrer\" href=\"https:\/\/www.facebook.com\/profile.php?id=61563081792560\" target=\"_blank\"><svg xmlns=\"https:\/\/www.w3.org\/2000\/svg\" viewBox= \"0 0 512 512\" role=\"graphics-symbol\" aria-hidden=\"false\" aria-label=\"\"><path d=\"M504 256C504 119 393 8 256 8S8 119 8 256c0 123.8 90.69 226.4 209.3 245V327.7h-63V256h63v-54.64c0-62.15 37-96.48 93.67-96.48 27.14 0 55.52 4.84 55.52 4.84v61h-31.28c-30.8 0-40.41 19.12-40.41 38.73V256h68.78l-11 71.69h-57.78V501C413.3 482.4 504 379.8 504 256z\"><\/path><\/svg><\/a>\n\t\t\t\t\t\t\t\t\t<\/span>\n\t\t\t\t\t\t\t<\/div>\n\t\t\t\n\n      \n\t\t\t<div class=\"uagb-icon-wrapper uagb-block-f0db875c      \"\n\t\t\tstyle=\"\" >\n\t\t\t\t\t\t\t\t\t<span class=\"uagb-svg-wrapper\" \n\t\t\t\t\t aria-label=\"instagram\"\t\t\t\t\ttabindex=\"0\">\t\t\n\t\t\t\t\t\t\t\t\t\t<a rel=\"noopener noreferrer\" href=\"https:\/\/www.instagram.com\/uhenduspunkt\/\" target=\"_blank\"><svg xmlns=\"https:\/\/www.w3.org\/2000\/svg\" viewBox= \"0 0 448 512\" role=\"graphics-symbol\" aria-hidden=\"false\" aria-label=\"\"><path d=\"M224.1 141c-63.6 0-114.9 51.3-114.9 114.9s51.3 114.9 114.9 114.9S339 319.5 339 255.9 287.7 141 224.1 141zm0 189.6c-41.1 0-74.7-33.5-74.7-74.7s33.5-74.7 74.7-74.7 74.7 33.5 74.7 74.7-33.6 74.7-74.7 74.7zm146.4-194.3c0 14.9-12 26.8-26.8 26.8-14.9 0-26.8-12-26.8-26.8s12-26.8 26.8-26.8 26.8 12 26.8 26.8zm76.1 27.2c-1.7-35.9-9.9-67.7-36.2-93.9-26.2-26.2-58-34.4-93.9-36.2-37-2.1-147.9-2.1-184.9 0-35.8 1.7-67.6 9.9-93.9 36.1s-34.4 58-36.2 93.9c-2.1 37-2.1 147.9 0 184.9 1.7 35.9 9.9 67.7 36.2 93.9s58 34.4 93.9 36.2c37 2.1 147.9 2.1 184.9 0 35.9-1.7 67.7-9.9 93.9-36.2 26.2-26.2 34.4-58 36.2-93.9 2.1-37 2.1-147.8 0-184.8zM398.8 388c-7.8 19.6-22.9 34.7-42.6 42.6-29.5 11.7-99.5 9-132.1 9s-102.7 2.6-132.1-9c-19.6-7.8-34.7-22.9-42.6-42.6-11.7-29.5-9-99.5-9-132.1s-2.6-102.7 9-132.1c7.8-19.6 22.9-34.7 42.6-42.6 29.5-11.7 99.5-9 132.1-9s102.7-2.6 132.1 9c19.6 7.8 34.7 22.9 42.6 42.6 11.7 29.5 9 99.5 9 132.1s2.7 102.7-9 132.1z\"><\/path><\/svg><\/a>\n\t\t\t\t\t\t\t\t\t<\/span>\n\t\t\t\t\t\t\t<\/div>\n\t\t\t\n\n<nav style=\"color: #d6d6d6;\" class=\"has-text-color has-small-font-size is-responsive items-justified-center wp-block-navigation is-content-justification-center is-layout-flex wp-container-core-navigation-is-layout-a89b3969 wp-block-navigation-is-layout-flex\" aria-label=\"Men\u00fc\u00fc\" \n\t\t data-wp-interactive=\"core\/navigation\" data-wp-context='{\"overlayOpenedBy\":{\"click\":false,\"hover\":false,\"focus\":false},\"type\":\"overlay\",\"roleAttribute\":\"\",\"ariaLabel\":\"Menu\"}'><button aria-haspopup=\"dialog\" aria-label=\"Open menu\" class=\"wp-block-navigation__responsive-container-open always-shown\" \n\t\t\t\tdata-wp-on--click=\"actions.openMenuOnClick\"\n\t\t\t\tdata-wp-on--keydown=\"actions.handleMenuKeydown\"\n\t\t\t><svg width=\"24\" height=\"24\" xmlns=\"http:\/\/www.w3.org\/2000\/svg\" viewBox=\"0 0 24 24\"><path d=\"M5 5v1.5h14V5H5z\"><\/path><path d=\"M5 12.8h14v-1.5H5v1.5z\"><\/path><path d=\"M5 19h14v-1.5H5V19z\"><\/path><\/svg><\/button>\n\t\t\t\t<div class=\"wp-block-navigation__responsive-container hidden-by-default\"  id=\"modal-1\" \n\t\t\t\tdata-wp-class--has-modal-open=\"state.isMenuOpen\"\n\t\t\t\tdata-wp-class--is-menu-open=\"state.isMenuOpen\"\n\t\t\t\tdata-wp-watch=\"callbacks.initMenu\"\n\t\t\t\tdata-wp-on--keydown=\"actions.handleMenuKeydown\"\n\t\t\t\tdata-wp-on--focusout=\"actions.handleMenuFocusout\"\n\t\t\t\ttabindex=\"-1\"\n\t\t\t>\n\t\t\t\t\t<div class=\"wp-block-navigation__responsive-close\" tabindex=\"-1\">\n\t\t\t\t\t\t<div class=\"wp-block-navigation__responsive-dialog\" \n\t\t\t\tdata-wp-bind--aria-modal=\"state.ariaModal\"\n\t\t\t\tdata-wp-bind--aria-label=\"state.ariaLabel\"\n\t\t\t\tdata-wp-bind--role=\"state.roleAttribute\"\n\t\t\t>\n\t\t\t\t\t\t\t<button aria-label=\"Close menu\" class=\"wp-block-navigation__responsive-container-close\" \n\t\t\t\tdata-wp-on--click=\"actions.closeMenuOnClick\"\n\t\t\t><svg xmlns=\"http:\/\/www.w3.org\/2000\/svg\" viewBox=\"0 0 24 24\" width=\"24\" height=\"24\" aria-hidden=\"true\" focusable=\"false\"><path d=\"m13.06 12 6.47-6.47-1.06-1.06L12 10.94 5.53 4.47 4.47 5.53 10.94 12l-6.47 6.47 1.06 1.06L12 13.06l6.47 6.47 1.06-1.06L13.06 12Z\"><\/path><\/svg><\/button>\n\t\t\t\t\t\t\t<div class=\"wp-block-navigation__responsive-container-content\" \n\t\t\t\tdata-wp-watch=\"callbacks.focusFirstElement\"\n\t\t\t id=\"modal-1-content\">\n\t\t\t\t\t\t\t\t<ul style=\"color: #d6d6d6;\" class=\"wp-block-navigation__container has-text-color has-small-font-size is-responsive items-justified-center wp-block-navigation has-small-font-size\"><li class=\"has-small-font-size wp-block-navigation-item wp-block-navigation-link\"><a class=\"wp-block-navigation-item__content\"  href=\"https:\/\/xn--henduspunkt-shb.ee\/\"><span class=\"wp-block-navigation-item__label\">Avaleht<\/span><\/a><\/li><li class=\"has-small-font-size wp-block-navigation-item wp-block-navigation-link\"><a class=\"wp-block-navigation-item__content\"  href=\"https:\/\/xn--henduspunkt-shb.ee\/teenused\/\"><span class=\"wp-block-navigation-item__label\">Teenused<\/span><\/a><\/li><li class=\"has-small-font-size wp-block-navigation-item wp-block-navigation-link\"><a class=\"wp-block-navigation-item__content\"  href=\"https:\/\/xn--henduspunkt-shb.ee\/meeskond\/\"><span class=\"wp-block-navigation-item__label\">Meeskond<\/span><\/a><\/li><li class=\"has-small-font-size wp-block-navigation-item wp-block-navigation-link\"><a class=\"wp-block-navigation-item__content\"  href=\"https:\/\/xn--henduspunkt-shb.ee\/info\/\"><span class=\"wp-block-navigation-item__label\">Info<\/span><\/a><\/li><li class=\"has-small-font-size wp-block-navigation-item wp-block-navigation-link\"><a class=\"wp-block-navigation-item__content\"  href=\"https:\/\/xn--henduspunkt-shb.ee\/vaimse-tervise-susteem\/\"><span class=\"wp-block-navigation-item__label\">Kuidas t\u00f6\u00f6tab vaimse tervise s\u00fcsteem?<\/span><\/a><\/li><li class=\"has-small-font-size wp-block-navigation-item wp-block-navigation-link\"><a class=\"wp-block-navigation-item__content\"  href=\"https:\/\/xn--henduspunkt-shb.ee\/kontakt\/\"><span class=\"wp-block-navigation-item__label\">Kontakt<\/span><\/a><\/li><\/ul>\n\t\t\t\t\t\t\t<\/div>\n\t\t\t\t\t\t<\/div>\n\t\t\t\t\t<\/div>\n\t\t\t\t<\/div><\/nav><\/div>\n<\/header>\n\n\n\n<div class=\"wp-block-group alignwide has-global-padding is-layout-constrained wp-block-group-is-layout-constrained\" style=\"margin-top:0;margin-bottom:0;padding-top:300px;padding-bottom:100px\">\n<div class=\"wp-block-group has-global-padding is-layout-constrained wp-block-group-is-layout-constrained\">\n<div class=\"wp-block-uagb-advanced-heading-uagb-block-a911ec2e\"><h2 class=\"text\"><p>Aitame sul leida \u00fchendust<\/p> <p><span class=\"word endaga\">iseendaga<\/span>\n    <span class=\"word l\u00e4hedastega\">l\u00e4hedastega<\/span>\n    <span class=\"word kogukonnaga\">kogukonnaga<\/span>\n    <span class=\"word maailmaga\">maailmaga<\/span><\/p><\/h2>\n    <\/div>\n<\/div>\n\n\n\n<h2 class=\"kt-adv-heading23_ec7ea9-9d wp-block-kadence-advancedheading\" data-kb-block=\"kb-adv-heading23_ec7ea9-9d\">Ps\u00fchholoogiline n\u00f5ustamine ja tugi<\/h2>\n\n\n\n<div class=\"wp-block-kadence-advancedbtn kb-buttons-wrap kb-btns23_6cf7de-02\"><a class=\"kb-button kt-button button kb-btn23_161ef4-c7 kt-btn-size-standard kt-btn-width-type-auto kb-btn-global-inherit  kt-btn-has-text-true kt-btn-has-svg-false  wp-block-button__link wp-block-kadence-singlebtn\" href=\"http:\/\/app.broneeri.me\/uhenduspunkt\"><span class=\"kt-btn-inner-text\">Broneeri aeg<\/span><\/a>\n\n<a class=\"kb-button kt-button button kb-btn23_bffd5c-42 kt-btn-size-standard kt-btn-width-type-auto kb-btn-global-inherit  kt-btn-has-text-true kt-btn-has-svg-false  wp-block-button__link wp-block-kadence-singlebtn\" href=\"\/info\"><span class=\"kt-btn-inner-text\">Leia infot<\/span><\/a><\/div>\n\n\n\n<div style=\"margin-top:var(--wp--preset--spacing--20);margin-bottom:var(--wp--preset--spacing--20);height:300px\" aria-hidden=\"true\" class=\"wp-block-spacer\"><\/div>\n\n\n<script>\r\nvar words = document.getElementsByClassName('word'); var wordArray = []; var currentWord = 0; words[currentWord].style.opacity = 1; for (var i = 0; i < words.length; i++) { splitLetters(words[i]); } function changeWord() { var cw = wordArray[currentWord]; var nw = currentWord == words.length-1 ? wordArray[0] : wordArray[currentWord+1]; for (var i = 0; i < cw.length; i++) { animateLetterOut(cw, i); } for (var i = 0; i < nw.length; i++) { nw[i].className = 'letter behind'; nw[0].parentElement.style.opacity = 1; animateLetterIn(nw, i); } currentWord = (currentWord == wordArray.length-1) ? 0 : currentWord+1; } function animateLetterOut(cw, i) { setTimeout(function() { cw[i].className = 'letter out'; }, i*80); } function animateLetterIn(nw, i) { setTimeout(function() { nw[i].className = 'letter in'; }, 340+(i*80)); } function splitLetters(word) { var content = word.innerHTML; word.innerHTML = ''; var letters = []; for (var i = 0; i < content.length; i++) { var letter = document.createElement('span'); letter.className = 'letter'; letter.innerHTML = content.charAt(i); word.appendChild(letter); letters.push(letter); } wordArray.push(letters); } changeWord(); setInterval(changeWord, 3000);<\/script>\n\n\n<style class=\"wpcode-css-snippet\">@import url(https:\/\/fonts.googleapis.com\/css2?family=Montserrat); body { font-family: 'Montserrat', sans-serif; } .text { margin-left: -0px; position:auto; font-weight: 600; font-size: 18; opacity: 80; } p { display: inline-block; vertical-align: top; margin: 0; } .word { position: absolute; width: 400px; opacity: 00; } .letter { display: inline-block; position: relative; float: left; transform: translateZ(25px); transform-origin: 50% 50% 25px; } .letter.out { transform: rotateX(90deg); transition: transform 0.32s cubic-bezier(0.55, 0.055, 0.675, 0.19); } .letter.behind { transform: rotateX(-90deg); } .letter.in { transform: rotateX(0deg); transition: transform 0.38s cubic-bezier(0.175, 0.885, 0.32, 1.275); } @media only screen and (max-width: 481px) { .wp-block-group { font-weight: 600; opacity: 80; } .wp-block-spacer { height: 2000 } .kt-adv-heading23_7ff235-31 { font-weight: 600; font-size:10px; opacity: 80; } .text { margin-left: -0px; margin-right: 120px; position:auto; font-size: 18px; display: flex; justify-content: center; font-weight: 800; } p { display: inline-block; vertical-align: top; margin-right: 0px; margin-left: 0px; } .word { position: absolute; width: 400px; opacity: 00; margin-right:400px; margin-left:5px; } .letter { display: inline-block; position: relative; float: left; transform: translateZ(25px); transform-origin: 50% 50% 25px; } .letter.out { transform: rotateX(90deg); transition: transform 0.32s cubic-bezier(0.55, 0.055, 0.675, 0.19); } .letter.behind { transform: rotateX(-90deg); } .letter.in { transform: rotateX(0deg); transition: transform 0.38s cubic-bezier(0.175, 0.885, 0.32, 1.275); } } #rotator { display: inline-block; } .word { white-space: nowrap; display: inline-block; vertical-align: middle; opacity: 0; transition: opacity .2s; } .letter { display: inline-block; \/* keep letters in a row *\/ } \/* space placeholder *\/ .letter.space { display:inline-block; width: .35em; } \/* tweak width if needed *\/ \/* classes used by the animation script \u2014 adapt these to your existing animation CSS *\/ .letter.behind { transform: translateY(100%); opacity: 0; } .letter.out { transform: translateY(-100%); opacity: 0; transition: transform .45s, opacity .45s; } .letter.in { transform: translateY(0); opacity: 1; transition: transform .45s, opacity .45s; }\"<\/style>\n\n\n\n\n<p style=\"color:#ffffff00; font-style:normal;font-weight:400;\" class=\"has-text-align-center has-link-color wp-elements-ff77e6d0ff816be81f90e74b333501e9 wp-block-site-title has-text-color has-medium-font-size\"><a href=\"https:\/\/xn--henduspunkt-shb.ee\/en\" target=\"_self\" rel=\"home\">&Uuml;henduspunkt<\/a><\/p><\/div>\n\n\n\n<div class=\"wp-block-group alignfull has-global-padding is-layout-constrained wp-block-group-is-layout-constrained\" style=\"padding-top:0;padding-bottom:0\">\n<div class=\"wp-block-group is-layout-flow wp-container-core-group-is-layout-f5bb311e wp-block-group-is-layout-flow\">\n<ul class=\"wp-block-social-links has-normal-icon-size has-icon-color is-style-logos-only is-content-justification-center is-layout-flex wp-container-core-social-links-is-layout-444623b2 wp-block-social-links-is-layout-flex\" style=\"margin-top:var(--wp--preset--spacing--20);margin-bottom:var(--wp--preset--spacing--20)\"><li style=\"color:#F9FAFE;\" class=\"wp-social-link wp-social-link-instagram has-tertiary-color wp-block-social-link\"><a href=\"https:\/\/www.instagram.com\/uhenduspunkt\/\" class=\"wp-block-social-link-anchor\"><svg width=\"24\" height=\"24\" viewBox=\"0 0 24 24\" version=\"1.1\" xmlns=\"http:\/\/www.w3.org\/2000\/svg\" aria-hidden=\"true\" focusable=\"false\"><path d=\"M12,4.622c2.403,0,2.688,0.009,3.637,0.052c0.877,0.04,1.354,0.187,1.671,0.31c0.42,0.163,0.72,0.358,1.035,0.673 c0.315,0.315,0.51,0.615,0.673,1.035c0.123,0.317,0.27,0.794,0.31,1.671c0.043,0.949,0.052,1.234,0.052,3.637 s-0.009,2.688-0.052,3.637c-0.04,0.877-0.187,1.354-0.31,1.671c-0.163,0.42-0.358,0.72-0.673,1.035 c-0.315,0.315-0.615,0.51-1.035,0.673c-0.317,0.123-0.794,0.27-1.671,0.31c-0.949,0.043-1.233,0.052-3.637,0.052 s-2.688-0.009-3.637-0.052c-0.877-0.04-1.354-0.187-1.671-0.31c-0.42-0.163-0.72-0.358-1.035-0.673 c-0.315-0.315-0.51-0.615-0.673-1.035c-0.123-0.317-0.27-0.794-0.31-1.671C4.631,14.688,4.622,14.403,4.622,12 s0.009-2.688,0.052-3.637c0.04-0.877,0.187-1.354,0.31-1.671c0.163-0.42,0.358-0.72,0.673-1.035 c0.315-0.315,0.615-0.51,1.035-0.673c0.317-0.123,0.794-0.27,1.671-0.31C9.312,4.631,9.597,4.622,12,4.622 M12,3 C9.556,3,9.249,3.01,8.289,3.054C7.331,3.098,6.677,3.25,6.105,3.472C5.513,3.702,5.011,4.01,4.511,4.511 c-0.5,0.5-0.808,1.002-1.038,1.594C3.25,6.677,3.098,7.331,3.054,8.289C3.01,9.249,3,9.556,3,12c0,2.444,0.01,2.751,0.054,3.711 c0.044,0.958,0.196,1.612,0.418,2.185c0.23,0.592,0.538,1.094,1.038,1.594c0.5,0.5,1.002,0.808,1.594,1.038 c0.572,0.222,1.227,0.375,2.185,0.418C9.249,20.99,9.556,21,12,21s2.751-0.01,3.711-0.054c0.958-0.044,1.612-0.196,2.185-0.418 c0.592-0.23,1.094-0.538,1.594-1.038c0.5-0.5,0.808-1.002,1.038-1.594c0.222-0.572,0.375-1.227,0.418-2.185 C20.99,14.751,21,14.444,21,12s-0.01-2.751-0.054-3.711c-0.044-0.958-0.196-1.612-0.418-2.185c-0.23-0.592-0.538-1.094-1.038-1.594 c-0.5-0.5-1.002-0.808-1.594-1.038c-0.572-0.222-1.227-0.375-2.185-0.418C14.751,3.01,14.444,3,12,3L12,3z M12,7.378 c-2.552,0-4.622,2.069-4.622,4.622S9.448,16.622,12,16.622s4.622-2.069,4.622-4.622S14.552,7.378,12,7.378z M12,15 c-1.657,0-3-1.343-3-3s1.343-3,3-3s3,1.343,3,3S13.657,15,12,15z M16.804,6.116c-0.596,0-1.08,0.484-1.08,1.08 s0.484,1.08,1.08,1.08c0.596,0,1.08-0.484,1.08-1.08S17.401,6.116,16.804,6.116z\"><\/path><\/svg><span class=\"wp-block-social-link-label screen-reader-text\">https:\/\/www.instagram.com\/uhenduspunkt\/<\/span><\/a><\/li>\n\n<li style=\"color:#F9FAFE;\" class=\"wp-social-link wp-social-link-facebook has-tertiary-color wp-block-social-link\"><a href=\"https:\/\/www.facebook.com\/profile.php?id=61563081792560\" class=\"wp-block-social-link-anchor\"><svg width=\"24\" height=\"24\" viewBox=\"0 0 24 24\" version=\"1.1\" xmlns=\"http:\/\/www.w3.org\/2000\/svg\" aria-hidden=\"true\" focusable=\"false\"><path d=\"M12 2C6.5 2 2 6.5 2 12c0 5 3.7 9.1 8.4 9.9v-7H7.9V12h2.5V9.8c0-2.5 1.5-3.9 3.8-3.9 1.1 0 2.2.2 2.2.2v2.5h-1.3c-1.2 0-1.6.8-1.6 1.6V12h2.8l-.4 2.9h-2.3v7C18.3 21.1 22 17 22 12c0-5.5-4.5-10-10-10z\"><\/path><\/svg><span class=\"wp-block-social-link-label screen-reader-text\">https:\/\/www.facebook.com\/profile.php?id=61563081792560<\/span><\/a><\/li><\/ul>\n<\/div>\n<\/div>\n<\/div><\/div>\n","protected":false},"excerpt":{"rendered":"","protected":false},"author":1,"featured_media":0,"parent":0,"menu_order":0,"comment_status":"closed","ping_status":"closed","template":"avaleht","meta":{"_uag_custom_page_level_css":"","_monsterinsights_skip_tracking":false,"_monsterinsights_sitenote_active":false,"_monsterinsights_sitenote_note":"","_monsterinsights_sitenote_category":0,"footnotes":"","_links_to":"","_links_to_target":""},"class_list":["post-23","page","type-page","status-publish","hentry"],"aioseo_notices":[],"uagb_featured_image_src":{"full":false,"thumbnail":false,"medium":false,"medium_large":false,"large":false,"1536x1536":false,"2048x2048":false,"trp-custom-language-flag":false},"uagb_author_info":{"display_name":"admin","author_link":"https:\/\/xn--henduspunkt-shb.ee\/en\/author\/admin\/"},"uagb_comment_info":0,"uagb_excerpt":null,"_links":{"self":[{"href":"https:\/\/xn--henduspunkt-shb.ee\/en\/wp-json\/wp\/v2\/pages\/23","targetHints":{"allow":["GET"]}}],"collection":[{"href":"https:\/\/xn--henduspunkt-shb.ee\/en\/wp-json\/wp\/v2\/pages"}],"about":[{"href":"https:\/\/xn--henduspunkt-shb.ee\/en\/wp-json\/wp\/v2\/types\/page"}],"author":[{"embeddable":true,"href":"https:\/\/xn--henduspunkt-shb.ee\/en\/wp-json\/wp\/v2\/users\/1"}],"replies":[{"embeddable":true,"href":"https:\/\/xn--henduspunkt-shb.ee\/en\/wp-json\/wp\/v2\/comments?post=23"}],"version-history":[{"count":118,"href":"https:\/\/xn--henduspunkt-shb.ee\/en\/wp-json\/wp\/v2\/pages\/23\/revisions"}],"predecessor-version":[{"id":814,"href":"https:\/\/xn--henduspunkt-shb.ee\/en\/wp-json\/wp\/v2\/pages\/23\/revisions\/814"}],"wp:attachment":[{"href":"https:\/\/xn--henduspunkt-shb.ee\/en\/wp-json\/wp\/v2\/media?parent=23"}],"curies":[{"name":"wp","href":"https:\/\/api.w.org\/{rel}","templated":true}]}}