{"id":278,"date":"2024-10-31T23:09:54","date_gmt":"2024-10-31T21:09:54","guid":{"rendered":"https:\/\/xn--henduspunkt-shb.ee\/?page_id=278"},"modified":"2025-04-16T14:59:16","modified_gmt":"2025-04-16T11:59:16","slug":"timmu","status":"publish","type":"page","link":"https:\/\/xn--henduspunkt-shb.ee\/en\/timmu\/","title":{"rendered":"Timmu"},"content":{"rendered":"<div class=\"wp-block-group alignfull has-global-padding is-layout-constrained wp-block-group-is-layout-constrained\">\n<div class=\"wp-block-cover alignfull\" style=\"margin-top:0px;margin-bottom:0px;padding-top:0;padding-right:0;padding-bottom:0;padding-left:0;min-height:151px;aspect-ratio:unset;\"><span aria-hidden=\"true\" class=\"wp-block-cover__background has-black-background-color has-background-dim-60 has-background-dim\"><\/span><div class=\"wp-block-cover__inner-container is-layout-flow wp-block-cover-is-layout-flow\">\n<div class=\"wp-block-group has-background has-global-padding is-layout-constrained wp-container-core-group-is-layout-4897f5cc wp-block-group-is-layout-constrained\" style=\"background-color:#ffffff00;margin-top:0;margin-bottom:0;padding-top:0;padding-bottom:0\">\n<div class=\"wp-block-group alignwide has-global-padding is-content-justification-center is-layout-constrained wp-block-group-is-layout-constrained\">\n<h1 class=\"wp-block-heading has-text-align-center has-text-color has-x-large-font-size\" style=\"color:#fffffffc;letter-spacing:2px\">Timmu<\/h1>\n\n\n\n<p class=\"has-text-align-center has-text-color\" style=\"color:#fffffffc;margin-top:16px\"><\/p>\n<\/div>\n<\/div>\n<\/div><\/div>\n\n\n\n<div class=\"wp-block-group alignfull has-background-background-color has-background has-global-padding is-layout-constrained wp-container-core-group-is-layout-9b19db8b wp-block-group-is-layout-constrained\" style=\"margin-top:0;margin-bottom:0;padding-top:var(--wp--preset--spacing--60);padding-right:var(--wp--preset--spacing--30);padding-bottom:var(--wp--preset--spacing--60);padding-left:var(--wp--preset--spacing--30)\">\n<div class=\"wp-block-columns alignwide is-layout-flex wp-container-core-columns-is-layout-6376d770 wp-block-columns-is-layout-flex\" style=\"margin-top:0;margin-bottom:0;padding-right:0;padding-left:0\">\n<div class=\"wp-block-column has-global-padding is-layout-constrained wp-container-core-column-is-layout-ca53d2fa wp-block-column-is-layout-constrained\" style=\"padding-top:var(--wp--preset--spacing--20);padding-bottom:var(--wp--preset--spacing--20);flex-basis:45%\">\n<figure class=\"wp-block-image size-full is-style-default\"><img loading=\"lazy\" decoding=\"async\" width=\"960\" height=\"959\" src=\"https:\/\/xn--henduspunkt-shb.ee\/wp-content\/uploads\/2024\/11\/1000004727.jpg\" alt=\"\" class=\"wp-image-383\" style=\"object-fit:cover\" srcset=\"https:\/\/xn--henduspunkt-shb.ee\/wp-content\/uploads\/2024\/11\/1000004727.jpg 960w, https:\/\/xn--henduspunkt-shb.ee\/wp-content\/uploads\/2024\/11\/1000004727-300x300.jpg 300w, https:\/\/xn--henduspunkt-shb.ee\/wp-content\/uploads\/2024\/11\/1000004727-150x150.jpg 150w, https:\/\/xn--henduspunkt-shb.ee\/wp-content\/uploads\/2024\/11\/1000004727-768x767.jpg 768w, https:\/\/xn--henduspunkt-shb.ee\/wp-content\/uploads\/2024\/11\/1000004727-600x599.jpg 600w, https:\/\/xn--henduspunkt-shb.ee\/wp-content\/uploads\/2024\/11\/1000004727-100x100.jpg 100w\" sizes=\"auto, (max-width: 960px) 100vw, 960px\" \/><figcaption class=\"wp-element-caption\"><strong><a href=\"mailto:timmu@\u00fchenduspunkt.ee\" data-type=\"mailto\" data-id=\"mailto:timmu@\u00fchenduspunkt.ee\">timmu@\u00fchenduspunkt.ee<\/a><a href=\"mailto:markemil@\u00fchenduspunkt.ee\" data-type=\"mailto\" data-id=\"mailto:markemil@\u00fchenduspunkt.ee\"><\/a><\/strong><\/figcaption><\/figure>\n<\/div>\n\n\n\n<div class=\"wp-block-column uag-hide-tab uag-hide-mob is-layout-flow wp-block-column-is-layout-flow\" style=\"flex-basis:5%\"><\/div>\n\n\n\n<div class=\"wp-block-column is-layout-flow wp-block-column-is-layout-flow\" style=\"padding-right:0;padding-left:0;flex-basis:65%\">\n<div class=\"wp-block-group has-montserrat-font-family is-layout-flow wp-container-core-group-is-layout-c433d960 wp-block-group-is-layout-flow\" style=\"margin-top:var(--wp--preset--spacing--20);margin-bottom:var(--wp--preset--spacing--20);padding-top:0;padding-bottom:0\">\n<h2 class=\"wp-block-heading has-large-font-size\" style=\"margin-top:0;margin-bottom:0;padding-top:0;padding-right:0;padding-bottom:0;padding-left:0;letter-spacing:2px\"><strong><strong>Psychologist<\/strong><\/strong><\/h2>\n\n\n\n<div class=\"wp-block-group is-layout-flow wp-container-core-group-is-layout-f9cb6abc wp-block-group-is-layout-flow\" style=\"margin-top:0;margin-bottom:0\">\n<p class=\"has-text-align-left has-montserrat-font-family has-medium-font-size\" style=\"margin-top:0;margin-bottom:0\"><strong>Services:<\/strong> <\/p>\n\n\n\n<p class=\"has-text-align-left\" style=\"padding-right:0;padding-bottom:var(--wp--preset--spacing--40);padding-left:var(--wp--preset--spacing--60)\">Psychological counselling 45 minutes 50\u20ac<\/p>\n\n\n\n<p class=\"has-medium-font-size\"><strong>About me:<\/strong> I've always liked to just listen to people - different perspectives, stories, thoughts. Thus, becoming a psychologist was a quite natural journey. My goal is to become a performance psychologist and help people realize their potential. I feel a lot of the times, things aren't talked through enough, which causes a lot of unnecessary conflicts. Connection between people is something, that should be actively worked on to create and maintain.<\/p>\n\n\n\n<p class=\"has-medium-font-size\" style=\"margin-top:0;padding-top:var(--wp--preset--spacing--20);padding-bottom:0\"><strong>Qualifications <\/strong>Psychology master's degree being currently obtained, Mental Health lecturer course, which led to me holding lectures in high schools.<\/p>\n\n\n\n<p class=\"has-text-color has-link-color has-medium-font-size wp-elements-0c4657e6614909345f599ec97d09a50b\" style=\"color:#c2c2c2;margin-top:0;padding-top:0;padding-bottom:var(--wp--preset--spacing--20)\"><\/p>\n\n\n\n<p class=\"has-medium-font-size\" style=\"margin-top:8px\"><strong>Experience:<\/strong> Text-based web counselling at <a href=\"http:\/\/www.lahendus.net\">Lahendus.net<\/a>, Mental Health First-aid knowledge and experience working at a psychiatric hospital<\/p>\n\n\n\n<p class=\"has-medium-font-size\" style=\"margin-top:8px\"><strong><strong>Points of connection:<\/strong> <\/strong>Folk dancing, reading, video games<\/p>\n<\/div>\n<\/div>\n<\/div>\n<\/div>\n<\/div>\n<\/div>","protected":false},"excerpt":{"rendered":"<p>Ps\u00fchholoog Teenused: Ps\u00fchholoogiline n\u00f5ustamine 45 minutit 50\u20ac Minust: Mulle on alati meeldinud inimesi lihtsalt kuulata &#8211; erinevad vaated, lood, m\u00f5tted. Ps\u00fchholoogiani j\u00f5udmine oli seet\u00f5ttu \u00fcpris loomulik teekond. Soovin saada sooritusps\u00fchholoogiks ning aidata inimestel realiseerida oma potentsiaal. Tunnen, et omavahel ei r\u00e4\u00e4gita piisavalt asju selgeks, mis tekitab paljusid asjatuid konflikte. Omavaheline \u00fchendus on miski, mida peaks [&hellip;]<\/p>\n","protected":false},"author":1,"featured_media":0,"parent":0,"menu_order":0,"comment_status":"closed","ping_status":"closed","template":"","meta":{"_uag_custom_page_level_css":"","_monsterinsights_skip_tracking":false,"_monsterinsights_sitenote_active":false,"_monsterinsights_sitenote_note":"","_monsterinsights_sitenote_category":0,"footnotes":"","_links_to":"","_links_to_target":""},"class_list":["post-278","page","type-page","status-publish","hentry"],"aioseo_notices":[],"uagb_featured_image_src":{"full":false,"thumbnail":false,"medium":false,"medium_large":false,"large":false,"1536x1536":false,"2048x2048":false,"trp-custom-language-flag":false},"uagb_author_info":{"display_name":"admin","author_link":"https:\/\/xn--henduspunkt-shb.ee\/en\/author\/admin\/"},"uagb_comment_info":0,"uagb_excerpt":"Ps\u00fchholoog Teenused: Ps\u00fchholoogiline n\u00f5ustamine 45 minutit 50\u20ac Minust: Mulle on alati meeldinud inimesi lihtsalt kuulata &#8211; erinevad vaated, lood, m\u00f5tted. Ps\u00fchholoogiani j\u00f5udmine oli seet\u00f5ttu \u00fcpris loomulik teekond. Soovin saada sooritusps\u00fchholoogiks ning aidata inimestel realiseerida oma potentsiaal. Tunnen, et omavahel ei r\u00e4\u00e4gita piisavalt asju selgeks, mis tekitab paljusid asjatuid konflikte. Omavaheline \u00fchendus on miski, mida peaks&hellip;","_links":{"self":[{"href":"https:\/\/xn--henduspunkt-shb.ee\/en\/wp-json\/wp\/v2\/pages\/278","targetHints":{"allow":["GET"]}}],"collection":[{"href":"https:\/\/xn--henduspunkt-shb.ee\/en\/wp-json\/wp\/v2\/pages"}],"about":[{"href":"https:\/\/xn--henduspunkt-shb.ee\/en\/wp-json\/wp\/v2\/types\/page"}],"author":[{"embeddable":true,"href":"https:\/\/xn--henduspunkt-shb.ee\/en\/wp-json\/wp\/v2\/users\/1"}],"replies":[{"embeddable":true,"href":"https:\/\/xn--henduspunkt-shb.ee\/en\/wp-json\/wp\/v2\/comments?post=278"}],"version-history":[{"count":25,"href":"https:\/\/xn--henduspunkt-shb.ee\/en\/wp-json\/wp\/v2\/pages\/278\/revisions"}],"predecessor-version":[{"id":734,"href":"https:\/\/xn--henduspunkt-shb.ee\/en\/wp-json\/wp\/v2\/pages\/278\/revisions\/734"}],"wp:attachment":[{"href":"https:\/\/xn--henduspunkt-shb.ee\/en\/wp-json\/wp\/v2\/media?parent=278"}],"curies":[{"name":"wp","href":"https:\/\/api.w.org\/{rel}","templated":true}]}}