{"id":322,"date":"2024-10-31T23:35:06","date_gmt":"2024-10-31T21:35:06","guid":{"rendered":"https:\/\/xn--henduspunkt-shb.ee\/?page_id=322"},"modified":"2026-02-02T14:02:03","modified_gmt":"2026-02-02T12:02:03","slug":"mark-emil","status":"publish","type":"page","link":"https:\/\/xn--henduspunkt-shb.ee\/en\/mark-emil\/","title":{"rendered":"Mark-Emil"},"content":{"rendered":"<div class=\"wp-block-group alignfull has-global-padding is-layout-constrained wp-block-group-is-layout-constrained\">\n<div class=\"wp-block-cover alignfull\" style=\"margin-top:0px;margin-bottom:0px;padding-top:0;padding-right:0;padding-bottom:0;padding-left:0;min-height:151px;aspect-ratio:unset;\"><span aria-hidden=\"true\" class=\"wp-block-cover__background has-black-background-color has-background-dim-60 has-background-dim\"><\/span><div class=\"wp-block-cover__inner-container is-layout-flow wp-block-cover-is-layout-flow\">\n<div class=\"wp-block-group has-background has-global-padding is-layout-constrained wp-container-core-group-is-layout-4897f5cc wp-block-group-is-layout-constrained\" style=\"background-color:#ffffff00;margin-top:0;margin-bottom:0;padding-top:0;padding-bottom:0\">\n<div class=\"wp-block-group alignwide has-global-padding is-content-justification-center is-layout-constrained wp-block-group-is-layout-constrained\">\n<h1 class=\"wp-block-heading has-text-align-center has-text-color has-x-large-font-size\" style=\"color:#fffffffc;letter-spacing:2px\">Mark-Emil Luik<\/h1>\n\n\n\n<p class=\"has-text-align-center has-text-color\" style=\"color:#fffffffc;margin-top:16px\"><\/p>\n<\/div>\n<\/div>\n<\/div><\/div>\n\n\n\n<div class=\"wp-block-group alignfull has-background-background-color has-background has-global-padding is-layout-constrained wp-container-core-group-is-layout-9b19db8b wp-block-group-is-layout-constrained\" style=\"margin-top:0;margin-bottom:0;padding-top:var(--wp--preset--spacing--60);padding-right:var(--wp--preset--spacing--30);padding-bottom:var(--wp--preset--spacing--60);padding-left:var(--wp--preset--spacing--30)\">\n<div class=\"wp-block-columns alignwide is-layout-flex wp-container-core-columns-is-layout-6376d770 wp-block-columns-is-layout-flex\" style=\"margin-top:0;margin-bottom:0;padding-right:0;padding-left:0\">\n<div class=\"wp-block-column is-layout-flow wp-container-core-column-is-layout-10ec649b wp-block-column-is-layout-flow\" style=\"padding-top:var(--wp--preset--spacing--20);padding-bottom:var(--wp--preset--spacing--20);flex-basis:45%\">\n<figure class=\"wp-block-image size-full is-style-default\"><img loading=\"lazy\" decoding=\"async\" width=\"558\" height=\"558\" src=\"https:\/\/xn--henduspunkt-shb.ee\/wp-content\/uploads\/2024\/12\/IMG_20241113_231749_4542121.jpg\" alt=\"\" class=\"wp-image-708\" style=\"aspect-ratio:1;object-fit:cover\" srcset=\"https:\/\/xn--henduspunkt-shb.ee\/wp-content\/uploads\/2024\/12\/IMG_20241113_231749_4542121.jpg 558w, https:\/\/xn--henduspunkt-shb.ee\/wp-content\/uploads\/2024\/12\/IMG_20241113_231749_4542121-300x300.jpg 300w, https:\/\/xn--henduspunkt-shb.ee\/wp-content\/uploads\/2024\/12\/IMG_20241113_231749_4542121-150x150.jpg 150w, https:\/\/xn--henduspunkt-shb.ee\/wp-content\/uploads\/2024\/12\/IMG_20241113_231749_4542121-100x100.jpg 100w\" sizes=\"auto, (max-width: 558px) 100vw, 558px\" \/><figcaption class=\"wp-element-caption\"><a href=\"mailto:markemil@\u00fchenduspunkt.ee\" data-type=\"mailto\" data-id=\"mailto:markemil@\u00fchenduspunkt.ee\"><strong>markemil@\u00fchenduspunkt.ee<\/strong><\/a><\/figcaption><\/figure>\n<\/div>\n\n\n\n<div class=\"wp-block-column uag-hide-tab uag-hide-mob is-layout-flow wp-block-column-is-layout-flow\" style=\"flex-basis:5%\"><\/div>\n\n\n\n<div class=\"wp-block-column is-layout-flow wp-block-column-is-layout-flow\" style=\"padding-right:0;padding-left:0;flex-basis:65%\">\n<div class=\"wp-block-group has-montserrat-font-family is-layout-flow wp-container-core-group-is-layout-c433d960 wp-block-group-is-layout-flow\" style=\"margin-top:var(--wp--preset--spacing--20);margin-bottom:var(--wp--preset--spacing--20);padding-top:0;padding-bottom:0\">\n<h2 class=\"wp-block-heading has-large-font-size\" style=\"margin-top:0;margin-bottom:0;padding-top:0;padding-right:0;padding-bottom:0;padding-left:0;letter-spacing:2px\"><strong>Psychologist<\/strong><\/h2>\n\n\n\n<div class=\"wp-block-group is-layout-flow wp-container-core-group-is-layout-f9cb6abc wp-block-group-is-layout-flow\" style=\"margin-top:0;margin-bottom:0\">\n<p class=\"has-text-align-left has-montserrat-font-family has-medium-font-size\" style=\"margin-top:0;margin-bottom:0\"><strong>Services:<\/strong> <\/p>\n\n\n\n<p class=\"has-text-align-left\" style=\"padding-right:0;padding-bottom:var(--wp--preset--spacing--40);padding-left:var(--wp--preset--spacing--60)\">Psychological counselling 45 minutes 60\u20ac<br>Support groups 120 minutes (coming soon)<\/p>\n\n\n\n<p class=\"has-medium-font-size\"><strong>About me:<\/strong> I approach every client individually and want everyone, regardless of background, to feel safe in my counselling room. I practice transdiagnostically, because I believe we have all learned different methods of coping with life's challenges and pathologising helps nobody. I believe as a society, we put too much value on personal responsibility (you can't and you shouldn't have to deal with everything alone), we have too much guilt and shame and too little connectedness.<\/p>\n\n\n\n<p class=\"has-medium-font-size\" style=\"margin-top:0;padding-top:var(--wp--preset--spacing--20);padding-bottom:0\"><strong>Qualifications <\/strong>Counselling Psychology master's degree is currently being obtained, Introduction to Systemic Family Therapy currently being obtained, psychological literature<\/p>\n\n\n\n<p class=\"has-text-color has-link-color has-medium-font-size wp-elements-e90916f33a4d9b709e67977358472824\" style=\"color:#c2c2c2;margin-top:0;padding-top:0;padding-bottom:var(--wp--preset--spacing--20)\">8-week Mindfulness and Self-Compassion course, Mental Health First-aid course, Psychology bachelor's degree, EFT workshops, Young men's sexual health and porn, Autism, EU-Promens community mental health programme, Hakomi workshops, Trauma-informed practice, other psychology and sexual health courses and conferences.<\/p>\n\n\n\n<p class=\"has-medium-font-size\" style=\"margin-top:8px\"><strong>Experience:<\/strong> Currently working with adults and youth in private practice for the last 6 months. I am also working with high school students as a school counselor. Previously I have worked with special needs children and their parents in social rehabilitation. I also worked in IT for years.<\/p>\n\n\n\n<p class=\"has-medium-font-size\" style=\"margin-top:8px\"><strong>Points of connection:<\/strong> Fantasy literature, neurodivergence, traumas, being human<\/p>\n<\/div>\n<\/div>\n<\/div>\n<\/div>\n<\/div>\n<\/div>","protected":false},"excerpt":{"rendered":"<p>Ps\u00fchholoog Teenused: Ps\u00fchholoogiline n\u00f5ustamine 45 minutit 60\u20acToetavad vestlusringid 120 minutit 10\u20ac (tulemas) Minust: L\u00e4henen igale kliendile individuaalselt ja tahan, et olenemata taustast, saaksid k\u00f5ik ennast turvaliselt tunda minu n\u00f5ustamisel. Pean \u00f5igeks diagnooside-\u00fclest l\u00e4henemist, sest elu v\u00e4ljakutsetega toime tulemiseks oleme me k\u00f5ik \u00f5ppinud erinevaid toimetuleku meetodeid ja taunin patologiseerimist. Usun, et \u00fchiskonnana paneme liialt r\u00f5hku \u00fcksikisiku [&hellip;]<\/p>\n","protected":false},"author":1,"featured_media":0,"parent":0,"menu_order":0,"comment_status":"closed","ping_status":"closed","template":"","meta":{"_uag_custom_page_level_css":"","_monsterinsights_skip_tracking":false,"_monsterinsights_sitenote_active":false,"_monsterinsights_sitenote_note":"","_monsterinsights_sitenote_category":0,"footnotes":"","_links_to":"","_links_to_target":""},"class_list":["post-322","page","type-page","status-publish","hentry"],"aioseo_notices":[],"uagb_featured_image_src":{"full":false,"thumbnail":false,"medium":false,"medium_large":false,"large":false,"1536x1536":false,"2048x2048":false,"trp-custom-language-flag":false},"uagb_author_info":{"display_name":"admin","author_link":"https:\/\/xn--henduspunkt-shb.ee\/en\/author\/admin\/"},"uagb_comment_info":0,"uagb_excerpt":"Ps\u00fchholoog Teenused: Ps\u00fchholoogiline n\u00f5ustamine 45 minutit 60\u20acToetavad vestlusringid 120 minutit 10\u20ac (tulemas) Minust: L\u00e4henen igale kliendile individuaalselt ja tahan, et olenemata taustast, saaksid k\u00f5ik ennast turvaliselt tunda minu n\u00f5ustamisel. Pean \u00f5igeks diagnooside-\u00fclest l\u00e4henemist, sest elu v\u00e4ljakutsetega toime tulemiseks oleme me k\u00f5ik \u00f5ppinud erinevaid toimetuleku meetodeid ja taunin patologiseerimist. Usun, et \u00fchiskonnana paneme liialt r\u00f5hku \u00fcksikisiku&hellip;","_links":{"self":[{"href":"https:\/\/xn--henduspunkt-shb.ee\/en\/wp-json\/wp\/v2\/pages\/322","targetHints":{"allow":["GET"]}}],"collection":[{"href":"https:\/\/xn--henduspunkt-shb.ee\/en\/wp-json\/wp\/v2\/pages"}],"about":[{"href":"https:\/\/xn--henduspunkt-shb.ee\/en\/wp-json\/wp\/v2\/types\/page"}],"author":[{"embeddable":true,"href":"https:\/\/xn--henduspunkt-shb.ee\/en\/wp-json\/wp\/v2\/users\/1"}],"replies":[{"embeddable":true,"href":"https:\/\/xn--henduspunkt-shb.ee\/en\/wp-json\/wp\/v2\/comments?post=322"}],"version-history":[{"count":30,"href":"https:\/\/xn--henduspunkt-shb.ee\/en\/wp-json\/wp\/v2\/pages\/322\/revisions"}],"predecessor-version":[{"id":813,"href":"https:\/\/xn--henduspunkt-shb.ee\/en\/wp-json\/wp\/v2\/pages\/322\/revisions\/813"}],"wp:attachment":[{"href":"https:\/\/xn--henduspunkt-shb.ee\/en\/wp-json\/wp\/v2\/media?parent=322"}],"curies":[{"name":"wp","href":"https:\/\/api.w.org\/{rel}","templated":true}]}}