{"id":566,"date":"2024-12-06T16:41:46","date_gmt":"2024-12-06T14:41:46","guid":{"rendered":"https:\/\/xn--henduspunkt-shb.ee\/?page_id=566"},"modified":"2025-03-17T10:22:23","modified_gmt":"2025-03-17T08:22:23","slug":"meist","status":"publish","type":"page","link":"https:\/\/xn--henduspunkt-shb.ee\/en\/meist\/","title":{"rendered":"About us"},"content":{"rendered":"<div class=\"wp-block-group alignfull has-background-background-color has-background has-global-padding is-layout-constrained wp-container-core-group-is-layout-7276a2bb wp-block-group-is-layout-constrained\" style=\"margin-top:0;margin-bottom:0;padding-top:var(--wp--preset--spacing--60);padding-right:var(--wp--preset--spacing--30);padding-bottom:var(--wp--preset--spacing--60);padding-left:var(--wp--preset--spacing--30)\">\n<div class=\"wp-block-columns alignwide are-vertically-aligned-center is-layout-flex wp-container-core-columns-is-layout-47c06fe3 wp-block-columns-is-layout-flex\">\n<div class=\"wp-block-column is-vertically-aligned-center is-layout-flow wp-block-column-is-layout-flow\" style=\"flex-basis:80%\">\n<h2 class=\"wp-block-heading has-text-align-left\">Meie missioon ja v\u00e4\u00e4rtused<\/h2>\n\n\n\n<p style=\"margin-top:16px\">\u00dchenduspunkt, nagu nimigi \u00fctleb, on koht, kus \u00fchendutakse. See s\u00fcndis soovist luua kogukondlik ruum, kus iga\u00fcks saab \u00f5ppida leidma kontakti enda ja teistega. Eelk\u00f5ige tahame anda inimestele kogemust, et nad saavad tunda ennast turvaliselt, kuulduna, m\u00f5istetuna. Usume, et tahe selle j\u00e4rele on see mis on meil k\u00f5igil \u00fchist. Seet\u00f5ttu oleme alustanud esmalt ps\u00fchholoogilise n\u00f5ustamise pakkumise ja \u00fcrituste korraldamisega.<\/p>\n\n\n\n<p><strong>Meie v\u00e4\u00e4rtusteks on:<\/strong><br><br><strong>Turvalisus:<\/strong> Et iga klient tunneks end meie juures nii turvaliselt kui v\u00f5imalik.<\/p>\n\n\n\n<p style=\"margin-top:var(--wp--preset--spacing--20);margin-bottom:var(--wp--preset--spacing--20)\"><strong>Individuaalsus<\/strong>: Et iga klient tunneks, et l\u00e4henetakse tema personaalsete vajaduste p\u00f5hjal.<\/p>\n\n\n\n<p style=\"margin-top:0px\"><strong>Toetus<\/strong>: Et iga klient tunneks, et saab toe mida vajab.<\/p>\n<\/div>\n\n\n\n<div class=\"wp-block-column is-vertically-aligned-center is-layout-flow wp-container-core-column-is-layout-f5bb311e wp-block-column-is-layout-flow\" style=\"flex-basis:50%\">\n<figure class=\"wp-block-image\"><img loading=\"lazy\" decoding=\"async\" width=\"1080\" height=\"720\" src=\"https:\/\/xn--henduspunkt-shb.ee\/wp-content\/uploads\/2024\/12\/image-3.jpg\" alt=\"\" class=\"wp-image-573\" style=\"aspect-ratio:4\/3;object-fit:cover\" srcset=\"https:\/\/xn--henduspunkt-shb.ee\/wp-content\/uploads\/2024\/12\/image-3.jpg 1080w, https:\/\/xn--henduspunkt-shb.ee\/wp-content\/uploads\/2024\/12\/image-3-300x200.jpg 300w, https:\/\/xn--henduspunkt-shb.ee\/wp-content\/uploads\/2024\/12\/image-3-1024x683.jpg 1024w, https:\/\/xn--henduspunkt-shb.ee\/wp-content\/uploads\/2024\/12\/image-3-768x512.jpg 768w, https:\/\/xn--henduspunkt-shb.ee\/wp-content\/uploads\/2024\/12\/image-3-600x400.jpg 600w\" sizes=\"auto, (max-width: 1080px) 100vw, 1080px\" \/><\/figure>\n<\/div>\n<\/div>\n<\/div>\n\n\n\n<div class=\"wp-block-group alignfull has-background-background-color has-background has-global-padding is-layout-constrained wp-container-core-group-is-layout-7276a2bb wp-block-group-is-layout-constrained\" style=\"margin-top:0;margin-bottom:0;padding-top:var(--wp--preset--spacing--60);padding-right:var(--wp--preset--spacing--30);padding-bottom:var(--wp--preset--spacing--60);padding-left:var(--wp--preset--spacing--30)\">\n<div class=\"wp-block-columns alignwide are-vertically-aligned-center is-layout-flex wp-container-core-columns-is-layout-47c06fe3 wp-block-columns-is-layout-flex\">\n<div class=\"wp-block-column is-vertically-aligned-center is-layout-flow wp-container-core-column-is-layout-f5bb311e wp-block-column-is-layout-flow\" style=\"flex-basis:50%\">\n<figure class=\"wp-block-image\"><img loading=\"lazy\" decoding=\"async\" width=\"1280\" height=\"853\" src=\"https:\/\/xn--henduspunkt-shb.ee\/wp-content\/uploads\/2024\/12\/e721fc1104d074e6de4c1600382a6977d9a05651.jpg\" alt=\"\" class=\"wp-image-577\" style=\"aspect-ratio:4\/3;object-fit:cover\" srcset=\"https:\/\/xn--henduspunkt-shb.ee\/wp-content\/uploads\/2024\/12\/e721fc1104d074e6de4c1600382a6977d9a05651.jpg 1280w, https:\/\/xn--henduspunkt-shb.ee\/wp-content\/uploads\/2024\/12\/e721fc1104d074e6de4c1600382a6977d9a05651-300x200.jpg 300w, https:\/\/xn--henduspunkt-shb.ee\/wp-content\/uploads\/2024\/12\/e721fc1104d074e6de4c1600382a6977d9a05651-1024x682.jpg 1024w, https:\/\/xn--henduspunkt-shb.ee\/wp-content\/uploads\/2024\/12\/e721fc1104d074e6de4c1600382a6977d9a05651-768x512.jpg 768w, https:\/\/xn--henduspunkt-shb.ee\/wp-content\/uploads\/2024\/12\/e721fc1104d074e6de4c1600382a6977d9a05651-600x400.jpg 600w\" sizes=\"auto, (max-width: 1280px) 100vw, 1280px\" \/><\/figure>\n<\/div>\n\n\n\n<div class=\"wp-block-column is-vertically-aligned-center is-layout-flow wp-block-column-is-layout-flow\" style=\"flex-basis:60%\">\n<h2 class=\"wp-block-heading has-text-align-left has-large-font-size\">Meie meeskond<\/h2>\n\n\n\n<p style=\"margin-top:16px\">Meie p\u00fchendunud meeskond koosneb kahest ps\u00fchholoogist ja \u00fchest kogemusn\u00f5ustajast, kes on valmis teid toetama teie teekonnal. Pakume individuaalset n\u00f5ustamist ning peagi alustame ka vaimse tervise tugigruppidega. Tutvu meie meeskonnaga l\u00e4hemalt <a href=\"https:\/\/xn--henduspunkt-shb.ee\/en\/meeskond\/\" data-type=\"page\" data-id=\"21\">meeskonna lehel<\/a>.<\/p>\n<\/div>\n<\/div>\n<\/div>\n\n\n\n<div class=\"wp-block-group alignfull has-background-background-color has-background has-global-padding is-layout-constrained wp-container-core-group-is-layout-7276a2bb wp-block-group-is-layout-constrained\" style=\"margin-top:0;margin-bottom:0;padding-top:var(--wp--preset--spacing--60);padding-right:var(--wp--preset--spacing--30);padding-bottom:var(--wp--preset--spacing--60);padding-left:var(--wp--preset--spacing--30)\">\n<div class=\"wp-block-columns alignwide are-vertically-aligned-center is-layout-flex wp-container-core-columns-is-layout-47c06fe3 wp-block-columns-is-layout-flex\">\n<div class=\"wp-block-column is-vertically-aligned-center is-layout-flow wp-container-core-column-is-layout-f5bb311e wp-block-column-is-layout-flow\" style=\"flex-basis:50%\"><div class=\"kb-google-maps-container kb-google-maps-container566_eef854-cd  wp-block-kadence-googlemaps\" data-mapid=\"566_eef854cd\"><iframe width=\"100%\" height=\"100%\"\n\t\t\t\t\t\t\tstyle=\"border:0\" loading=\"lazy\"\n\t\t\t\t\t\t\tsrc=\"https:\/\/www.google.com\/maps\/embed\/v1\/place?key=AIzaSyBAM2o7PiQqwk15LC1XRH2e_KJ-jUa7KYk&#038;zoom=16&#038;maptype=roadmap&#038;q=%C3%9Chenduspunkt\"\n\t\t\t\t\t\t\ttitle=\"Google map of \u00dchenduspunkt\"><\/iframe><\/div><script>function kb_google_map566_eef854cd() { let center = { lat: 37.8201, lng: -122.4781}; let map = new google.maps.Map(document.getElementById(\"kb-google-map566_eef854cd\"), {\n\t\t\t\t\t    zoom: 16,\n\t\t\t\t\t    center: center,});let marker = new google.maps.Marker({   position: { lat: 37.8201, lng: -122.4781},    map: map,  });}<\/script><\/div>\n\n\n\n<div class=\"wp-block-column is-vertically-aligned-center is-layout-flow wp-block-column-is-layout-flow\" style=\"flex-basis:60%\">\n<h2 class=\"wp-block-heading has-text-align-left has-large-font-size\">Where to find us?<\/h2>\n\n\n\n<p style=\"margin-top:16px\">Asume Tartu s\u00fcdames, et oleksime h\u00f5lpsasti ligip\u00e4\u00e4setavad k\u00f5igile, kes vajavad meie teenuseid.<br><br>\u00dchenduspunkt<br>Soola 1a-71<br>51004, Tartu, Eesti<\/p>\n\n\n\n<p style=\"margin-top:16px\">V\u00f5ta meiega \u00fchendust, et leppida kokku aeg v\u00f5i saada lisainformatsiooni. Oleme siin, et toetada sind igal sammul.<\/p>\n<\/div>\n<\/div>\n<\/div>","protected":false},"excerpt":{"rendered":"<p>Meie missioon ja v\u00e4\u00e4rtused \u00dchenduspunkt, nagu nimigi \u00fctleb, on koht, kus \u00fchendutakse. See s\u00fcndis soovist luua kogukondlik ruum, kus iga\u00fcks saab \u00f5ppida leidma kontakti enda ja teistega. Eelk\u00f5ige tahame anda inimestele kogemust, et nad saavad tunda ennast turvaliselt, kuulduna, m\u00f5istetuna. Usume, et tahe selle j\u00e4rele on see mis on meil k\u00f5igil \u00fchist. Seet\u00f5ttu oleme alustanud [&hellip;]<\/p>\n","protected":false},"author":1,"featured_media":0,"parent":0,"menu_order":0,"comment_status":"closed","ping_status":"closed","template":"","meta":{"_uag_custom_page_level_css":"","_monsterinsights_skip_tracking":false,"_monsterinsights_sitenote_active":false,"_monsterinsights_sitenote_note":"","_monsterinsights_sitenote_category":0,"footnotes":"","_links_to":"","_links_to_target":""},"class_list":["post-566","page","type-page","status-publish","hentry"],"aioseo_notices":[],"uagb_featured_image_src":{"full":false,"thumbnail":false,"medium":false,"medium_large":false,"large":false,"1536x1536":false,"2048x2048":false,"trp-custom-language-flag":false},"uagb_author_info":{"display_name":"admin","author_link":"https:\/\/xn--henduspunkt-shb.ee\/en\/author\/admin\/"},"uagb_comment_info":0,"uagb_excerpt":"Meie missioon ja v\u00e4\u00e4rtused \u00dchenduspunkt, nagu nimigi \u00fctleb, on koht, kus \u00fchendutakse. See s\u00fcndis soovist luua kogukondlik ruum, kus iga\u00fcks saab \u00f5ppida leidma kontakti enda ja teistega. Eelk\u00f5ige tahame anda inimestele kogemust, et nad saavad tunda ennast turvaliselt, kuulduna, m\u00f5istetuna. Usume, et tahe selle j\u00e4rele on see mis on meil k\u00f5igil \u00fchist. Seet\u00f5ttu oleme alustanud&hellip;","_links":{"self":[{"href":"https:\/\/xn--henduspunkt-shb.ee\/en\/wp-json\/wp\/v2\/pages\/566","targetHints":{"allow":["GET"]}}],"collection":[{"href":"https:\/\/xn--henduspunkt-shb.ee\/en\/wp-json\/wp\/v2\/pages"}],"about":[{"href":"https:\/\/xn--henduspunkt-shb.ee\/en\/wp-json\/wp\/v2\/types\/page"}],"author":[{"embeddable":true,"href":"https:\/\/xn--henduspunkt-shb.ee\/en\/wp-json\/wp\/v2\/users\/1"}],"replies":[{"embeddable":true,"href":"https:\/\/xn--henduspunkt-shb.ee\/en\/wp-json\/wp\/v2\/comments?post=566"}],"version-history":[{"count":9,"href":"https:\/\/xn--henduspunkt-shb.ee\/en\/wp-json\/wp\/v2\/pages\/566\/revisions"}],"predecessor-version":[{"id":722,"href":"https:\/\/xn--henduspunkt-shb.ee\/en\/wp-json\/wp\/v2\/pages\/566\/revisions\/722"}],"wp:attachment":[{"href":"https:\/\/xn--henduspunkt-shb.ee\/en\/wp-json\/wp\/v2\/media?parent=566"}],"curies":[{"name":"wp","href":"https:\/\/api.w.org\/{rel}","templated":true}]}}