{"id":576,"date":"2024-12-05T13:14:56","date_gmt":"2024-12-05T11:14:56","guid":{"rendered":"https:\/\/xn--henduspunkt-shb.ee\/?page_id=576"},"modified":"2026-02-02T12:19:03","modified_gmt":"2026-02-02T10:19:03","slug":"teenused","status":"publish","type":"page","link":"https:\/\/xn--henduspunkt-shb.ee\/en\/teenused\/","title":{"rendered":"Services"},"content":{"rendered":"<div class=\"wp-block-group alignfull has-background has-global-padding is-layout-constrained wp-container-core-group-is-layout-124f757b wp-block-group-is-layout-constrained\" style=\"background-color:#ffffff00;padding-top:0;padding-right:0;padding-bottom:0;padding-left:0\">\n<div class=\"wp-block-cover alignfull\" style=\"margin-top:0px;margin-bottom:0px;padding-top:0;padding-right:0;padding-bottom:0;padding-left:0;min-height:151px;aspect-ratio:unset;\"><span aria-hidden=\"true\" class=\"wp-block-cover__background has-black-background-color has-background-dim-60 has-background-dim\"><\/span><div class=\"wp-block-cover__inner-container is-layout-flow wp-block-cover-is-layout-flow\">\n<div class=\"wp-block-group has-background has-global-padding is-layout-constrained wp-container-core-group-is-layout-4897f5cc wp-block-group-is-layout-constrained\" style=\"background-color:#ffffff00;margin-top:0;margin-bottom:0;padding-top:0;padding-bottom:0\">\n<div class=\"wp-block-group alignwide has-global-padding is-content-justification-center is-layout-constrained wp-block-group-is-layout-constrained\">\n<h1 class=\"wp-block-heading has-text-align-center has-text-color has-x-large-font-size\" style=\"color:#fffffffc;letter-spacing:2px\">Our services<\/h1>\n\n\n\n<p class=\"has-text-align-center has-text-color\" style=\"color:#fffffffc;margin-top:16px\">Here you can find frequently asked questions about our services!<\/p>\n<\/div>\n<\/div>\n<\/div><\/div>\n\n\n\n<div class=\"wp-block-group alignfull l\u00fchike-tekst has-tertiary-background-color has-background is-layout-flow wp-block-group-is-layout-flow\" id=\"l\u00fchike\" style=\"margin-top:0;margin-bottom:0;padding-top:var(--wp--preset--spacing--20)\">\n<div class=\"wp-block-kadence-accordion alignnone\"><div class=\"kt-accordion-wrap kt-accordion-id576_e34987-f5 kt-accordion-has-30-panes kt-active-pane-0 kt-accordion-block kt-pane-header-alignment-left kt-accodion-icon-style-basic kt-accodion-icon-side-right\" style=\"max-width:none\"><div class=\"kt-accordion-inner-wrap\" data-allow-multiple-open=\"false\" data-start-open=\"0\">\n<div class=\"wp-block-kadence-pane kt-accordion-pane kt-accordion-pane-3 kt-pane576_54f0ee-ea\"><h2 class=\"kt-accordion-header-wrap\"><button class=\"kt-blocks-accordion-header kt-acccordion-button-label-show\" type=\"button\"><span class=\"kt-blocks-accordion-title-wrap\"><span class=\"kt-blocks-accordion-title\">What kind of services do you offer?<\/span><\/span><span class=\"kt-blocks-accordion-icon-trigger\"><\/span><\/button><\/h2><div class=\"kt-accordion-panel kt-accordion-panel-hidden\"><div class=\"kt-accordion-panel-inner\">\n<p>Right now we offer psychological counselling to both youth and adults.<\/p>\n<\/div><\/div><\/div>\n\n\n\n<div class=\"wp-block-kadence-pane kt-accordion-pane kt-accordion-pane-21 kt-pane576_6f4d9f-a2\"><h2 class=\"kt-accordion-header-wrap\"><button class=\"kt-blocks-accordion-header kt-acccordion-button-label-show\" type=\"button\"><span class=\"kt-blocks-accordion-title-wrap\"><span class=\"kt-blocks-accordion-title\">Millised on teie teenuste tasud?<\/span><\/span><span class=\"kt-blocks-accordion-icon-trigger\"><\/span><\/button><\/h2><div class=\"kt-accordion-panel kt-accordion-panel-hidden\"><div class=\"kt-accordion-panel-inner\">\n<p>Teenuste hinnad s\u00f5ltuvad n\u00f5ustamise t\u00fc\u00fcbist ja kestusest. Ps\u00fchholoogiline n\u00f5ustamine on \u00fcldjuhul 60\u20ac. T\u00e4pse hinnakirja leiad meeskonnaliikme juurest, broneerimislehelt v\u00f5i saad k\u00fcsida infot otse meiega \u00fchendust v\u00f5ttes.<\/p>\n<\/div><\/div><\/div>\n\n\n\n<div class=\"wp-block-kadence-pane kt-accordion-pane kt-accordion-pane-5 kt-pane576_b1e3cf-11\"><h2 class=\"kt-accordion-header-wrap\"><button class=\"kt-blocks-accordion-header kt-acccordion-button-label-show\" type=\"button\"><span class=\"kt-blocks-accordion-title-wrap\"><span class=\"kt-blocks-accordion-title\">Milline kvalifikatsioon on teie ps\u00fchholoogidel?<\/span><\/span><span class=\"kt-blocks-accordion-icon-trigger\"><\/span><\/button><\/h2><div class=\"kt-accordion-panel kt-accordion-panel-hidden\"><div class=\"kt-accordion-panel-inner\">\n<p>Hetkel t\u00f6\u00f6tavad meil ainult bakalaureusekraadiga ps\u00fchholoogid, kellel on magister omandamisel. Praktilist kogemust on v\u00e4hem, kuid on v\u00e4rskeimad teadmised \u00fclikoolist<\/p>\n<\/div><\/div><\/div>\n\n\n\n<div class=\"wp-block-kadence-pane kt-accordion-pane kt-accordion-pane-23 kt-pane576_c7cba1-f4\"><h2 class=\"kt-accordion-header-wrap\"><button class=\"kt-blocks-accordion-header kt-acccordion-button-label-show\" type=\"button\"><span class=\"kt-blocks-accordion-title-wrap\"><span class=\"kt-blocks-accordion-title\">Kas te pakute veebip\u00f5hiseid n\u00f5ustamisseansse?<\/span><\/span><span class=\"kt-blocks-accordion-icon-trigger\"><\/span><\/button><\/h2><div class=\"kt-accordion-panel kt-accordion-panel-hidden\"><div class=\"kt-accordion-panel-inner\">\n<p>Jah, pakume eelneval kokkuleppel ka veebip\u00f5hiseid n\u00f5ustamisseansse, mis v\u00f5imaldavad saada tuge olenemata asukohast. Seansid toimuvad turvalises keskkonnas, n\u00e4iteks Zoomi v\u00f5i muu kokkulepitud platvormi kaudu.<\/p>\n<\/div><\/div><\/div>\n\n\n\n<div class=\"wp-block-kadence-pane kt-accordion-pane kt-accordion-pane-22 kt-pane576_41f88a-da\"><h2 class=\"kt-accordion-header-wrap\"><button class=\"kt-blocks-accordion-header kt-acccordion-button-label-show\" type=\"button\"><span class=\"kt-blocks-accordion-title-wrap\"><span class=\"kt-blocks-accordion-title\">Kas teie teenused on konfidentsiaalsed?<\/span><\/span><span class=\"kt-blocks-accordion-icon-trigger\"><\/span><\/button><\/h2><div class=\"kt-accordion-panel kt-accordion-panel-hidden\"><div class=\"kt-accordion-panel-inner\">\n<p>Jah, k\u00f5ik meie teenused on konfidentsiaalsed. N\u00f5ustamissessioonidel r\u00e4\u00e4gitu j\u00e4\u00e4b meie vahele ning me j\u00e4rgime rangelt isikuandmete kaitse ja eetilisi n\u00f5udeid.<\/p>\n<\/div><\/div><\/div>\n\n\n\n<div class=\"wp-block-kadence-pane kt-accordion-pane kt-accordion-pane-24 kt-pane576_b48830-df\"><h2 class=\"kt-accordion-header-wrap\"><button class=\"kt-blocks-accordion-header kt-acccordion-button-label-show\" type=\"button\"><span class=\"kt-blocks-accordion-title-wrap\"><span class=\"kt-blocks-accordion-title\">Kui kaua kestab \u00fcks n\u00f5ustamisseanss?<\/span><\/span><span class=\"kt-blocks-accordion-icon-trigger\"><\/span><\/button><\/h2><div class=\"kt-accordion-panel kt-accordion-panel-hidden\"><div class=\"kt-accordion-panel-inner\">\n<p>Tavaliselt kestab \u00fcks seanss 45 minutit, kuid s\u00f5ltuvalt vajadusest v\u00f5ib see olla ka l\u00fchem v\u00f5i pikem.<\/p>\n<\/div><\/div><\/div>\n\n\n\n<div class=\"wp-block-kadence-pane kt-accordion-pane kt-accordion-pane-30 kt-pane576_a9b516-f2\"><h2 class=\"kt-accordion-header-wrap\"><button class=\"kt-blocks-accordion-header kt-acccordion-button-label-show\" type=\"button\"><span class=\"kt-blocks-accordion-title-wrap\"><span class=\"kt-blocks-accordion-title\">When should I get counselling?<\/span><\/span><span class=\"kt-blocks-accordion-icon-trigger\"><\/span><\/button><\/h2><div class=\"kt-accordion-panel kt-accordion-panel-hidden\"><div class=\"kt-accordion-panel-inner\">\n<p>You can get counselling in all kind of different situations. Whenever you feel like you could use more support or help with your daily life, any kind of mental health problems or even self-development. The more common topics that people come to us with are:<br><br><img loading=\"lazy\" decoding=\"async\" height=\"16\" width=\"16\" alt=\"\u2705\" src=\"https:\/\/static.xx.fbcdn.net\/images\/emoji.php\/v9\/t33\/1\/16\/2705.png\"> Stress<\/p>\n\n\n\n<p><img loading=\"lazy\" decoding=\"async\" height=\"16\" width=\"16\" alt=\"\u2705\" src=\"https:\/\/static.xx.fbcdn.net\/images\/emoji.php\/v9\/t33\/1\/16\/2705.png\"> Loneliness or feeling isolated<\/p>\n\n\n\n<p><img loading=\"lazy\" decoding=\"async\" height=\"16\" width=\"16\" alt=\"\u2705\" src=\"https:\/\/static.xx.fbcdn.net\/images\/emoji.php\/v9\/t33\/1\/16\/2705.png\"> Being depressed, tired or weary of life<\/p>\n\n\n\n<p><img loading=\"lazy\" decoding=\"async\" height=\"16\" width=\"16\" alt=\"\u2705\" src=\"https:\/\/static.xx.fbcdn.net\/images\/emoji.php\/v9\/t33\/1\/16\/2705.png\"> Relationship issues<\/p>\n\n\n\n<p><img loading=\"lazy\" decoding=\"async\" height=\"16\" width=\"16\" alt=\"\u2705\" src=\"https:\/\/static.xx.fbcdn.net\/images\/emoji.php\/v9\/t33\/1\/16\/2705.png\"> Self-esteem issues<\/p>\n\n\n\n<p><img loading=\"lazy\" decoding=\"async\" height=\"16\" width=\"16\" alt=\"\u2705\" src=\"https:\/\/static.xx.fbcdn.net\/images\/emoji.php\/v9\/t33\/1\/16\/2705.png\"> Worrying and anxiety<\/p>\n\n\n\n<p><img loading=\"lazy\" decoding=\"async\" height=\"16\" width=\"16\" alt=\"\u2705\" src=\"https:\/\/static.xx.fbcdn.net\/images\/emoji.php\/v9\/t33\/1\/16\/2705.png\"> Either too intense emotions or emotional numbness<\/p>\n\n\n\n<p><img loading=\"lazy\" decoding=\"async\" height=\"16\" width=\"16\" alt=\"\u2705\" src=\"https:\/\/static.xx.fbcdn.net\/images\/emoji.php\/v9\/t33\/1\/16\/2705.png\"> Difficulties making decisions<\/p>\n\n\n\n<p><img loading=\"lazy\" decoding=\"async\" height=\"16\" width=\"16\" alt=\"\u2705\" src=\"https:\/\/static.xx.fbcdn.net\/images\/emoji.php\/v9\/t33\/1\/16\/2705.png\"> Trouble concentrating<\/p>\n\n\n\n<p><img loading=\"lazy\" decoding=\"async\" height=\"16\" width=\"16\" alt=\"\u2705\" src=\"https:\/\/static.xx.fbcdn.net\/images\/emoji.php\/v9\/t33\/1\/16\/2705.png\"> Coming to terms with changes<\/p>\n\n\n\n<p><img loading=\"lazy\" decoding=\"async\" height=\"16\" width=\"16\" alt=\"\u2705\" src=\"https:\/\/static.xx.fbcdn.net\/images\/emoji.php\/v9\/t33\/1\/16\/2705.png\"> Supporting self-development (studies, work, career, interests)<\/p>\n\n\n\n<p><img loading=\"lazy\" decoding=\"async\" height=\"16\" width=\"16\" alt=\"\u2705\" src=\"https:\/\/static.xx.fbcdn.net\/images\/emoji.php\/v9\/t33\/1\/16\/2705.png\"> Wanting to get to know yourself better<\/p>\n<\/div><\/div><\/div>\n\n\n\n<div class=\"wp-block-kadence-pane kt-accordion-pane kt-accordion-pane-20 kt-pane576_a9d7f5-85\"><h2 class=\"kt-accordion-header-wrap\"><button class=\"kt-blocks-accordion-header kt-acccordion-button-label-show\" type=\"button\"><span class=\"kt-blocks-accordion-title-wrap\"><span class=\"kt-blocks-accordion-title\">Kuidas saan broneerida aja n\u00f5ustaja juurde?<\/span><\/span><span class=\"kt-blocks-accordion-icon-trigger\"><\/span><\/button><\/h2><div class=\"kt-accordion-panel kt-accordion-panel-hidden\"><div class=\"kt-accordion-panel-inner\">\n<p>Aja broneerimiseks saad v\u00f5tta \u00fchendust meiega e-posti v\u00f5i telefoni teel. Samuti saad broneerida veebis <a href=\"https:\/\/app.broneeri.me\/uhenduspunkt\" title=\"meie kodulehe kaudu\">meie kodulehe kaudu<\/a>, valides endale sobiva aja.<\/p>\n<\/div><\/div><\/div>\n\n\n\n<div class=\"wp-block-kadence-pane kt-accordion-pane kt-accordion-pane-27 kt-pane576_8184bd-13\"><h2 class=\"kt-accordion-header-wrap\"><button class=\"kt-blocks-accordion-header kt-acccordion-button-label-show\" type=\"button\"><span class=\"kt-blocks-accordion-title-wrap\"><span class=\"kt-blocks-accordion-title\">Kas ma v\u00f5in tulla n\u00f5ustamisele, kui ma ei ole kindel, mida vajan?<\/span><\/span><span class=\"kt-blocks-accordion-icon-trigger\"><\/span><\/button><\/h2><div class=\"kt-accordion-panel kt-accordion-panel-hidden\"><div class=\"kt-accordion-panel-inner\">\n<p>Absoluutselt! N\u00f5ustaja aitab sul kaardistada sinu olukorra ja vajadused, et leida parim l\u00e4henemine ja tugi. Sel p\u00f5hjusel pakume ka esmast vastuv\u00f5ttu soodushinnaga.<\/p>\n<\/div><\/div><\/div>\n\n\n\n<div class=\"wp-block-kadence-pane kt-accordion-pane kt-accordion-pane-4 kt-pane576_e4816a-42\"><h2 class=\"kt-accordion-header-wrap\"><button class=\"kt-blocks-accordion-header kt-acccordion-button-label-show\" type=\"button\"><span class=\"kt-blocks-accordion-title-wrap\"><span class=\"kt-blocks-accordion-title\">Kas te pakute ps\u00fchhoteraapiat?<\/span><\/span><span class=\"kt-blocks-accordion-icon-trigger\"><\/span><\/button><\/h2><div class=\"kt-accordion-panel kt-accordion-panel-hidden\"><div class=\"kt-accordion-panel-inner\">\n<p>Hetkel me ps\u00fchhoteraapiat ei paku, sest meie spetsialistidel puuduvad vastavad kvalifikatsioonid.<\/p>\n<\/div><\/div><\/div>\n\n\n\n<div class=\"wp-block-kadence-pane kt-accordion-pane kt-accordion-pane-14 kt-pane576_c197e1-02\"><h2 class=\"kt-accordion-header-wrap\"><button class=\"kt-blocks-accordion-header kt-acccordion-button-label-show\" type=\"button\"><span class=\"kt-blocks-accordion-title-wrap\"><span class=\"kt-blocks-accordion-title\">Mis on n\u00f5ustamise ja teraapia vahe?<\/span><\/span><span class=\"kt-blocks-accordion-icon-trigger\"><\/span><\/button><\/h2><div class=\"kt-accordion-panel kt-accordion-panel-hidden\"><div class=\"kt-accordion-panel-inner\">\n<p>N\u00f5ustamine keskendub peamiselt konkreetsete probleemide lahendamisele, eneseanal\u00fc\u00fcsi toetamisele ja praktiliste lahenduste leidmisele. See on enamasti l\u00fchiajaline ja suunatud hetkeolukorra parandamisele.<br><br>Teraapia on s\u00fcgavam protsess, mille eesm\u00e4rk on uurida ja t\u00f6\u00f6tada l\u00e4bi emotsionaalseid, ps\u00fchholoogilisi v\u00f5i k\u00e4itumuslikke mustreid. See v\u00f5ib olla pikemaajaline ja h\u00f5lmab sageli s\u00fcgavamat enesearengut.<\/p>\n<\/div><\/div><\/div>\n\n\n\n<div class=\"wp-block-kadence-pane kt-accordion-pane kt-accordion-pane-15 kt-pane576_0c46b9-45\"><h2 class=\"kt-accordion-header-wrap\"><button class=\"kt-blocks-accordion-header kt-acccordion-button-label-show\" type=\"button\"><span class=\"kt-blocks-accordion-title-wrap\"><span class=\"kt-blocks-accordion-title\">Kellele v\u00f5ib kogemusn\u00f5ustamine kasulik olla?<\/span><\/span><span class=\"kt-blocks-accordion-icon-trigger\"><\/span><\/button><\/h2><div class=\"kt-accordion-panel kt-accordion-panel-hidden\"><div class=\"kt-accordion-panel-inner\">\n<p>Kogemusn\u00f5ustamine v\u00f5ib olla kasulik inimestele, kes seisavad silmitsi keeruliste olukordadega (nt terviseprobleemid, s\u00f5ltuvused, lein, t\u00f6\u00f6kaotus), ning soovivad tuge kelleltki, kes on sarnase olukorra ise l\u00e4bi elanud ja m\u00f5istab nende kogemust.<\/p>\n<\/div><\/div><\/div>\n\n\n\n<div class=\"wp-block-kadence-pane kt-accordion-pane kt-accordion-pane-16 kt-pane576_c0085b-16\"><h2 class=\"kt-accordion-header-wrap\"><button class=\"kt-blocks-accordion-header kt-acccordion-button-label-show\" type=\"button\"><span class=\"kt-blocks-accordion-title-wrap\"><span class=\"kt-blocks-accordion-title\">Mida oodata esimesest n\u00f5ustamisseansist?<\/span><\/span><span class=\"kt-blocks-accordion-icon-trigger\"><\/span><\/button><\/h2><div class=\"kt-accordion-panel kt-accordion-panel-hidden\"><div class=\"kt-accordion-panel-inner\">\n<p>Esimesel kohtumisel r\u00e4\u00e4gitakse sinu olukorrast, vajadustest ja ootustest. N\u00f5ustaja loob turvalise ruumi, kus saad jagada oma m\u00f5tteid ning kaardistatakse v\u00f5imalused edasiseks t\u00f6\u00f6ks. Seansi l\u00f5pus tehakse tavaliselt kokkuv\u00f5te ja lepitakse kokku edasised sammud.<\/p>\n<\/div><\/div><\/div>\n\n\n\n<div class=\"wp-block-kadence-pane kt-accordion-pane kt-accordion-pane-17 kt-pane576_c632ca-aa\"><h2 class=\"kt-accordion-header-wrap\"><button class=\"kt-blocks-accordion-header kt-acccordion-button-label-show\" type=\"button\"><span class=\"kt-blocks-accordion-title-wrap\"><span class=\"kt-blocks-accordion-title\">Kui sageli peaksin n\u00f5ustamisseanssidel k\u00e4ima?<\/span><\/span><span class=\"kt-blocks-accordion-icon-trigger\"><\/span><\/button><\/h2><div class=\"kt-accordion-panel kt-accordion-panel-hidden\"><div class=\"kt-accordion-panel-inner\">\n<p>\u00dcldiselt s\u00f5ltub see m\u00f5lema poole v\u00f5imalustest ja kliendi vajadustest. Esialgse sageduse lepime esimestel kohtumistel kokku ja seda saab jooksvalt reguleerida.<\/p>\n<\/div><\/div><\/div>\n\n\n\n<div class=\"wp-block-kadence-pane kt-accordion-pane kt-accordion-pane-19 kt-pane576_066a17-ff\"><h2 class=\"kt-accordion-header-wrap\"><button class=\"kt-blocks-accordion-header kt-acccordion-button-label-show\" type=\"button\"><span class=\"kt-blocks-accordion-title-wrap\"><span class=\"kt-blocks-accordion-title\">Mis on kogemusn\u00f5ustamine ja kuidas see toimib?<\/span><\/span><span class=\"kt-blocks-accordion-icon-trigger\"><\/span><\/button><\/h2><div class=\"kt-accordion-panel kt-accordion-panel-hidden\"><div class=\"kt-accordion-panel-inner\">\n<p>Kogemusn\u00f5ustamine on tugi- ja n\u00f5ustamisteenus, kus n\u00f5ustaja jagab oma isiklikku kogemust ning pakub emotsionaalset ja praktilist tuge sarnases olukorras inimestele. Kogemusn\u00f5ustamine v\u00f5ib aidata leida lootust, motivatsiooni ja praktilisi lahendusi eluraskustega toimetulekuks.<\/p>\n<\/div><\/div><\/div>\n\n\n\n<div class=\"wp-block-kadence-pane kt-accordion-pane kt-accordion-pane-25 kt-pane576_cbb1c4-ae\"><h2 class=\"kt-accordion-header-wrap\"><button class=\"kt-blocks-accordion-header kt-acccordion-button-label-show\" type=\"button\"><span class=\"kt-blocks-accordion-title-wrap\"><span class=\"kt-blocks-accordion-title\">Kas n\u00f5ustamine v\u00f5i teraapia sobib mulle, kui mul ei ole diagnoositud vaimse tervise h\u00e4iret?<\/span><\/span><span class=\"kt-blocks-accordion-icon-trigger\"><\/span><\/button><\/h2><div class=\"kt-accordion-panel kt-accordion-panel-hidden\"><div class=\"kt-accordion-panel-inner\">\n<p>Jah! N\u00f5ustamine ja teraapia ei ole ainult neile, kellel on ametlik diagnoos. Need v\u00f5ivad aidata iga\u00fcht, kes tunneb, et vajab emotsionaalset tuge, selgust oma m\u00f5tetes v\u00f5i praktilisi lahendusi elulistele v\u00e4ljakutsetele.<\/p>\n<\/div><\/div><\/div>\n\n\n\n<div class=\"wp-block-kadence-pane kt-accordion-pane kt-accordion-pane-26 kt-pane576_259ca0-84\"><h2 class=\"kt-accordion-header-wrap\"><button class=\"kt-blocks-accordion-header kt-acccordion-button-label-show\" type=\"button\"><span class=\"kt-blocks-accordion-title-wrap\"><span class=\"kt-blocks-accordion-title\">Kas ma saan oma seansi t\u00fchistada v\u00f5i edasi l\u00fckata?<\/span><\/span><span class=\"kt-blocks-accordion-icon-trigger\"><\/span><\/button><\/h2><div class=\"kt-accordion-panel kt-accordion-panel-hidden\"><div class=\"kt-accordion-panel-inner\">\n<p>Jah, kuid palume teatada v\u00e4hemalt 24 tundi enne broneeritud aega. Hilisema t\u00fchistamise korral v\u00f5ib rakenduda t\u00fchistamistasu.<\/p>\n<\/div><\/div><\/div>\n\n\n\n<div class=\"wp-block-kadence-pane kt-accordion-pane kt-accordion-pane-28 kt-pane576_497a12-76\"><h2 class=\"kt-accordion-header-wrap\"><button class=\"kt-blocks-accordion-header kt-acccordion-button-label-show\" type=\"button\"><span class=\"kt-blocks-accordion-title-wrap\"><span class=\"kt-blocks-accordion-title\">Kas ps\u00fchholoog v\u00f5ib mulle ravimeid v\u00e4lja kirjutada?<\/span><\/span><span class=\"kt-blocks-accordion-icon-trigger\"><\/span><\/button><\/h2><div class=\"kt-accordion-panel kt-accordion-panel-hidden\"><div class=\"kt-accordion-panel-inner\">\n<p>Ei, meie n\u00f5ustajad ja ps\u00fchholoogid ei saa m\u00e4\u00e4rata ravimeid. Vaimse tervise spetsialistidest saavad ravimeid v\u00e4lja kirjutada ainult ps\u00fchhiaatrid. Kui arvad, et vajad ravimite osas hindamist, soovitame p\u00f6\u00f6rduda perearsti poole, kes teeb esmase hindamise ning vajadusel konsulteerib ps\u00fchhiaatriga. Lisaks saab p\u00f6\u00f6rduda vaimse tervise \u00f5e poole, kes aitab hinnata vajadust ps\u00fchhiaatri poole p\u00f6\u00f6rdumiseks.<\/p>\n<\/div><\/div><\/div>\n\n\n\n<div class=\"wp-block-kadence-pane kt-accordion-pane kt-accordion-pane-29 kt-pane576_eed6af-a8\"><h2 class=\"kt-accordion-header-wrap\"><button class=\"kt-blocks-accordion-header kt-acccordion-button-label-show\" type=\"button\"><span class=\"kt-blocks-accordion-title-wrap\"><span class=\"kt-blocks-accordion-title\">Kas ma saan n\u00f5ustamise k\u00e4igus ka praktilisi harjutusi ja soovitusi?<\/span><\/span><span class=\"kt-blocks-accordion-icon-trigger\"><\/span><\/button><\/h2><div class=\"kt-accordion-panel kt-accordion-panel-hidden\"><div class=\"kt-accordion-panel-inner\">\n<p>Jah, n\u00f5ustamine on v\u00e4ga v\u00e4ike osa sinu igap\u00e4evaelust. K\u00f5ige parema m\u00f5ju saavutab siis kui saad t\u00f6\u00f6riistu enda kaasa v\u00f5tta &#8211; seega s\u00f5ltuvalt sinu vajadustest v\u00f5ib n\u00f5ustaja pakkuda praktilisi harjutusi, tehnikaid ja soovitusi, mida saad igap\u00e4evaelus rakendada.<\/p>\n<\/div><\/div><\/div>\n<\/div><\/div><\/div>\n\n\n\n<div class=\"wp-block-columns alignfull has-tertiary-background-color has-background is-layout-flex wp-container-core-columns-is-layout-56050deb wp-block-columns-is-layout-flex\" style=\"margin-top:0;margin-bottom:0;padding-top:var(--wp--preset--spacing--40);padding-bottom:var(--wp--preset--spacing--40)\">\n<div class=\"wp-block-column is-layout-flow wp-block-column-is-layout-flow\" style=\"flex-basis:60%\"><\/div>\n<\/div>\n<\/div>\n<\/div>","protected":false},"excerpt":{"rendered":"","protected":false},"author":1,"featured_media":0,"parent":0,"menu_order":0,"comment_status":"closed","ping_status":"closed","template":"","meta":{"_uag_custom_page_level_css":"","_monsterinsights_skip_tracking":false,"_monsterinsights_sitenote_active":false,"_monsterinsights_sitenote_note":"","_monsterinsights_sitenote_category":0,"footnotes":"","_links_to":"","_links_to_target":""},"class_list":["post-576","page","type-page","status-publish","hentry"],"aioseo_notices":[],"uagb_featured_image_src":{"full":false,"thumbnail":false,"medium":false,"medium_large":false,"large":false,"1536x1536":false,"2048x2048":false,"trp-custom-language-flag":false},"uagb_author_info":{"display_name":"admin","author_link":"https:\/\/xn--henduspunkt-shb.ee\/en\/author\/admin\/"},"uagb_comment_info":0,"uagb_excerpt":null,"_links":{"self":[{"href":"https:\/\/xn--henduspunkt-shb.ee\/en\/wp-json\/wp\/v2\/pages\/576","targetHints":{"allow":["GET"]}}],"collection":[{"href":"https:\/\/xn--henduspunkt-shb.ee\/en\/wp-json\/wp\/v2\/pages"}],"about":[{"href":"https:\/\/xn--henduspunkt-shb.ee\/en\/wp-json\/wp\/v2\/types\/page"}],"author":[{"embeddable":true,"href":"https:\/\/xn--henduspunkt-shb.ee\/en\/wp-json\/wp\/v2\/users\/1"}],"replies":[{"embeddable":true,"href":"https:\/\/xn--henduspunkt-shb.ee\/en\/wp-json\/wp\/v2\/comments?post=576"}],"version-history":[{"count":17,"href":"https:\/\/xn--henduspunkt-shb.ee\/en\/wp-json\/wp\/v2\/pages\/576\/revisions"}],"predecessor-version":[{"id":807,"href":"https:\/\/xn--henduspunkt-shb.ee\/en\/wp-json\/wp\/v2\/pages\/576\/revisions\/807"}],"wp:attachment":[{"href":"https:\/\/xn--henduspunkt-shb.ee\/en\/wp-json\/wp\/v2\/media?parent=576"}],"curies":[{"name":"wp","href":"https:\/\/api.w.org\/{rel}","templated":true}]}}