{"id":725,"date":"2025-03-18T17:25:09","date_gmt":"2025-03-18T15:25:09","guid":{"rendered":"https:\/\/xn--henduspunkt-shb.ee\/?page_id=725"},"modified":"2025-04-16T15:23:52","modified_gmt":"2025-04-16T12:23:52","slug":"materjalid","status":"publish","type":"page","link":"https:\/\/xn--henduspunkt-shb.ee\/en\/materjalid\/","title":{"rendered":"Materjalid"},"content":{"rendered":"<div class=\"wp-block-cover alignfull\" style=\"margin-top:0px;margin-bottom:0px;padding-top:0;padding-right:0;padding-bottom:0;padding-left:0;min-height:151px;aspect-ratio:unset;\"><span aria-hidden=\"true\" class=\"wp-block-cover__background has-black-background-color has-background-dim-60 has-background-dim\"><\/span><div class=\"wp-block-cover__inner-container is-layout-flow wp-container-core-cover-is-layout-466f8f34 wp-block-cover-is-layout-flow\">\n<div class=\"wp-block-group has-background has-global-padding is-layout-constrained wp-container-core-group-is-layout-4897f5cc wp-block-group-is-layout-constrained\" style=\"background-color:#ffffff00;margin-top:0;margin-bottom:0;padding-top:0;padding-bottom:0\">\n<div class=\"wp-block-group alignwide has-global-padding is-content-justification-center is-layout-constrained wp-block-group-is-layout-constrained\" style=\"padding-top:var(--wp--preset--spacing--20);padding-bottom:var(--wp--preset--spacing--20)\">\n<h1 class=\"wp-block-heading has-text-align-center has-text-color has-x-large-font-size\" style=\"color:#fffffffc;letter-spacing:2px\">Materjalid<\/h1>\n\n\n\n<p class=\"has-text-align-center has-text-color\" style=\"color:#fffffffc;margin-top:16px\">Soovituslikud raamatud, veebimaterjalid ja artiklid<\/p>\n<\/div>\n<\/div>\n<\/div><\/div>\n\n\n\n<div class=\"wp-block-group alignfull has-global-padding is-layout-constrained wp-container-core-group-is-layout-19c400f2 wp-block-group-is-layout-constrained\" style=\"margin-top:0;margin-bottom:0\">\n<div class=\"wp-block-group alignfull has-tertiary-background-color has-background has-global-padding is-layout-constrained wp-container-core-group-is-layout-254d6575 wp-block-group-is-layout-constrained\" style=\"margin-top:0;margin-bottom:0;padding-top:var(--wp--preset--spacing--60);padding-right:var(--wp--preset--spacing--30);padding-bottom:var(--wp--preset--spacing--60);padding-left:var(--wp--preset--spacing--30)\">\n<ol class=\"wp-block-list\">\n<li>You are the one you&#8217;ve been waiting for &#8211; Richard Schwartz<\/li>\n\n\n\n<li>\u00dcksindusse j\u00e4etud\/Running on Empty &#8211; Jonice Webb<\/li>\n\n\n\n<li>\u00dcksindusest \u00fchendusse\/Running on Empty No More<\/li>\n\n\n\n<li>\u00c4revuse n\u00e4htamatud ahelad<\/li>\n\n\n\n<li>I thought it was just me, but it isn&#8217;t<\/li>\n\n\n\n<li>Atlast of the Heart<\/li>\n\n\n\n<li>Kaass\u00f5ltuvusest vabaks<\/li>\n\n\n\n<li>Kaass\u00f5ltuvus 2 Pia Mellody<\/li>\n\n\n\n<li><\/li>\n<\/ol>\n\n\n\n<p>Integralguide.com<\/p>\n\n\n\n<p>Chatgpt v\u00f5i muud k\u00f5nemudelid.<\/p>\n\n\n\n<p>Peaasja l\u00f5dvestusharjutused https:\/\/peaasi.ee\/lodvestusharjutused\/<\/p>\n\n\n\n<p>Aave Hannuse progressiivsed lihasl\u00f5dvestused: https:\/\/www.peatreener.ee\/triistad<\/p>\n\n\n\n<p>Anni Kuusiku juhendatud meditatsioonid: https:\/\/soundcloud.com\/anni-kuusik\/tracks<\/p>\n\n\n\n<p>Stressi taseme hindamine<\/p>\n\n\n\n<p>\u00c4revuse ja depressiooni tuvastamine<\/p>\n\n\n\n<p>Enesehinnangu k\u00fcsimustikud<\/p>\n\n\n\n<p>Harjutused ja tehnikad:<\/p>\n\n\n\n<p>Peaasja l\u00f5dvestusharjutused https:\/\/peaasi.ee\/lodvestusharjutused\/<\/p>\n\n\n\n<p>Aave Hannuse progressiivsed lihasl\u00f5dvestused: https:\/\/www.peatreener.ee\/triistad<\/p>\n\n\n\n<p>Anni Kuusiku juhendatud meditatsioonid: https:\/\/soundcloud.com\/anni-kuusik\/tracks<\/p>\n\n\n\n<p>Hingamistehnikad<\/p>\n\n\n\n<p>Mindfulness ja t\u00e4helepanu juhtimine<\/p>\n\n\n\n<p>Planeerimisvahendid:<\/p>\n\n\n\n<p>Igap\u00e4evaelu struktuuri loomine<\/p>\n\n\n\n<p>Prioriteetide seadmine ja eesm\u00e4rkide p\u00fcstitamine<\/p>\n\n\n\n<hr class=\"wp-block-separator has-alpha-channel-opacity\"\/>\n\n\n\n<ol start=\"2\" class=\"wp-block-list\">\n<li>Soovituslik kirjandus ja materjalid<\/li>\n<\/ol>\n\n\n\n<p>Raamatud:<\/p>\n\n\n\n<p>Vaimse tervise teemalised populaarteaduslikud ja praktilised k\u00e4siraamatud<\/p>\n\n\n\n<p>Inspiratsioonilood ja elulood<\/p>\n\n\n\n<p>Artiklid ja blogipostitused:<\/p>\n\n\n\n<p>\u00c4revuse ja stressi leevendamine<\/p>\n\n\n\n<p>Suhete ja suhtlemisoskuste parandamine<\/p>\n\n\n\n<p>Igap\u00e4evase vaimse tervise s\u00e4ilitamine<\/p>\n\n\n\n<p>Online-ressursid:<\/p>\n\n\n\n<p>Eesti ja rahvusvahelised veebilehed<\/p>\n\n\n\n<p>Vaimse tervise \u00e4pid ja t\u00f6\u00f6riistad<\/p>\n\n\n\n<hr class=\"wp-block-separator has-alpha-channel-opacity\"\/>\n\n\n\n<ol start=\"3\" class=\"wp-block-list\">\n<li>Tugigrupid ja organisatsioonid<\/li>\n<\/ol>\n\n\n\n<p>Eestis tegutsevad tugigrupid:<\/p>\n\n\n\n<p>\u00c4revuse ja depressiooniga toimetuleku grupid<\/p>\n\n\n\n<p>L\u00e4hedaste toetamise grupid<\/p>\n\n\n\n<p>Elumuutuste ja kriiside grupid<\/p>\n\n\n\n<p>Organisatsioonid:<\/p>\n\n\n\n<p>MT\u00dc-d ja vaimse tervise keskused<\/p>\n\n\n\n<p>\u00dclikoolide ja t\u00f6\u00f6kohtade tugit\u00f6\u00f6d<\/p>\n\n\n\n<hr class=\"wp-block-separator has-alpha-channel-opacity\"\/>\n\n\n\n<ol start=\"4\" class=\"wp-block-list\">\n<li>Kriisiabi ressursid<\/li>\n<\/ol>\n\n\n\n<p>Kiire abi telefoninumbrid:<\/p>\n\n\n\n<p>H\u00e4irekeskus: 112<\/p>\n\n\n\n<p>Vaimse tervise kriisitelefon: 116 123 (24\/7)<\/p>\n\n\n\n<p>Lasteabi telefon: 116 111<\/p>\n\n\n\n<p>Naiste tugikeskuse kriisitelefon: 1492<\/p>\n\n\n\n<p>Online-kriisiabi:<\/p>\n\n\n\n<p>Peaasi.ee vestlusn\u00f5ustamine<\/p>\n\n\n\n<p>Ohvriabi koduleht<\/p>\n\n\n\n<p>Kriisiabi samm-sammult:<\/p>\n\n\n\n<p>Kuidas reageerida, kui keegi vajab kiiret abi?<\/p>\n\n\n\n<p>Enda kaitsmine kriisiolukorras<\/p>\n\n\n\n<hr class=\"wp-block-separator has-alpha-channel-opacity\"\/>\n\n\n\n<ol start=\"5\" class=\"wp-block-list\">\n<li>Kasulikud \u00e4pid ja veebiplatvormid<\/li>\n<\/ol>\n\n\n\n<p>\u00c4pid:<\/p>\n\n\n\n<p>Calm (l\u00f5dvestus ja meditatsioon)<\/p>\n\n\n\n<p>Headspace (mindfulness harjutused)<\/p>\n\n\n\n<p>Woebot (vestlusrobot vaimse tervise toetuseks)<\/p>\n\n\n\n<p>Veebiplatvormid:<\/p>\n\n\n\n<p>Peaasi.ee<\/p>\n\n\n\n<p>Lahendus.net (vestlusn\u00f5ustamine)<\/p>\n\n\n\n<p>Vaimse tervise online-ressursid Eestis<\/p>\n\n\n\n<hr class=\"wp-block-separator has-alpha-channel-opacity\"\/>\n\n\n\n<ol start=\"6\" class=\"wp-block-list\">\n<li>Perekondadele ja s\u00f5pradele<\/li>\n<\/ol>\n\n\n\n<p>Toetamise juhendid:<\/p>\n\n\n\n<p>Kuidas m\u00e4rgata l\u00e4hedase vaimse tervise murede m\u00e4rke?<\/p>\n\n\n\n<p>Kuidas pakkuda tuge ilma \u00fclekoormamata?<\/p>\n\n\n\n<p>Suhtlemisn\u00f5uanded:<\/p>\n\n\n\n<p>Efektiivse ja empaatilise suhtlemise p\u00f5him\u00f5tted<\/p>\n\n\n\n<p>Konfliktide lahendamine tervislikul viisil<\/p>\n\n\n\n<p>Ressursid vanematele:<\/p>\n\n\n\n<p>Laste ja noorukite vaimse tervise toetamine<\/p>\n\n\n\n<p>Hariduslike erivajadustega laste vanemate juhend<\/p>\n\n\n\n<hr class=\"wp-block-separator has-alpha-channel-opacity\"\/>\n\n\n\n<ol start=\"7\" class=\"wp-block-list\">\n<li>T\u00f6\u00f6kohal ja koolis toetamine<\/li>\n<\/ol>\n\n\n\n<p>T\u00f6\u00f6tajate vaimse tervise toetamine:<\/p>\n\n\n\n<p>Stressiga toimetuleku programmid<\/p>\n\n\n\n<p>T\u00f6\u00f6andjate juhendid vaimse tervise hoidmiseks<\/p>\n\n\n\n<p>\u00d5pilaste toetamine:<\/p>\n\n\n\n<p>Koolips\u00fchholoogide kontaktid<\/p>\n\n\n\n<p>Tugis\u00fcsteemid koolikeskkonnas<\/p>\n\n\n\n<hr class=\"wp-block-separator has-alpha-channel-opacity\"\/>\n\n\n\n<ol start=\"8\" class=\"wp-block-list\">\n<li>Korduma kippuvad k\u00fcsimused (KKK)<\/li>\n<\/ol>\n\n\n\n<p>Millal peaksin otsima professionaalset abi?<\/p>\n\n\n\n<p>Kuidas leida sobivat spetsialisti?<\/p>\n\n\n\n<p>Kas vaimse tervise teenused on kindlustusega kaetud?<\/p>\n\n\n\n<p>Kuidas alustada eneseabi t\u00f6\u00f6riistade kasutamist?<\/p>\n<\/div>\n<\/div>","protected":false},"excerpt":{"rendered":"<p>Integralguide.com Chatgpt v\u00f5i muud k\u00f5nemudelid. Peaasja l\u00f5dvestusharjutused https:\/\/peaasi.ee\/lodvestusharjutused\/ Aave Hannuse progressiivsed lihasl\u00f5dvestused: https:\/\/www.peatreener.ee\/triistad Anni Kuusiku juhendatud meditatsioonid: https:\/\/soundcloud.com\/anni-kuusik\/tracks Stressi taseme hindamine \u00c4revuse ja depressiooni tuvastamine Enesehinnangu k\u00fcsimustikud Harjutused ja tehnikad: Peaasja l\u00f5dvestusharjutused https:\/\/peaasi.ee\/lodvestusharjutused\/ Aave Hannuse progressiivsed lihasl\u00f5dvestused: https:\/\/www.peatreener.ee\/triistad Anni Kuusiku juhendatud meditatsioonid: https:\/\/soundcloud.com\/anni-kuusik\/tracks Hingamistehnikad Mindfulness ja t\u00e4helepanu juhtimine Planeerimisvahendid: Igap\u00e4evaelu struktuuri loomine Prioriteetide seadmine ja [&hellip;]<\/p>\n","protected":false},"author":1,"featured_media":0,"parent":0,"menu_order":0,"comment_status":"closed","ping_status":"closed","template":"no-title","meta":{"_uag_custom_page_level_css":"","_monsterinsights_skip_tracking":false,"_monsterinsights_sitenote_active":false,"_monsterinsights_sitenote_note":"","_monsterinsights_sitenote_category":0,"footnotes":"","_links_to":"","_links_to_target":""},"class_list":["post-725","page","type-page","status-publish","hentry"],"aioseo_notices":[],"uagb_featured_image_src":{"full":false,"thumbnail":false,"medium":false,"medium_large":false,"large":false,"1536x1536":false,"2048x2048":false,"trp-custom-language-flag":false},"uagb_author_info":{"display_name":"admin","author_link":"https:\/\/xn--henduspunkt-shb.ee\/en\/author\/admin\/"},"uagb_comment_info":0,"uagb_excerpt":"Integralguide.com Chatgpt v\u00f5i muud k\u00f5nemudelid. Peaasja l\u00f5dvestusharjutused https:\/\/peaasi.ee\/lodvestusharjutused\/ Aave Hannuse progressiivsed lihasl\u00f5dvestused: https:\/\/www.peatreener.ee\/triistad Anni Kuusiku juhendatud meditatsioonid: https:\/\/soundcloud.com\/anni-kuusik\/tracks Stressi taseme hindamine \u00c4revuse ja depressiooni tuvastamine Enesehinnangu k\u00fcsimustikud Harjutused ja tehnikad: Peaasja l\u00f5dvestusharjutused https:\/\/peaasi.ee\/lodvestusharjutused\/ Aave Hannuse progressiivsed lihasl\u00f5dvestused: https:\/\/www.peatreener.ee\/triistad Anni Kuusiku juhendatud meditatsioonid: https:\/\/soundcloud.com\/anni-kuusik\/tracks Hingamistehnikad Mindfulness ja t\u00e4helepanu juhtimine Planeerimisvahendid: Igap\u00e4evaelu struktuuri loomine Prioriteetide seadmine ja&hellip;","_links":{"self":[{"href":"https:\/\/xn--henduspunkt-shb.ee\/en\/wp-json\/wp\/v2\/pages\/725","targetHints":{"allow":["GET"]}}],"collection":[{"href":"https:\/\/xn--henduspunkt-shb.ee\/en\/wp-json\/wp\/v2\/pages"}],"about":[{"href":"https:\/\/xn--henduspunkt-shb.ee\/en\/wp-json\/wp\/v2\/types\/page"}],"author":[{"embeddable":true,"href":"https:\/\/xn--henduspunkt-shb.ee\/en\/wp-json\/wp\/v2\/users\/1"}],"replies":[{"embeddable":true,"href":"https:\/\/xn--henduspunkt-shb.ee\/en\/wp-json\/wp\/v2\/comments?post=725"}],"version-history":[{"count":5,"href":"https:\/\/xn--henduspunkt-shb.ee\/en\/wp-json\/wp\/v2\/pages\/725\/revisions"}],"predecessor-version":[{"id":740,"href":"https:\/\/xn--henduspunkt-shb.ee\/en\/wp-json\/wp\/v2\/pages\/725\/revisions\/740"}],"wp:attachment":[{"href":"https:\/\/xn--henduspunkt-shb.ee\/en\/wp-json\/wp\/v2\/media?parent=725"}],"curies":[{"name":"wp","href":"https:\/\/api.w.org\/{rel}","templated":true}]}}