{"id":748,"date":"2025-08-07T14:14:19","date_gmt":"2025-08-07T11:14:19","guid":{"rendered":"https:\/\/xn--henduspunkt-shb.ee\/?page_id=748"},"modified":"2025-08-07T14:24:36","modified_gmt":"2025-08-07T11:24:36","slug":"lilian","status":"publish","type":"page","link":"https:\/\/xn--henduspunkt-shb.ee\/en\/lilian\/","title":{"rendered":"Lilian"},"content":{"rendered":"<div class=\"wp-block-group alignfull has-global-padding is-layout-constrained wp-block-group-is-layout-constrained\">\n<div class=\"wp-block-cover alignfull\" style=\"margin-top:0px;margin-bottom:0px;padding-top:0;padding-right:0;padding-bottom:0;padding-left:0;min-height:151px;aspect-ratio:unset;\"><span aria-hidden=\"true\" class=\"wp-block-cover__background has-black-background-color has-background-dim-60 has-background-dim\"><\/span><div class=\"wp-block-cover__inner-container is-layout-flow wp-block-cover-is-layout-flow\">\n<div class=\"wp-block-group has-background has-global-padding is-layout-constrained wp-container-core-group-is-layout-4897f5cc wp-block-group-is-layout-constrained\" style=\"background-color:#ffffff00;margin-top:0;margin-bottom:0;padding-top:0;padding-bottom:0\">\n<div class=\"wp-block-group alignwide has-global-padding is-content-justification-center is-layout-constrained wp-block-group-is-layout-constrained\">\n<h1 class=\"wp-block-heading has-text-align-center has-text-color has-x-large-font-size\" style=\"color:#fffffffc;letter-spacing:2px\">Lilian Vehk<\/h1>\n\n\n\n<p class=\"has-text-align-center has-text-color\" style=\"color:#fffffffc;margin-top:16px\"><\/p>\n<\/div>\n<\/div>\n<\/div><\/div>\n\n\n\n<div class=\"wp-block-group alignfull has-background-background-color has-background has-global-padding is-layout-constrained wp-container-core-group-is-layout-9b19db8b wp-block-group-is-layout-constrained\" style=\"margin-top:0;margin-bottom:0;padding-top:var(--wp--preset--spacing--60);padding-right:var(--wp--preset--spacing--30);padding-bottom:var(--wp--preset--spacing--60);padding-left:var(--wp--preset--spacing--30)\">\n<div class=\"wp-block-columns alignwide is-layout-flex wp-container-core-columns-is-layout-6376d770 wp-block-columns-is-layout-flex\" style=\"margin-top:0;margin-bottom:0;padding-right:0;padding-left:0\">\n<div class=\"wp-block-column is-layout-flow wp-container-core-column-is-layout-10ec649b wp-block-column-is-layout-flow\" style=\"padding-top:var(--wp--preset--spacing--20);padding-bottom:var(--wp--preset--spacing--20);flex-basis:45%\">\n<figure class=\"wp-block-image size-full is-style-default\"><img loading=\"lazy\" decoding=\"async\" width=\"705\" height=\"747\" src=\"https:\/\/xn--henduspunkt-shb.ee\/wp-content\/uploads\/2025\/08\/lilian-e1754565785857.jpg\" alt=\"\" class=\"wp-image-756\" style=\"aspect-ratio:1;object-fit:cover\" srcset=\"https:\/\/xn--henduspunkt-shb.ee\/wp-content\/uploads\/2025\/08\/lilian-e1754565785857.jpg 705w, https:\/\/xn--henduspunkt-shb.ee\/wp-content\/uploads\/2025\/08\/lilian-e1754565785857-283x300.jpg 283w, https:\/\/xn--henduspunkt-shb.ee\/wp-content\/uploads\/2025\/08\/lilian-e1754565785857-11x12.jpg 11w\" sizes=\"auto, (max-width: 705px) 100vw, 705px\" \/><figcaption class=\"wp-element-caption\"><a href=\"mailto:lilian@\u00fchenduspunkt.ee\" title=\"\"><strong>lilian@\u00fchenduspunkt.ee<\/strong><\/a><\/figcaption><\/figure>\n<\/div>\n\n\n\n<div class=\"wp-block-column uag-hide-tab uag-hide-mob is-layout-flow wp-block-column-is-layout-flow\" style=\"flex-basis:5%\"><\/div>\n\n\n\n<div class=\"wp-block-column is-layout-flow wp-block-column-is-layout-flow\" style=\"padding-right:0;padding-left:0;flex-basis:65%\">\n<div class=\"wp-block-group has-montserrat-font-family is-layout-flow wp-container-core-group-is-layout-c433d960 wp-block-group-is-layout-flow\" style=\"margin-top:var(--wp--preset--spacing--20);margin-bottom:var(--wp--preset--spacing--20);padding-top:0;padding-bottom:0\">\n<h2 class=\"wp-block-heading has-large-font-size\" style=\"margin-top:0;margin-bottom:0;padding-top:0;padding-right:0;padding-bottom:0;padding-left:0;letter-spacing:2px\"><strong>Psychologist<\/strong><\/h2>\n\n\n\n<div class=\"wp-block-group is-layout-flow wp-container-core-group-is-layout-f9cb6abc wp-block-group-is-layout-flow\" style=\"margin-top:0;margin-bottom:0\">\n<p class=\"has-text-align-left has-montserrat-font-family has-medium-font-size\" style=\"margin-top:0;margin-bottom:0\"><strong>Services:<\/strong> <\/p>\n\n\n\n<p class=\"has-text-align-left\" style=\"padding-right:0;padding-bottom:var(--wp--preset--spacing--40);padding-left:var(--wp--preset--spacing--60)\">Psychological counselling 45 minutes 60\u20ac<\/p>\n\n\n\n<p class=\"has-medium-font-size\"><strong>About me:<\/strong> The world is never just black and white, yet sometimes the other colors may hide from us. I am here to explore the full palette of life together, in all its richness. I believe every person is worthy of care, love, and acceptance. In my work, I value trustful connection, an open mind, and creating a safe space. <\/p>\n\n\n\n<p class=\"has-medium-font-size\" style=\"margin-top:0;padding-top:var(--wp--preset--spacing--20);padding-bottom:0\"><strong>Qualifications <\/strong>BA in Psychology, professional literature, additional training<\/p>\n\n\n\n<p class=\"has-text-color has-link-color has-medium-font-size wp-elements-2d02aba5efde48eea0ba5894a6a4a6ed\" style=\"color:#c2c2c2;margin-top:0;padding-top:0;padding-bottom:var(--wp--preset--spacing--20)\">I have completed training in community mental health, suicidality and supporting suicidal individuals, habit formation, understanding self-harm, ADHD in childhood, selective eating behavior, sexual health education, and various other psychology and sexual health courses and conferences.<\/p>\n\n\n\n<p class=\"has-medium-font-size\" style=\"margin-top:8px\"><strong>Experience:<\/strong> I have the most experience working with children and adolescents. Currently, I\u2019m supporting children and adolescents at a psychiatric clinic and volunteering as a counselor at Lahendus.net. <\/p>\n\n\n\n<p><\/p>\n\n\n\n<p class=\"has-medium-font-size\" style=\"margin-top:8px\"><strong>Points of connection:<\/strong> Nature, challenges, warm cup of tea<\/p>\n<\/div>\n<\/div>\n<\/div>\n<\/div>\n<\/div>\n<\/div>","protected":false},"excerpt":{"rendered":"<p>Ps\u00fchholoog Teenused: Ps\u00fchholoogiline n\u00f5ustamine 45 minutit 60\u20ac Minust: Maailm pole kunagi must-valge, kuid vahel v\u00f5ivad muud v\u00e4rvid meie eest peitu j\u00e4\u00e4da. Olen heameelega olemas, et avastada koos tervet elupaletti tema v\u00e4rvikirevuses. Usun, et iga inimene on v\u00e4\u00e4rt hoolt, armastust ja aktsepteerimist. Oma t\u00f6\u00f6s pean oluliseks usalduslikku kontakti, avatud meelt ja turvalise ruumi loomist. Haridus: Ps\u00fchholoogia [&hellip;]<\/p>\n","protected":false},"author":1,"featured_media":0,"parent":0,"menu_order":0,"comment_status":"closed","ping_status":"closed","template":"","meta":{"_uag_custom_page_level_css":"","_monsterinsights_skip_tracking":false,"_monsterinsights_sitenote_active":false,"_monsterinsights_sitenote_note":"","_monsterinsights_sitenote_category":0,"footnotes":"","_links_to":"","_links_to_target":""},"class_list":["post-748","page","type-page","status-publish","hentry"],"aioseo_notices":[],"uagb_featured_image_src":{"full":false,"thumbnail":false,"medium":false,"medium_large":false,"large":false,"1536x1536":false,"2048x2048":false,"trp-custom-language-flag":false},"uagb_author_info":{"display_name":"admin","author_link":"https:\/\/xn--henduspunkt-shb.ee\/en\/author\/admin\/"},"uagb_comment_info":0,"uagb_excerpt":"Ps\u00fchholoog Teenused: Ps\u00fchholoogiline n\u00f5ustamine 45 minutit 60\u20ac Minust: Maailm pole kunagi must-valge, kuid vahel v\u00f5ivad muud v\u00e4rvid meie eest peitu j\u00e4\u00e4da. Olen heameelega olemas, et avastada koos tervet elupaletti tema v\u00e4rvikirevuses. Usun, et iga inimene on v\u00e4\u00e4rt hoolt, armastust ja aktsepteerimist. Oma t\u00f6\u00f6s pean oluliseks usalduslikku kontakti, avatud meelt ja turvalise ruumi loomist. Haridus: Ps\u00fchholoogia&hellip;","_links":{"self":[{"href":"https:\/\/xn--henduspunkt-shb.ee\/en\/wp-json\/wp\/v2\/pages\/748","targetHints":{"allow":["GET"]}}],"collection":[{"href":"https:\/\/xn--henduspunkt-shb.ee\/en\/wp-json\/wp\/v2\/pages"}],"about":[{"href":"https:\/\/xn--henduspunkt-shb.ee\/en\/wp-json\/wp\/v2\/types\/page"}],"author":[{"embeddable":true,"href":"https:\/\/xn--henduspunkt-shb.ee\/en\/wp-json\/wp\/v2\/users\/1"}],"replies":[{"embeddable":true,"href":"https:\/\/xn--henduspunkt-shb.ee\/en\/wp-json\/wp\/v2\/comments?post=748"}],"version-history":[{"count":4,"href":"https:\/\/xn--henduspunkt-shb.ee\/en\/wp-json\/wp\/v2\/pages\/748\/revisions"}],"predecessor-version":[{"id":758,"href":"https:\/\/xn--henduspunkt-shb.ee\/en\/wp-json\/wp\/v2\/pages\/748\/revisions\/758"}],"wp:attachment":[{"href":"https:\/\/xn--henduspunkt-shb.ee\/en\/wp-json\/wp\/v2\/media?parent=748"}],"curies":[{"name":"wp","href":"https:\/\/api.w.org\/{rel}","templated":true}]}}